{"id":13145,"date":"2020-04-05T04:05:37","date_gmt":"2020-04-05T02:05:37","guid":{"rendered":"https:\/\/macchiaverde-bio.shop\/shop\/olivenolje-gaveeske-1\/"},"modified":"2024-06-22T12:05:57","modified_gmt":"2024-06-22T10:05:57","slug":"gaveeske-med-olivenolje-1","status":"publish","type":"product","link":"https:\/\/macchiaverde-bio.shop\/no\/produkt\/gaveeske-med-olivenolje-1\/","title":{"rendered":"Olivenolje gaveeske 1"},"content":{"rendered":"","protected":false},"excerpt":{"rendered":"<p><strong>&#8211; Olivenolje gavepakke &#8211;<\/strong><br \/>\nDenne gourmetgavepakken er en hit blant gaver til den kresne.<\/p>\n<p>Det inneholder:<br \/>\nEn 500 ml flaske Smeraldo, en rik, fyldig gr\u00f8nn olje av h\u00f8yeste kvalitet, presset av 100 % Coratina-oliven. Den har deltatt \u00e5r etter \u00e5r i alle nasjonale og internasjonale konkurranser, vunnet gullmedaljer i kategorien &laquo;Full Fruity&raquo; og er i forkant av internasjonal olivenoljeproduksjon med sine polyfenoler p\u00e5 1081 mg\/kg (2021\/2022-h\u00f8st).<\/p>\n<p>Filippo Cea&raquo; mandler, kongen av mandler n\u00e5r det gjelder smak og ingredienser (takket v\u00e6re kalsium, magnesium, kalium og vitamin E og B-innhold),<\/p>\n<p>og v\u00e5re gigantiske oliven fylt i saltlake i v\u00e5r olivenolje.<\/p>\n","protected":false},"featured_media":12505,"comment_status":"open","ping_status":"closed","template":"","meta":[],"product_brand":[],"product_cat":[1094,1057],"product_tag":[1095,1063,1065,1061],"class_list":{"0":"post-13145","1":"product","2":"type-product","3":"status-publish","4":"has-post-thumbnail","6":"product_cat-gaveesker","7":"product_cat-olivenoljeflasker","8":"product_tag-by-paa","9":"product_tag-fruktig","10":"product_tag-intensiv-no","11":"product_tag-olivenoel-no","13":"first","14":"instock","15":"taxable","16":"shipping-taxable","17":"purchasable","18":"product-type-simple"},"_links":{"self":[{"href":"https:\/\/macchiaverde-bio.shop\/no\/wp-json\/wp\/v2\/product\/13145","targetHints":{"allow":["GET"]}}],"collection":[{"href":"https:\/\/macchiaverde-bio.shop\/no\/wp-json\/wp\/v2\/product"}],"about":[{"href":"https:\/\/macchiaverde-bio.shop\/no\/wp-json\/wp\/v2\/types\/product"}],"replies":[{"embeddable":true,"href":"https:\/\/macchiaverde-bio.shop\/no\/wp-json\/wp\/v2\/comments?post=13145"}],"wp:featuredmedia":[{"embeddable":true,"href":"https:\/\/macchiaverde-bio.shop\/no\/wp-json\/wp\/v2\/media\/12505"}],"wp:attachment":[{"href":"https:\/\/macchiaverde-bio.shop\/no\/wp-json\/wp\/v2\/media?parent=13145"}],"wp:term":[{"taxonomy":"product_brand","embeddable":true,"href":"https:\/\/macchiaverde-bio.shop\/no\/wp-json\/wp\/v2\/product_brand?post=13145"},{"taxonomy":"product_cat","embeddable":true,"href":"https:\/\/macchiaverde-bio.shop\/no\/wp-json\/wp\/v2\/product_cat?post=13145"},{"taxonomy":"product_tag","embeddable":true,"href":"https:\/\/macchiaverde-bio.shop\/no\/wp-json\/wp\/v2\/product_tag?post=13145"}],"curies":[{"name":"wp","href":"https:\/\/api.w.org\/{rel}","templated":true}]}}