{"id":13137,"date":"2019-12-09T18:40:29","date_gmt":"2019-12-09T17:40:29","guid":{"rendered":"https:\/\/macchiaverde-bio.shop\/shop\/oekologisk-olivenolje-leliodoro-flasker-3-x-500-ml\/"},"modified":"2024-06-22T12:07:58","modified_gmt":"2024-06-22T10:07:58","slug":"oekologisk-olivenolje-leliodoro-flasker-3-x-500-ml","status":"publish","type":"product","link":"https:\/\/macchiaverde-bio.shop\/no\/produkt\/oekologisk-olivenolje-leliodoro-flasker-3-x-500-ml\/","title":{"rendered":"\u00d8kologisk olivenolje &#8211; L&#8217;Eliodoro &#8211; Flasker 3 x 500 ml"},"content":{"rendered":"","protected":false},"excerpt":{"rendered":"<p>EKSTRA VIRGIN OLIVEOLJE<br \/>\n&#8211; KALDTPRESSET &#8211;<br \/>\n<strong>&#8211; 3 flasker kartong &#8211;<\/strong><br \/>\nH\u00f8ykvalitets olivenolje av den ekstra klassen, som er hentet direkte fra v\u00e5re oliven og kun i en mekanisk prosess. V\u00e5r EXTRA VIRGIN MACCHIA VERDE BIO olivenolje er et h\u00e5ndverksprodukt laget av frukten av tradisjon, lidenskap og kj\u00e6rlighet til landet. Den er utelukkende hentet fra \u00f8kologiske oliven for \u00e5 beskytte naturen og milj\u00f8et og kontrolleres n\u00f8ye i hvert produksjonsstadium.<\/p>\n","protected":false},"featured_media":13366,"comment_status":"open","ping_status":"closed","template":"","meta":[],"product_brand":[],"product_cat":[1057],"product_tag":[1063,1065,1061],"class_list":{"0":"post-13137","1":"product","2":"type-product","3":"status-publish","4":"has-post-thumbnail","6":"product_cat-olivenoljeflasker","7":"product_tag-fruktig","8":"product_tag-intensiv-no","9":"product_tag-olivenoel-no","11":"first","12":"instock","13":"taxable","14":"shipping-taxable","15":"purchasable","16":"product-type-simple"},"_links":{"self":[{"href":"https:\/\/macchiaverde-bio.shop\/no\/wp-json\/wp\/v2\/product\/13137","targetHints":{"allow":["GET"]}}],"collection":[{"href":"https:\/\/macchiaverde-bio.shop\/no\/wp-json\/wp\/v2\/product"}],"about":[{"href":"https:\/\/macchiaverde-bio.shop\/no\/wp-json\/wp\/v2\/types\/product"}],"replies":[{"embeddable":true,"href":"https:\/\/macchiaverde-bio.shop\/no\/wp-json\/wp\/v2\/comments?post=13137"}],"wp:featuredmedia":[{"embeddable":true,"href":"https:\/\/macchiaverde-bio.shop\/no\/wp-json\/wp\/v2\/media\/13366"}],"wp:attachment":[{"href":"https:\/\/macchiaverde-bio.shop\/no\/wp-json\/wp\/v2\/media?parent=13137"}],"wp:term":[{"taxonomy":"product_brand","embeddable":true,"href":"https:\/\/macchiaverde-bio.shop\/no\/wp-json\/wp\/v2\/product_brand?post=13137"},{"taxonomy":"product_cat","embeddable":true,"href":"https:\/\/macchiaverde-bio.shop\/no\/wp-json\/wp\/v2\/product_cat?post=13137"},{"taxonomy":"product_tag","embeddable":true,"href":"https:\/\/macchiaverde-bio.shop\/no\/wp-json\/wp\/v2\/product_tag?post=13137"}],"curies":[{"name":"wp","href":"https:\/\/api.w.org\/{rel}","templated":true}]}}