{"id":13136,"date":"2020-04-29T00:57:50","date_gmt":"2020-04-28T22:57:50","guid":{"rendered":"https:\/\/macchiaverde-bio.shop\/shop\/oekologisk-olivenolje-lo-smeraldo-leliodoro-pose-i-boks-2-x-5-l\/"},"modified":"2024-06-22T12:05:36","modified_gmt":"2024-06-22T10:05:36","slug":"organisk-oliven-olje-lo-smeraldo-leliodoro-pose-in-box-2-x-5-l","status":"publish","type":"product","link":"https:\/\/macchiaverde-bio.shop\/no\/produkt\/organisk-oliven-olje-lo-smeraldo-leliodoro-pose-in-box-2-x-5-l\/","title":{"rendered":"\u00d8kologisk olivenolje &#8211; Lo Smeraldo + L&#8217;Eliodoro &#8211; Pose i boks 2 x 5 L"},"content":{"rendered":"","protected":false},"excerpt":{"rendered":"<p><strong>\u00d8kologisk olivenolje: Smeraldo + Eliodoro &#8211; 2 x 5 liters pose i boks &#8211;<\/strong><\/p>\n<p>Lo Smeraldo er en premium, rik og fyldig gr\u00f8nn olje presset av 100 % Coratina-oliven. Den har deltatt i alle nasjonale og internasjonale konkurranser \u00e5r etter \u00e5r og har blitt tildelt flere platinapriser i kategorien &laquo;full fruktig&raquo;. Med <strong>1246 mg\/kg<\/strong> polyfenoler er den en av de ledende internasjonale olivenoljene. Eliodoro er en balansert, gylden-gul olje av h\u00f8yeste kvalitet, hentet fra 70 prosent Coratina og 30 prosent Ogliarola oliven. Den har blitt tildelt s\u00f8lvmedaljer i kategorien \u00abmiddels fruktig\u00bb ved nasjonale og internasjonale konkurranser og er p\u00e5 topp i denne kategorien med 714 mg\/kg polyfenoler.<\/p>\n","protected":false},"featured_media":13234,"comment_status":"closed","ping_status":"closed","template":"","meta":[],"product_brand":[],"product_cat":[1087,1088],"product_tag":[1063,1061],"class_list":{"0":"post-13136","1":"product","2":"type-product","3":"status-publish","4":"has-post-thumbnail","6":"product_cat-olivenoljepose-bag-in-box","7":"product_cat-spesialtilbud","8":"product_tag-fruktig","9":"product_tag-olivenoel-no","11":"first","12":"instock","13":"taxable","14":"shipping-taxable","15":"purchasable","16":"product-type-simple"},"_links":{"self":[{"href":"https:\/\/macchiaverde-bio.shop\/no\/wp-json\/wp\/v2\/product\/13136","targetHints":{"allow":["GET"]}}],"collection":[{"href":"https:\/\/macchiaverde-bio.shop\/no\/wp-json\/wp\/v2\/product"}],"about":[{"href":"https:\/\/macchiaverde-bio.shop\/no\/wp-json\/wp\/v2\/types\/product"}],"replies":[{"embeddable":true,"href":"https:\/\/macchiaverde-bio.shop\/no\/wp-json\/wp\/v2\/comments?post=13136"}],"wp:featuredmedia":[{"embeddable":true,"href":"https:\/\/macchiaverde-bio.shop\/no\/wp-json\/wp\/v2\/media\/13234"}],"wp:attachment":[{"href":"https:\/\/macchiaverde-bio.shop\/no\/wp-json\/wp\/v2\/media?parent=13136"}],"wp:term":[{"taxonomy":"product_brand","embeddable":true,"href":"https:\/\/macchiaverde-bio.shop\/no\/wp-json\/wp\/v2\/product_brand?post=13136"},{"taxonomy":"product_cat","embeddable":true,"href":"https:\/\/macchiaverde-bio.shop\/no\/wp-json\/wp\/v2\/product_cat?post=13136"},{"taxonomy":"product_tag","embeddable":true,"href":"https:\/\/macchiaverde-bio.shop\/no\/wp-json\/wp\/v2\/product_tag?post=13136"}],"curies":[{"name":"wp","href":"https:\/\/api.w.org\/{rel}","templated":true}]}}