{"id":13000,"date":"2015-03-08T22:24:30","date_gmt":"2015-03-08T21:24:30","guid":{"rendered":"https:\/\/macchiaverde-bio.shop\/shop\/oekologisk-olivenolje-lo-smeraldo-flasker-3-x-500-ml\/"},"modified":"2026-02-09T23:08:57","modified_gmt":"2026-02-09T22:08:57","slug":"oekologisk-olivenolje-lo-smeraldo-flasker-3-x-500-ml","status":"publish","type":"product","link":"https:\/\/macchiaverde-bio.shop\/no\/produkt\/oekologisk-olivenolje-lo-smeraldo-flasker-3-x-500-ml\/","title":{"rendered":"\u00d8kologisk olivenolje &#8211; Lo Smeraldo &#8211; Flasker 3 x 500 ml"},"content":{"rendered":"","protected":false},"excerpt":{"rendered":"<p>EKSTRA VIRGIN OLIVEOLJE<br \/>\n&#8211; KALDTPRESSET &#8211;<br \/>\n<strong>&#8211; 3 flasker kartong &#8211;<\/strong><\/p>\n<p id=\"tw-target-text\" class=\"tw-data-text tw-text-large tw-ta\" dir=\"ltr\" data-placeholder=\"\u00dcbersetzung\"><span lang=\"de\">Smeraldo (The Emerald) er en frodig gr\u00f8nn og fyldig olivenolje av h\u00f8yeste kvalitet, den er presset av 100% Coratina oliven. \u00c5r etter \u00e5r har den deltatt i alle nasjonale og internasjonale konkurranser og har blitt tildelt en <strong>platinamedalje<\/strong> i kategorien <strong>&laquo;Full Fruity&raquo;<\/strong> .<br \/>\n<\/span><\/p>\n<p class=\"tw-data-text tw-text-large tw-ta\" dir=\"ltr\" data-placeholder=\"\u00dcbersetzung\"><span lang=\"de\">P\u00e5 grunn av den eksklusive bruken av <strong>Coratina-oliven<\/strong> , er Smeraldo preget av sitt ekstremt <strong>h\u00f8ye<\/strong> <strong>polyfenolinnhold<\/strong> . Spesielt det h\u00f8ye polyfenolinnholdet gir oljen fra Coratina en <strong>intens, fruktig, frisk<\/strong> smak. Lukten av oliven er klar og umiskjennelig, det er tydelige toner av r\u00e5 frukt etter smak og hint av friske gr\u00f8nne mandler.<\/span><\/p>\n<p dir=\"ltr\" data-placeholder=\"\u00dcbersetzung\">Smeraldo er ideell for <strong>pizza<\/strong> og <strong>pastaretter<\/strong> , samt focaccia, <strong>biff<\/strong> og <strong>grillretter<\/strong> . Den er ogs\u00e5 den ideelle olivenolje for <strong>\u00e5 lage grillmarinade<\/strong> og sylteagurk, fordi det maksimale innholdet av polyfenoler gj\u00f8r at den trenger dypt inn i kj\u00f8ttet og transporterer aromaene til krydderne.<\/p>\n","protected":false},"featured_media":13355,"comment_status":"open","ping_status":"closed","template":"","meta":[],"product_brand":[],"product_cat":[1057],"product_tag":[1063,1065,1061],"class_list":{"0":"post-13000","1":"product","2":"type-product","3":"status-publish","4":"has-post-thumbnail","6":"product_cat-olivenoljeflasker","7":"product_tag-fruktig","8":"product_tag-intensiv-no","9":"product_tag-olivenoel-no","11":"first","12":"instock","13":"taxable","14":"shipping-taxable","15":"purchasable","16":"product-type-simple"},"_links":{"self":[{"href":"https:\/\/macchiaverde-bio.shop\/no\/wp-json\/wp\/v2\/product\/13000","targetHints":{"allow":["GET"]}}],"collection":[{"href":"https:\/\/macchiaverde-bio.shop\/no\/wp-json\/wp\/v2\/product"}],"about":[{"href":"https:\/\/macchiaverde-bio.shop\/no\/wp-json\/wp\/v2\/types\/product"}],"replies":[{"embeddable":true,"href":"https:\/\/macchiaverde-bio.shop\/no\/wp-json\/wp\/v2\/comments?post=13000"}],"wp:featuredmedia":[{"embeddable":true,"href":"https:\/\/macchiaverde-bio.shop\/no\/wp-json\/wp\/v2\/media\/13355"}],"wp:attachment":[{"href":"https:\/\/macchiaverde-bio.shop\/no\/wp-json\/wp\/v2\/media?parent=13000"}],"wp:term":[{"taxonomy":"product_brand","embeddable":true,"href":"https:\/\/macchiaverde-bio.shop\/no\/wp-json\/wp\/v2\/product_brand?post=13000"},{"taxonomy":"product_cat","embeddable":true,"href":"https:\/\/macchiaverde-bio.shop\/no\/wp-json\/wp\/v2\/product_cat?post=13000"},{"taxonomy":"product_tag","embeddable":true,"href":"https:\/\/macchiaverde-bio.shop\/no\/wp-json\/wp\/v2\/product_tag?post=13000"}],"curies":[{"name":"wp","href":"https:\/\/api.w.org\/{rel}","templated":true}]}}