{"id":13121,"date":"2019-08-21T19:34:58","date_gmt":"2019-08-21T17:34:58","guid":{"rendered":"https:\/\/macchiaverde-bio.shop\/betalingsmetoder\/"},"modified":"2024-01-11T18:52:07","modified_gmt":"2024-01-11T17:52:07","slug":"betalingsmetoder","status":"publish","type":"page","link":"https:\/\/macchiaverde-bio.shop\/no\/betalingsmetoder\/","title":{"rendered":"Betalingsmetoder"},"content":{"rendered":"\n<div class=\"container section-title-container\" ><h1 class=\"section-title section-title-normal\"><b aria-hidden=\"true\"><\/b><span class=\"section-title-main\" >betalingsalternativer<\/span><b aria-hidden=\"true\"><\/b><\/h1><\/div>\n\n<section class=\"av_textblock_section\">\n<div class=\"avia_textblock\">\n<p>Det er veldig enkelt \u00e5 bestille i v\u00e5r nettbutikk for olivenolje. <br>Uansett om det er p\u00e5 den mobile enheten eller med en PC!<br>Med et stort utvalg av de vanligste betalingsmetodene kan du enkelt behandle dem p\u00e5 v\u00e5r plattform.<\/p>\n<\/div>\n<\/section>\n<section class=\"av_textblock_section\">\n<div class=\"avia_textblock\">\n<h3>PayPal<\/h3>\n<p>Bruk <strong>PayPal-<\/strong> kontoen din og bestill s\u00e5 praktisk som vanlig.<\/p>\n<h3>Kredittkort<strong><br><\/strong><\/h3>\n<p><strong>Mastercard, Visa, American Express<\/strong> st\u00e5r til din disposisjon.<br>V\u00e6r oppmerksom p\u00e5 at du kanskje trenger tilgangspassordet for kredittkortet ditt <br>(Verifisert av Visa eller MasterCard 3D-Secured).<\/p>\n<h3>Giropay<\/h3>\n<p>Du starter betalingen direkte via nettilgang i <strong>nettbank<\/strong> .<\/p>\n<\/div>\n<\/section>\n\t<div class=\"img has-hover x md-x lg-x y md-y lg-y\" id=\"image_1450066335\">\n\t\t\t\t\t\t\t\t<div class=\"img-inner dark\" >\n\t\t\t<img loading=\"lazy\" decoding=\"async\" width=\"920\" height=\"90\" src=\"https:\/\/macchiaverde-bio.shop\/wp-content\/uploads\/2022\/03\/olivenoel-zahlungsmethoden.webp\" class=\"attachment-large size-large\" alt=\"\" srcset=\"https:\/\/macchiaverde-bio.shop\/wp-content\/uploads\/2022\/03\/olivenoel-zahlungsmethoden.webp 920w, https:\/\/macchiaverde-bio.shop\/wp-content\/uploads\/2022\/03\/olivenoel-zahlungsmethoden-800x78.webp 800w, https:\/\/macchiaverde-bio.shop\/wp-content\/uploads\/2022\/03\/olivenoel-zahlungsmethoden-768x75.webp 768w, https:\/\/macchiaverde-bio.shop\/wp-content\/uploads\/2022\/03\/olivenoel-zahlungsmethoden-510x50.webp 510w\" sizes=\"auto, (max-width: 920px) 100vw, 920px\" \/>\t\t\t\t\t\t\n\t\t\t\t\t<\/div>\n\t\t\t\t\t\t\t\t\n<style>\n#image_1450066335 {\n  width: 100%;\n}\n<\/style>\n\t<\/div>\n\t\n\n\n","protected":false},"excerpt":{"rendered":"","protected":false},"author":1,"featured_media":0,"parent":0,"menu_order":11,"comment_status":"closed","ping_status":"closed","template":"","meta":{"footnotes":""},"class_list":["post-13121","page","type-page","status-publish","hentry"],"_links":{"self":[{"href":"https:\/\/macchiaverde-bio.shop\/no\/wp-json\/wp\/v2\/pages\/13121","targetHints":{"allow":["GET"]}}],"collection":[{"href":"https:\/\/macchiaverde-bio.shop\/no\/wp-json\/wp\/v2\/pages"}],"about":[{"href":"https:\/\/macchiaverde-bio.shop\/no\/wp-json\/wp\/v2\/types\/page"}],"author":[{"embeddable":true,"href":"https:\/\/macchiaverde-bio.shop\/no\/wp-json\/wp\/v2\/users\/1"}],"replies":[{"embeddable":true,"href":"https:\/\/macchiaverde-bio.shop\/no\/wp-json\/wp\/v2\/comments?post=13121"}],"version-history":[{"count":0,"href":"https:\/\/macchiaverde-bio.shop\/no\/wp-json\/wp\/v2\/pages\/13121\/revisions"}],"wp:attachment":[{"href":"https:\/\/macchiaverde-bio.shop\/no\/wp-json\/wp\/v2\/media?parent=13121"}],"curies":[{"name":"wp","href":"https:\/\/api.w.org\/{rel}","templated":true}]}}