{"id":13083,"date":"2019-08-21T19:34:58","date_gmt":"2019-08-21T17:34:58","guid":{"rendered":"https:\/\/macchiaverde-bio.shop\/forsendelsesmetoder\/"},"modified":"2024-01-11T18:51:53","modified_gmt":"2024-01-11T17:51:53","slug":"forsendelsesmetoder","status":"publish","type":"page","link":"https:\/\/macchiaverde-bio.shop\/no\/forsendelsesmetoder\/","title":{"rendered":"Forsendelsesmetoder"},"content":{"rendered":"\n<div class=\"container section-title-container\" ><h1 class=\"section-title section-title-normal\"><b aria-hidden=\"true\"><\/b><span class=\"section-title-main\" >forsendelsesmetoder<\/span><b aria-hidden=\"true\"><\/b><\/h1><\/div>\n\n<p> <\/p>\n<h3><span style=\"color: #555555;\"><span style=\"caret-color: #555555;\">Bestillinger National<br><\/span><\/span><\/h3>\n<p>Vi <strong>belaster ikke fraktkostnader<\/strong> for alle bestillinger p\u00e5 macchiaverde-bio.shop i <strong>Tyskland<\/strong> og <strong>\u00d8sterrike<\/strong> . <br>Dette gjelder alle forsendelser med totalvekt inntil 16,5 kg. <br>Din olivenoljebestilling vil bli sendt direkte fra Italia med ulike kurerer.<\/p>\n<p> <\/p>\n<h3><span style=\"color: #555555;\"><span style=\"caret-color: #555555;\">Internasjonale bestillinger<br><\/span><\/span><\/h3>\n<p>Vi leverer\/sender til f\u00f8lgende land:<\/p>\n<div class=\"row row-small\" style=\"max-width:75%\" id=\"row-239742844\">\n\n\n\t<div id=\"col-314110536\" class=\"col medium-3 small-12 large-3\"  >\n\t\t\t\t<div class=\"col-inner\"  >\n\t\t\t\n\t\t\t\n\n<ul>\n<li class=\"av-special-heading-tag\">Belgia<\/li>\n<li>Danmark<\/li>\n<li>England<\/li>\n<li>Finland<\/li>\n<li>Frankrike<\/li>\n<li class=\"av-special-heading-tag\">Liechtenstein<\/li>\n<\/ul>\n\n\t\t<\/div>\n\t\t\t\t\t<\/div>\n\n\t\n\n\t<div id=\"col-153042408\" class=\"col medium-3 small-12 large-3\"  >\n\t\t\t\t<div class=\"col-inner\"  >\n\t\t\t\n\t\t\t\n\n<ul>\n<li class=\"av-special-heading-tag\">Luxembourg<\/li>\n<li class=\"av-special-heading-tag\">Nederland<\/li>\n<li>Norge<\/li>\n<li class=\"av-special-heading-tag\">Polen<\/li>\n<li>Sverige<\/li>\n<\/ul>\n\n\t\t<\/div>\n\t\t\t\t\t<\/div>\n\n\t\n\n\t<div id=\"col-1255589722\" class=\"col medium-3 small-12 large-3\"  >\n\t\t\t\t<div class=\"col-inner\"  >\n\t\t\t\n\t\t\t\n\n<ul>\n<li class=\"av-special-heading-tag\">Sveits<\/li>\n<li class=\"av-special-heading-tag\">Slovakia<\/li>\n<li class=\"av-special-heading-tag\">Slovenia<\/li>\n<li class=\"av-special-heading-tag\">Tsjekkisk Republikk<\/li>\n<li class=\"av-special-heading-tag\">Ungarn<\/li>\n<\/ul>\n\n\t\t<\/div>\n\t\t\t\t\t<\/div>\n\n\t\n\n<\/div>\n<h3>Internasjonale fraktkostnader<\/h3>\n<p>P\u00e5 grunn av de h\u00f8yere fraktkostnadene krever vi et fraktgebyr p\u00e5 EUR 14,90.<\/p>\n<div class=\"is-divider divider clearfix\" style=\"max-width:100%;height:1px;\"><\/div>\n\n<h3 class=\"av-special-heading-tag\">V\u00e5re fraktpartnere<\/h3>\n<div class=\"row align-middle align-center\"  id=\"row-403023109\">\n\n\n\t<div id=\"col-1293766272\" class=\"col medium-3 small-6 large-3\"  >\n\t\t\t\t<div class=\"col-inner\"  >\n\t\t\t\n\t\t\t\n\n\t<div class=\"img has-hover x md-x lg-x y md-y lg-y\" id=\"image_735426377\">\n\t\t\t\t\t\t\t\t<div class=\"img-inner dark\" >\n\t\t\t\t\t\t\t\t\t\n\t\t\t\t\t<\/div>\n\t\t\t\t\t\t\t\t\n<style>\n#image_735426377 {\n  width: 100%;\n}\n<\/style>\n\t<\/div>\n\t\n\n\n\t\t<\/div>\n\t\t\t\t\t<\/div>\n\n\t\n\n\t<div id=\"col-57420842\" class=\"col medium-3 small-6 large-3\"  >\n\t\t\t\t<div class=\"col-inner\"  >\n\t\t\t\n\t\t\t\n\n\t<div class=\"img has-hover x md-x lg-x y md-y lg-y\" id=\"image_1596447617\">\n\t\t\t\t\t\t\t\t<div class=\"img-inner dark\" >\n\t\t\t\t\t\t\t\t\t\n\t\t\t\t\t<\/div>\n\t\t\t\t\t\t\t\t\n<style>\n#image_1596447617 {\n  width: 100%;\n}\n<\/style>\n\t<\/div>\n\t\n\n\n\t\t<\/div>\n\t\t\t\t\t<\/div>\n\n\t\n\n\t<div id=\"col-814596894\" class=\"col medium-3 small-6 large-3\"  >\n\t\t\t\t<div class=\"col-inner\"  >\n\t\t\t\n\t\t\t\n\n\t<div class=\"img has-hover x md-x lg-x y md-y lg-y\" id=\"image_867170405\">\n\t\t\t\t\t\t\t\t<div class=\"img-inner dark\" >\n\t\t\t\t\t\t\t\t\t\n\t\t\t\t\t<\/div>\n\t\t\t\t\t\t\t\t\n<style>\n#image_867170405 {\n  width: 100%;\n}\n<\/style>\n\t<\/div>\n\t\n\n\n\t\t<\/div>\n\t\t\t\t\t<\/div>\n\n\t\n\n\t<div id=\"col-2100489021\" class=\"col medium-3 small-6 large-3\"  >\n\t\t\t\t<div class=\"col-inner\"  >\n\t\t\t\n\t\t\t\n\n\t<div class=\"img has-hover x md-x lg-x y md-y lg-y\" id=\"image_297778335\">\n\t\t\t\t\t\t\t\t<div class=\"img-inner dark\" >\n\t\t\t\t\t\t\t\t\t\n\t\t\t\t\t<\/div>\n\t\t\t\t\t\t\t\t\n<style>\n#image_297778335 {\n  width: 100%;\n}\n<\/style>\n\t<\/div>\n\t\n\n\n\t\t<\/div>\n\t\t\t\t\t<\/div>\n\n\t\n\n<\/div>\n\n","protected":false},"excerpt":{"rendered":"","protected":false},"author":1,"featured_media":0,"parent":0,"menu_order":12,"comment_status":"closed","ping_status":"closed","template":"","meta":{"footnotes":""},"class_list":["post-13083","page","type-page","status-publish","hentry"],"_links":{"self":[{"href":"https:\/\/macchiaverde-bio.shop\/no\/wp-json\/wp\/v2\/pages\/13083","targetHints":{"allow":["GET"]}}],"collection":[{"href":"https:\/\/macchiaverde-bio.shop\/no\/wp-json\/wp\/v2\/pages"}],"about":[{"href":"https:\/\/macchiaverde-bio.shop\/no\/wp-json\/wp\/v2\/types\/page"}],"author":[{"embeddable":true,"href":"https:\/\/macchiaverde-bio.shop\/no\/wp-json\/wp\/v2\/users\/1"}],"replies":[{"embeddable":true,"href":"https:\/\/macchiaverde-bio.shop\/no\/wp-json\/wp\/v2\/comments?post=13083"}],"version-history":[{"count":0,"href":"https:\/\/macchiaverde-bio.shop\/no\/wp-json\/wp\/v2\/pages\/13083\/revisions"}],"wp:attachment":[{"href":"https:\/\/macchiaverde-bio.shop\/no\/wp-json\/wp\/v2\/media?parent=13083"}],"curies":[{"name":"wp","href":"https:\/\/api.w.org\/{rel}","templated":true}]}}