{"id":13013,"date":"2019-08-21T19:34:58","date_gmt":"2019-08-21T17:34:58","guid":{"rendered":"https:\/\/macchiaverde-bio.shop\/forhold\/"},"modified":"2022-03-02T16:33:53","modified_gmt":"2022-03-02T15:33:53","slug":"forhold","status":"publish","type":"page","link":"https:\/\/macchiaverde-bio.shop\/no\/forhold\/","title":{"rendered":"Forhold"},"content":{"rendered":"\n<h2 class=\"wp-block-heading\">Vilk\u00e5r for bruk<\/h2>\n\n<h5 class=\"wp-block-heading\">1. Generelt<\/h5>\n\n<p>Alle tjenester levert av <strong>MACCHIA VERDE BIO<\/strong> for kunden eller bes\u00f8kende er utelukkende basert p\u00e5 f\u00f8lgende generelle vilk\u00e5r og betingelser. Avvikende regler er kun gyldige dersom de er individuelt avtalt mellom olivenoljefabrikken og kunden.<\/p>\n\n<h5 class=\"wp-block-heading\">2. Inng\u00e5else av kontrakt<\/h5>\n\n<p>2.1 Tilbudene fra nettbutikken representerer en uforpliktende kj\u00f8psforesp\u00f8rsel til kunden om \u00e5 bestille varer i nettbutikken.<\/p>\n\n<p>2.2 Ved \u00e5 bestille de \u00f8nskede varene p\u00e5 Internett, gir kunden et bindende tilbud om \u00e5 inng\u00e5 en kj\u00f8pskontrakt.<\/p>\n\n<p>2.3 Olivenoljefabrikken Macchia Verde Bio bekrefter mottak av bestillingen umiddelbart, senest etter mottak av bestillingen. Ordrebekreftelsen utgj\u00f8r ikke en juridisk aksept fra v\u00e5r side. Tilbudet aksepteres f\u00f8rst av oss n\u00e5r vi bringer varene til deg for forsendelse. Du vil motta en skriftlig forsendelsesbekreftelse p\u00e5 e-post. Kunden er imidlertid bundet til sitt tilbud i maksimalt 14 dager, med mindre andre avtaler er inng\u00e5tt (etterbestilling, levering n\u00e5r tilgjengelig igjen).<\/p>\n\n<p>2.4 Gjenstanden for kontrakten er varene som bestilles av kunden. Med hensyn til kvaliteten gjelder beskrivelsen av tilbudet, ellers gjelder \u00a7 434 f\u00f8rste ledd Klausul 3 BGB.<\/p>\n\n<h5 class=\"wp-block-heading\">3. Avtale om returkostnader, angrerett, utelukkelse av angrerett<\/h5>\n\n<p>Avtale om kostnadsb\u00e6ring: Dersom du benytter deg av angreretten, m\u00e5 du b\u00e6re de vanlige returkostnadene dersom leverte varer samsvarer med de bestilte og dersom prisen p\u00e5 varene som skal returneres ikke overstiger et bel\u00f8p p\u00e5 40 euro eller hvis du betaler en h\u00f8yere pris enn\u00e5 ikke har gitt vederlaget eller en kontraktsmessig avtalt delbetaling for varen p\u00e5 tidspunktet for tilbakekallingen. Ellers er returen gratis for deg.<\/p>\n\n<p>Angrerett:<br\/>Bestemmelsene som kan sees <a href=\"https:\/\/macchiaverde-bio.shop\/widerrufsbelehrung\/\"><strong><em>her<\/em><\/strong><\/a> gjelder.<\/p>\n\n<p>Utelukkelse av angreretten:<br\/>hvis varene er laget etter kundens spesifikasjoner eller var tydelig skreddersydd til dine personlige behov eller ikke er egnet for retur p\u00e5 grunn av sin natur. I tillegg gjelder de andre tilfeller av \u00a7 312d stk. 4 BGB<\/p>\n\n<h5 class=\"wp-block-heading\">4. Levering<\/h5>\n\n<p>4.1. Alle varer vil bli levert umiddelbart, forutsatt at de er tilgjengelig fra lager. Bestillingen din vil bli levert til landene innenfor EU som kan velges i kassen.<\/p>\n\n<p>4.2. Leveringstiden innenfor EU er vanligvis 5-7 dager, med mindre annet er oppgitt. Du kan f\u00e5 mer informasjon med sporingsnummeret p\u00e5 forsendelsessporingen eller p\u00e5 informasjonssidene til den respektive logistikeren.<\/p>\n\n<p>4.3. Hvis en vare er midlertidig utilgjengelig og derfor ikke er tilgjengelig, vil vi informere deg p\u00e5 e-post om forventet leveringstid eller tilby deg en alternativ vare.<\/p>\n\n<h5 class=\"wp-block-heading\">5. Emballasje og fraktkostnader<\/h5>\n\n<p>Bestemmelsene om emballasje og fraktkostnader gjelder, som kan sees <a href=\"https:\/\/macchiaverde-bio.shop\/versandarten\/\"><strong><em>her<\/em><\/strong><\/a> .<\/p>\n\n<h5 class=\"wp-block-heading\">6. Betaling, eiendomsforbehold<\/h5>\n\n<p>6.1 Alle priser som vises er bruttopriser i euro og inkluderer lovbestemt merverdiavgift fra republikken Italia p\u00e5 4 % eller 21 %. Prisene gjelder den dagen bestillinger sendes inn.<\/p>\n\n<p>6.2 Betalingsm\u00e5tene som tilbys i kassen gjelder. N\u00e5r bestillingen er gjennomf\u00f8rt, skjer det en forh\u00e5ndsautorisasjon som autoriseres n\u00e5r fakturaen utstedes. Dette skjer samtidig med frigivelse for utsendelse. Du vil motta en egen melding om dette. I tillegg kommer betalingsbetingelsene til tjenesteleverand\u00f8ren PayPal Inc. og Stripe Inc.<\/p>\n\n<p>6.3 De leverte varene forblir v\u00e5r eiendom inntil full betaling er utf\u00f8rt (eiendomsforbehold i henhold til \u00a7\u00a7158, 449 BGB). Kunden m\u00e5 informere oss umiddelbart om tvangstiltak fra tredjeparter i forhold til varene som er underlagt eiendomsforbehold og overlevere dokumentene som kreves for et inngrep; dette gjelder ogs\u00e5 for verdiforringelser av annet slag.Uavhengig av dette skal kunden p\u00e5 forh\u00e5nd informere tredjeparter om rettighetene til varene.<\/p>\n\n<h5 class=\"wp-block-heading\">7. Garanti<\/h5>\n\n<p>Dersom tilleggsytelsen har skjedd ved en erstatningslevering, plikter kunden \u00e5 returnere den f\u00f8rst leverte varen til oss innen 30 dager for v\u00e5r regning. De defekte varene skal returneres i henhold til lovens bestemmelser. Vi forbeholder oss retten til \u00e5 kreve erstatning i henhold til lovbestemte betingelser. Tilleggsavtaler er kun gyldige i skriftlig form.<\/p>\n\n<h5 class=\"wp-block-heading\">8. Ansvar for mangler<\/h5>\n\n<p>8.1 olivenoele.com er ansvarlig i tilfeller av forsett eller grov uaktsomhet i henhold til lovbestemmelsene. Ansvaret for garantier er uavhengig av skyld. Nettbutikken er kun ansvarlig for mindre uaktsomhet i henhold til produktansvarslovens bestemmelser, for skade p\u00e5 liv, lem eller helse eller for brudd p\u00e5 vesentlige kontraktsmessige forpliktelser. Erstatningskravet for lett uaktsomt mislighold av vesentlige kontraktsforpliktelser er imidlertid begrenset til den kontraktstypiske p\u00e5regnelige skaden, i den grad det ikke foreligger ansvar for skade p\u00e5 liv, lem eller helse. Nettbutikken er i samme grad ansvarlig for feil fra stedfortredende agenter og representanter.<\/p>\n\n<p>8.2 Reguleringen i ovennevnte ledd (8.1) omfatter erstatning for skader i tillegg til tjenesten, erstatning for skade i stedet for tjenesten og krav om erstatning for bortkastede utgifter, uavhengig av rettslig \u00e5rsak, herunder ansvar for mangler, forsinkelse eller umulighet.<\/p>\n\n<h5 class=\"wp-block-heading\">9. Personvern<\/h5>\n\n<p>V\u00e5r databeskyttelseserkl\u00e6ring gjelder, som du kan <a href=\"https:\/\/macchiaverde-bio.shop\/datenschutzerklaerung\/\"><strong><em>f\u00e5<\/em><\/strong><\/a> tilgang til her.<\/p>\n\n<h5 class=\"wp-block-heading\">10. Opphavsrett<\/h5>\n\n<p>Innholdet og verkene laget av Macchia Verde Bio p\u00e5 disse sidene er underlagt tysk lov om opphavsrett. Duplisering, redigering, distribusjon og enhver form for utnyttelse utenfor grensene for opphavsrett krever skriftlig samtykke fra den respektive forfatteren eller skaperen. Nedlastinger og kopier av dette nettstedet er kun tillatt for privat, ikke-kommersiell bruk. I den grad innholdet p\u00e5 denne siden ikke er laget av operat\u00f8ren, overholdes opphavsretten til tredjeparter. Spesielt innhold fra tredjeparter er merket som s\u00e5dan. Skulle du likevel bli oppmerksom p\u00e5 et brudd p\u00e5 opphavsretten, ber vi deg informere oss om dette. S\u00e5 snart vi blir oppmerksomme p\u00e5 lovbrudd, vil vi fjerne slikt innhold umiddelbart.<\/p>\n\n<h5 class=\"wp-block-heading\">11. Innhold og lenker p\u00e5 v\u00e5re sider<\/h5>\n\n<p>11.1 Innholdet p\u00e5 nettstedet v\u00e5rt ble laget med st\u00f8rste forsiktighet. Vi kan imidlertid ikke garantere at innholdet er korrekt, fullstendig eller oppdatert. Som tjenesteleverand\u00f8r er vi i henhold til \u00a7 7 Abs.1 TMG er ansvarlig for sitt eget innhold p\u00e5 disse sidene i henhold til generelle lover. I henhold til \u00a7\u00a7 8 til 10 TMG er vi som tjenesteleverand\u00f8r imidlertid ikke forpliktet til \u00e5 overv\u00e5ke overf\u00f8rt eller lagret tredjepartsinformasjon eller \u00e5 unders\u00f8ke forhold som tyder p\u00e5 ulovlig aktivitet. Forpliktelser til \u00e5 fjerne eller blokkere bruken av informasjon i henhold til generelle lover forblir up\u00e5virket. Ansvar i denne forbindelse er imidlertid f\u00f8rst mulig fra det tidspunkt hvor kunnskap om en konkret lovovertredelse er kjent. S\u00e5 snart vi blir oppmerksomme p\u00e5 brudd p\u00e5 loven, vil vi fjerne dette innholdet umiddelbart.<\/p>\n\n<p>11.2 V\u00e5rt tilbud inneholder lenker til eksterne tredjepartsnettsteder hvis innhold vi ikke har noen innflytelse over.<br\/>Vi kan derfor ikke p\u00e5ta oss noe ansvar for dette tredjepartsinnholdet. Den respektive leverand\u00f8ren eller operat\u00f8ren av sidene er alltid ansvarlig for innholdet p\u00e5 de lenkede sidene.<\/p>\n\n<p>De koblede sidene ble sjekket for mulige lovbrudd p\u00e5 tidspunktet for koblingen. Ulovlig innhold var ikke gjenkjennelig p\u00e5 tidspunktet for koblingen. En permanent kontroll av innholdet p\u00e5 de koblede sidene er imidlertid ikke rimelig uten konkrete bevis for en krenkelse. S\u00e5 snart vi blir oppmerksomme p\u00e5 lovbrudd, vil vi fjerne slike lenker umiddelbart.<\/p>\n\n<h5 class=\"wp-block-heading\">12. Sluttbestemmelser<\/h5>\n\n<p>Gyldigheten av FNs kj\u00f8pslov er utelukket, tysk lov gjelder. Med en bestilling aksepteres nettbutikkens generelle vilk\u00e5r og betingelser.<br\/>Hvis kunden ikke har et generelt jurisdiksjonssted i Tyskland eller i et annet EU-medlemsland, er jurisdiksjonsstedet for alle tvister som oppst\u00e5r fra denne kontrakten v\u00e5rt forretningssted: <strong>District Court of Bari<\/strong> (BA)<\/p>\n\n<p>Selger har i forhold til sin nettbutikk[https:\/\/macchiaverde-bio .shop\/wp_mvbs] underlagt OnTrustNets kvalitetskriterier &laquo;OnTrustNet Verified Online Shop&raquo;, som kan sees p\u00e5 f\u00f8lgende lenke https:\/\/ontrust.net\/shop-guetesiegel-bedingungen.<\/p>\n","protected":false},"excerpt":{"rendered":"<p>Vilk\u00e5r for bruk 1. Generelt Alle tjenester levert av MACCHIA VERDE BIO for kunden eller bes\u00f8kende er utelukkende basert p\u00e5 f\u00f8lgende generelle vilk\u00e5r og betingelser. Avvikende regler er kun gyldige dersom de er individuelt avtalt mellom olivenoljefabrikken og kunden. 2. Inng\u00e5else av kontrakt 2.1 Tilbudene fra nettbutikken representerer en uforpliktende kj\u00f8psforesp\u00f8rsel til kunden om \u00e5 [&#8230;]\n","protected":false},"author":1,"featured_media":0,"parent":0,"menu_order":8,"comment_status":"closed","ping_status":"closed","template":"","meta":{"footnotes":""},"class_list":["post-13013","page","type-page","status-publish","hentry"],"_links":{"self":[{"href":"https:\/\/macchiaverde-bio.shop\/no\/wp-json\/wp\/v2\/pages\/13013","targetHints":{"allow":["GET"]}}],"collection":[{"href":"https:\/\/macchiaverde-bio.shop\/no\/wp-json\/wp\/v2\/pages"}],"about":[{"href":"https:\/\/macchiaverde-bio.shop\/no\/wp-json\/wp\/v2\/types\/page"}],"author":[{"embeddable":true,"href":"https:\/\/macchiaverde-bio.shop\/no\/wp-json\/wp\/v2\/users\/1"}],"replies":[{"embeddable":true,"href":"https:\/\/macchiaverde-bio.shop\/no\/wp-json\/wp\/v2\/comments?post=13013"}],"version-history":[{"count":0,"href":"https:\/\/macchiaverde-bio.shop\/no\/wp-json\/wp\/v2\/pages\/13013\/revisions"}],"wp:attachment":[{"href":"https:\/\/macchiaverde-bio.shop\/no\/wp-json\/wp\/v2\/media?parent=13013"}],"curies":[{"name":"wp","href":"https:\/\/api.w.org\/{rel}","templated":true}]}}