{"id":12988,"date":"2019-08-21T19:34:58","date_gmt":"2019-08-21T17:34:58","guid":{"rendered":"https:\/\/macchiaverde-bio.shop\/angrerett\/"},"modified":"2022-06-30T13:54:37","modified_gmt":"2022-06-30T11:54:37","slug":"angrerett","status":"publish","type":"page","link":"https:\/\/macchiaverde-bio.shop\/no\/angrerett\/","title":{"rendered":"Angrerett"},"content":{"rendered":"\n  <div id=\"page-header-1151823954\" class=\"page-header-wrapper\">\n  <div class=\"page-title dark featured-title\">\n\n    \n    <div class=\"page-title-inner container align-center flex-row medium-flex-wrap\" >\n              <div class=\"title-wrapper uppercase flex-col text-left medium-text-center\">\n          <h1 class=\"entry-title mb-0\">\n            ANGRERETT          <\/h1>\n        <\/div>\n                    <div class=\"title-content flex-col flex-right text-right medium-text-center\">\n        <div class=\"title-breadcrumbs pb-half pt-half\"><nav class=\"woocommerce-breadcrumb breadcrumbs uppercase\" aria-label=\"Breadcrumb\">Hjem<\/nav><\/div>      <\/div>\n    <\/div>\n\n       <\/div>\n    <\/div>\n  \n\n<p>Er du ikke forn\u00f8yd med den kj\u00f8pte olivenoljen eller et av produktene? Her finner du de formelle rammebetingelsene som gjelder for ditt kj\u00f8p p\u00e5 olivenoel-muehle.de.<br>Du har juridisk rett til angrerett:<\/p>\n<p>Du har rett til \u00e5 trekke deg fra denne kontrakten innen fjorten dager uten \u00e5 oppgi noen grunn.<\/p>\n<p>V\u00e6r oppmerksom p\u00e5 at bestillingene dine automatisk sendes til v\u00e5rt fraktsenter for akselerert levering og at p\u00e5f\u00f8lgende kansellering etter overf\u00f8ring ikke lenger er mulig av prosedyremessige \u00e5rsaker!<\/p>\n<p>Angrefristen er fjorten dager fra den dagen du eller en tredjepart oppgitt av deg som ikke er transport\u00f8r tok varen i besittelse. For \u00e5 ut\u00f8ve angreretten m\u00e5 du sende oss en tydelig erkl\u00e6ring til:<\/p>\n<p><strong>Oleificio<\/strong><\/p>\n<p><strong>MACCHIA VERDE \u00d8KOLOGISK<\/strong><br>av Caterina Scarola<\/p>\n<p>Via soldo Pasquale Giovanniello 1<br>70025 Grumo Appula (BA)<br>Italia<\/p>\n<p>E-postadresse: <a href=\"mailto:info@macchiaverdebio.it\">info@macchiaverdebio.it<\/a><\/p>\n<p>om din beslutning om \u00e5 heve denne kontrakten.<\/p>\n<h3>Konsekvenser av tilbakekall<\/h3>\n<p>Hvis du trekker deg fra denne kontrakten, skylder vi deg alle betalinger som vi har mottatt fra deg, inkludert leveringskostnader &#8211; avhengig av bel\u00f8pet for bestillingskostnadene (se nedenfor) (bortsett fra tilleggskostnadene som f\u00f8lger av det faktum at du velger en annen type betalingslevering som den billigste standardleveransen som tilbys av oss) umiddelbart og senest innen fjorten dager fra den dagen vi mottok meldingen om at du kansellerer denne kontrakten. For denne tilbakebetalingen bruker vi samme betalingsmiddel som du brukte i den opprinnelige transaksjonen, med mindre noe annet er uttrykkelig avtalt med deg; under ingen omstendigheter vil du bli belastet gebyrer for denne tilbakebetalingen. Du m\u00e5 returnere varene til oss umiddelbart og under alle omstendigheter senest fjorten dager fra den dagen du informerer oss om kanselleringen av denne kontrakten. Fristen er overholdt dersom du sender tilbake varene f\u00f8r fristen p\u00e5 fjorten dager er utl\u00f8pt.<\/p>\n<p>For bestillinger over 59 euro dekker vi eventuelle returkostnader dersom du har s\u00f8kt om en returordre. For bestillinger under 59 euro dekker vi ikke returkostnadene. Her kreves ogs\u00e5 en returordre. Denne regelen gjelder ogs\u00e5 for bestillinger som kanselleres etter at bestillingen er lagt inn og f\u00f8r de sendes, da volumene gj\u00f8r det umulig \u00e5 gripe inn i prosesskjeden.<\/p>\n<p><strong>VIKTIG:<\/strong><br> Vennligst kontakt oss for \u00e5 f\u00e5 en returordre og bekreftelse f\u00f8r ! du sender varene tilbake til oss. Varer eller forsendelser uten returordre kan ikke aksepteres eller behandles. Du kan opprette en returordre uformelt via kontaktskjemaet.<\/p>\n<p>Produkter (flasker, dunker, baginbokser) som allerede er \u00e5pnet (f.eks. olivenolje eller delikatesser) kan ikke returneres.<\/p>\n\n","protected":false},"excerpt":{"rendered":"","protected":false},"author":1,"featured_media":0,"parent":0,"menu_order":13,"comment_status":"closed","ping_status":"closed","template":"","meta":{"footnotes":""},"class_list":["post-12988","page","type-page","status-publish","hentry"],"_links":{"self":[{"href":"https:\/\/macchiaverde-bio.shop\/no\/wp-json\/wp\/v2\/pages\/12988","targetHints":{"allow":["GET"]}}],"collection":[{"href":"https:\/\/macchiaverde-bio.shop\/no\/wp-json\/wp\/v2\/pages"}],"about":[{"href":"https:\/\/macchiaverde-bio.shop\/no\/wp-json\/wp\/v2\/types\/page"}],"author":[{"embeddable":true,"href":"https:\/\/macchiaverde-bio.shop\/no\/wp-json\/wp\/v2\/users\/1"}],"replies":[{"embeddable":true,"href":"https:\/\/macchiaverde-bio.shop\/no\/wp-json\/wp\/v2\/comments?post=12988"}],"version-history":[{"count":0,"href":"https:\/\/macchiaverde-bio.shop\/no\/wp-json\/wp\/v2\/pages\/12988\/revisions"}],"wp:attachment":[{"href":"https:\/\/macchiaverde-bio.shop\/no\/wp-json\/wp\/v2\/media?parent=12988"}],"curies":[{"name":"wp","href":"https:\/\/api.w.org\/{rel}","templated":true}]}}