{"id":15868,"date":"2023-03-06T19:20:22","date_gmt":"2023-03-06T18:20:22","guid":{"rendered":"https:\/\/macchiaverde-bio.shop\/?post_type=product&#038;p=15868"},"modified":"2024-06-22T12:09:41","modified_gmt":"2024-06-22T10:09:41","slug":"olive-ripiene-grandi-con-mandorle-in-vaso-1-kg-qualita-gourmet-2x","status":"publish","type":"product","link":"https:\/\/macchiaverde-bio.shop\/it\/produkt\/olive-ripiene-grandi-con-mandorle-in-vaso-1-kg-qualita-gourmet-2x\/","title":{"rendered":"Olive ripiene grandi con mandorle in barattolo 1 kg &#8211; qualit\u00e0 gourmet (2x)"},"content":{"rendered":"","protected":false},"excerpt":{"rendered":"<p><strong>Olive grosse ripiene di mandorle 1 kg<\/strong><br \/>\nLe olive MACCHIA VERDE sono un prodotto prettamente artigianale di prima qualit\u00e0, questa variet\u00e0 gastronomica locale viene accuratamente snocciolata e farcita con una mandorla della variet\u00e0 &#8220;Filippo Cea&#8221; (questa \u00e8 acquistabile anche separatamente da noi). Le olive sono prive di qualsiasi manipolazione chimica e sono lavorate secondo i canoni tradizionali, sono conservate con olio di oliva biologico Macchia Verde, questo olio piccante va utilizzato anche dopo che le olive sono state mangiate.<\/p>\n","protected":false},"featured_media":15939,"comment_status":"open","ping_status":"closed","template":"","meta":[],"product_brand":[],"product_cat":[1494],"product_tag":[],"class_list":{"0":"post-15868","1":"product","2":"type-product","3":"status-publish","4":"has-post-thumbnail","6":"product_cat-olive","8":"first","9":"instock","10":"taxable","11":"shipping-taxable","12":"purchasable","13":"product-type-simple"},"_links":{"self":[{"href":"https:\/\/macchiaverde-bio.shop\/it\/wp-json\/wp\/v2\/product\/15868","targetHints":{"allow":["GET"]}}],"collection":[{"href":"https:\/\/macchiaverde-bio.shop\/it\/wp-json\/wp\/v2\/product"}],"about":[{"href":"https:\/\/macchiaverde-bio.shop\/it\/wp-json\/wp\/v2\/types\/product"}],"replies":[{"embeddable":true,"href":"https:\/\/macchiaverde-bio.shop\/it\/wp-json\/wp\/v2\/comments?post=15868"}],"wp:featuredmedia":[{"embeddable":true,"href":"https:\/\/macchiaverde-bio.shop\/it\/wp-json\/wp\/v2\/media\/15939"}],"wp:attachment":[{"href":"https:\/\/macchiaverde-bio.shop\/it\/wp-json\/wp\/v2\/media?parent=15868"}],"wp:term":[{"taxonomy":"product_brand","embeddable":true,"href":"https:\/\/macchiaverde-bio.shop\/it\/wp-json\/wp\/v2\/product_brand?post=15868"},{"taxonomy":"product_cat","embeddable":true,"href":"https:\/\/macchiaverde-bio.shop\/it\/wp-json\/wp\/v2\/product_cat?post=15868"},{"taxonomy":"product_tag","embeddable":true,"href":"https:\/\/macchiaverde-bio.shop\/it\/wp-json\/wp\/v2\/product_tag?post=15868"}],"curies":[{"name":"wp","href":"https:\/\/api.w.org\/{rel}","templated":true}]}}