{"id":15282,"date":"2022-12-16T18:34:08","date_gmt":"2022-12-16T17:34:08","guid":{"rendered":"https:\/\/macchiaverde-bio.shop\/produkt\/set-gourmet-11-pezzi\/"},"modified":"2024-06-22T12:05:19","modified_gmt":"2024-06-22T10:05:19","slug":"set-gourmet-da-11-pezzi","status":"publish","type":"product","link":"https:\/\/macchiaverde-bio.shop\/it\/produkt\/set-gourmet-da-11-pezzi\/","title":{"rendered":"Set gourmet (11 pezzi)"},"content":{"rendered":"","protected":false},"excerpt":{"rendered":"<p><strong><span style=\"vertical-align: inherit\"><span style=\"vertical-align: inherit\"><span style=\"vertical-align: inherit\"><span style=\"vertical-align: inherit\">Set olio d&#8217;oliva gourmet, 11 pezzi<\/span><\/span><\/span><\/span><\/strong><br \/>\n<span style=\"vertical-align: inherit\"><span style=\"vertical-align: inherit\"><span style=\"vertical-align: inherit\"><span style=\"vertical-align: inherit\">  Il nuovo set di prodotti gourmet contiene molti prodotti reali, tra cui un manuale e una buona qualit\u00e0, idealmente di alta qualit\u00e0.  <\/span><\/span><\/span><span style=\"vertical-align: inherit\"><span style=\"vertical-align: inherit\"><span style=\"vertical-align: inherit\">Riceverai nei nostri 3 oli d&#8217;oliva, 3 punte di oliva in Salamoia in varie modalit\u00e0, 3 punte di macedone e le mandorle variet\u00e0 biologica della variet\u00e0 &#8220;Filippo Cea&#8221;, la variet\u00e0 principale dei pasticceri pugliesi.  <\/span><\/span><\/span><span style=\"vertical-align: inherit\"><span style=\"vertical-align: inherit\"><span style=\"vertical-align: inherit\">I prodotti in questione si basano su manipolazioni chimiche qualificate e lavorati secondo i canoni della tradizione, ma sono realizzati anche con l&#8217;olio di oliva biologico di Macchia Verde.  <\/span><\/span><\/span><\/span><br \/>\n<span style=\"vertical-align: inherit\"><span style=\"vertical-align: inherit\"><span style=\"vertical-align: inherit\"><span style=\"vertical-align: inherit\">Riceverai:  <\/span><\/span><\/span><\/span><br \/>\n<span style=\"vertical-align: inherit\"><span style=\"vertical-align: inherit\"><span style=\"vertical-align: inherit\"><span style=\"vertical-align: inherit\">3 bottiglie di olio d&#8217;oliva (500 ml ciascuna)  <\/span><\/span><\/span><\/span><br \/>\n<span style=\"vertical-align: inherit\"><span style=\"vertical-align: inherit\"><span style=\"vertical-align: inherit\"><span style=\"vertical-align: inherit\">3 vasi di olive (220 g ciascuno)  <\/span><\/span><\/span><\/span><br \/>\n<span style=\"vertical-align: inherit\"><span style=\"vertical-align: inherit\"><span style=\"vertical-align: inherit\"><span style=\"vertical-align: inherit\">3 vasi di pasta (220 g ciascuno)  <\/span><\/span><\/span><\/span><br \/>\n<span style=\"vertical-align: inherit\"><span style=\"vertical-align: inherit\"><span style=\"vertical-align: inherit\"><span style=\"vertical-align: inherit\">2 busti di mandorle (250 g ciascuna)<\/span><\/span><\/span><\/span><\/p>\n","protected":false},"featured_media":15101,"comment_status":"open","ping_status":"closed","template":"","meta":[],"product_brand":[],"product_cat":[1286,1493,1494,1492,1495],"product_tag":[],"class_list":{"0":"post-15282","1":"product","2":"type-product","3":"status-publish","4":"has-post-thumbnail","6":"product_cat-bottiglie-di-olio-doliva","7":"product_cat-mandorle-it","8":"product_cat-olive","9":"product_cat-pacco-gourmet","10":"product_cat-pate","12":"first","13":"instock","14":"taxable","15":"shipping-taxable","16":"purchasable","17":"product-type-simple"},"_links":{"self":[{"href":"https:\/\/macchiaverde-bio.shop\/it\/wp-json\/wp\/v2\/product\/15282","targetHints":{"allow":["GET"]}}],"collection":[{"href":"https:\/\/macchiaverde-bio.shop\/it\/wp-json\/wp\/v2\/product"}],"about":[{"href":"https:\/\/macchiaverde-bio.shop\/it\/wp-json\/wp\/v2\/types\/product"}],"replies":[{"embeddable":true,"href":"https:\/\/macchiaverde-bio.shop\/it\/wp-json\/wp\/v2\/comments?post=15282"}],"wp:featuredmedia":[{"embeddable":true,"href":"https:\/\/macchiaverde-bio.shop\/it\/wp-json\/wp\/v2\/media\/15101"}],"wp:attachment":[{"href":"https:\/\/macchiaverde-bio.shop\/it\/wp-json\/wp\/v2\/media?parent=15282"}],"wp:term":[{"taxonomy":"product_brand","embeddable":true,"href":"https:\/\/macchiaverde-bio.shop\/it\/wp-json\/wp\/v2\/product_brand?post=15282"},{"taxonomy":"product_cat","embeddable":true,"href":"https:\/\/macchiaverde-bio.shop\/it\/wp-json\/wp\/v2\/product_cat?post=15282"},{"taxonomy":"product_tag","embeddable":true,"href":"https:\/\/macchiaverde-bio.shop\/it\/wp-json\/wp\/v2\/product_tag?post=15282"}],"curies":[{"name":"wp","href":"https:\/\/api.w.org\/{rel}","templated":true}]}}