{"id":15280,"date":"2022-12-16T18:25:46","date_gmt":"2022-12-16T17:25:46","guid":{"rendered":"https:\/\/macchiaverde-bio.shop\/produkt\/mandorle-bio-2-x-500-g\/"},"modified":"2024-06-22T12:05:35","modified_gmt":"2024-06-22T10:05:35","slug":"bio-mandorle-2-x-500-g","status":"publish","type":"product","link":"https:\/\/macchiaverde-bio.shop\/it\/produkt\/bio-mandorle-2-x-500-g\/","title":{"rendered":"Mandorle Bio 2 x 500 g"},"content":{"rendered":"","protected":false},"excerpt":{"rendered":"<p>Mandorle biologiche della variet\u00e0 &#8220;Filippo Cea&#8221; 500 gx 2<br \/>\nLa mandorla della variet\u00e0 &#8220;Filippo Cea&#8221; \u00e8 considerata dagli intenditori la regina delle mandorle ed \u00e8 la mandorla per eccellenza per i pasticceri pugliesi, dove \u00e8 principalmente coltivata. \u00c8 insuperabile non solo in termini di gusto, ma anche in termini di contenuto di vitamine e oligoelementi. Arrivano da noi in qualit\u00e0 biologica, appena pelati e confezionati.<\/p>\n","protected":false},"featured_media":15111,"comment_status":"open","ping_status":"closed","template":"","meta":[],"product_brand":[],"product_cat":[1493,1492],"product_tag":[],"class_list":{"0":"post-15280","1":"product","2":"type-product","3":"status-publish","4":"has-post-thumbnail","6":"product_cat-mandorle-it","7":"product_cat-pacco-gourmet","8":"product_shipping_class-reduzierte-pauschale-it","10":"first","11":"instock","12":"taxable","13":"shipping-taxable","14":"purchasable","15":"product-type-simple"},"_links":{"self":[{"href":"https:\/\/macchiaverde-bio.shop\/it\/wp-json\/wp\/v2\/product\/15280","targetHints":{"allow":["GET"]}}],"collection":[{"href":"https:\/\/macchiaverde-bio.shop\/it\/wp-json\/wp\/v2\/product"}],"about":[{"href":"https:\/\/macchiaverde-bio.shop\/it\/wp-json\/wp\/v2\/types\/product"}],"replies":[{"embeddable":true,"href":"https:\/\/macchiaverde-bio.shop\/it\/wp-json\/wp\/v2\/comments?post=15280"}],"wp:featuredmedia":[{"embeddable":true,"href":"https:\/\/macchiaverde-bio.shop\/it\/wp-json\/wp\/v2\/media\/15111"}],"wp:attachment":[{"href":"https:\/\/macchiaverde-bio.shop\/it\/wp-json\/wp\/v2\/media?parent=15280"}],"wp:term":[{"taxonomy":"product_brand","embeddable":true,"href":"https:\/\/macchiaverde-bio.shop\/it\/wp-json\/wp\/v2\/product_brand?post=15280"},{"taxonomy":"product_cat","embeddable":true,"href":"https:\/\/macchiaverde-bio.shop\/it\/wp-json\/wp\/v2\/product_cat?post=15280"},{"taxonomy":"product_tag","embeddable":true,"href":"https:\/\/macchiaverde-bio.shop\/it\/wp-json\/wp\/v2\/product_tag?post=15280"}],"curies":[{"name":"wp","href":"https:\/\/api.w.org\/{rel}","templated":true}]}}