{"id":14149,"date":"2020-03-13T00:39:55","date_gmt":"2020-03-12T23:39:55","guid":{"rendered":"https:\/\/macchiaverde-bio.shop\/produkt\/olio-doliva-biologico-classico-bottiglie-4-x-750-ml\/"},"modified":"2025-02-25T18:28:41","modified_gmt":"2025-02-25T17:28:41","slug":"olio-doliva-biologico-bottiglie-classiche-6x-750-ml","status":"publish","type":"product","link":"https:\/\/macchiaverde-bio.shop\/it\/produkt\/olio-doliva-biologico-bottiglie-classiche-6x-750-ml\/","title":{"rendered":"Olio d&#8217;Oliva Biologico &#8211; Classico &#8211; Bottiglie 6 x 750 ml"},"content":{"rendered":"","protected":false},"excerpt":{"rendered":"<p><strong>\u2013 cartone 6 flaconi da 750 ml \u2013<\/strong><br \/>\nIl Classico \u00e8 un equilibrato olio extravergine di oliva di alta qualit\u00e0, un blend di olive Coratina e Ogliarola. Si presenta di colore giallo dorato con riflessi verdi, \u00e8 fruttato medio, di corpo, con note di mandorla e carciofo. \u00c8 adatto a una vasta gamma di piatti e potrebbe anche essere chiamato &#8220;l&#8217;olio d&#8217;oliva per tutti i giorni&#8221;.<\/p>\n","protected":false},"featured_media":14474,"comment_status":"closed","ping_status":"closed","template":"","meta":[],"product_brand":[],"product_cat":[1286],"product_tag":[1321,1271,1334],"class_list":{"0":"post-14149","1":"product","2":"type-product","3":"status-publish","4":"has-post-thumbnail","6":"product_cat-bottiglie-di-olio-doliva","7":"product_tag-corposo","8":"product_tag-fruttato","9":"product_tag-offerta","11":"first","12":"instock","13":"taxable","14":"shipping-taxable","15":"purchasable","16":"product-type-simple"},"_links":{"self":[{"href":"https:\/\/macchiaverde-bio.shop\/it\/wp-json\/wp\/v2\/product\/14149","targetHints":{"allow":["GET"]}}],"collection":[{"href":"https:\/\/macchiaverde-bio.shop\/it\/wp-json\/wp\/v2\/product"}],"about":[{"href":"https:\/\/macchiaverde-bio.shop\/it\/wp-json\/wp\/v2\/types\/product"}],"replies":[{"embeddable":true,"href":"https:\/\/macchiaverde-bio.shop\/it\/wp-json\/wp\/v2\/comments?post=14149"}],"wp:featuredmedia":[{"embeddable":true,"href":"https:\/\/macchiaverde-bio.shop\/it\/wp-json\/wp\/v2\/media\/14474"}],"wp:attachment":[{"href":"https:\/\/macchiaverde-bio.shop\/it\/wp-json\/wp\/v2\/media?parent=14149"}],"wp:term":[{"taxonomy":"product_brand","embeddable":true,"href":"https:\/\/macchiaverde-bio.shop\/it\/wp-json\/wp\/v2\/product_brand?post=14149"},{"taxonomy":"product_cat","embeddable":true,"href":"https:\/\/macchiaverde-bio.shop\/it\/wp-json\/wp\/v2\/product_cat?post=14149"},{"taxonomy":"product_tag","embeddable":true,"href":"https:\/\/macchiaverde-bio.shop\/it\/wp-json\/wp\/v2\/product_tag?post=14149"}],"curies":[{"name":"wp","href":"https:\/\/api.w.org\/{rel}","templated":true}]}}