{"id":14148,"date":"2020-03-13T00:49:11","date_gmt":"2020-03-12T23:49:11","guid":{"rendered":"https:\/\/macchiaverde-bio.shop\/produkt\/olio-di-oliva-biologico-lo-smeraldo-bottiglie-6-x-500-ml\/"},"modified":"2025-02-25T18:26:59","modified_gmt":"2025-02-25T17:26:59","slug":"olio-doliva-biologico-lo-smeraldo-bottiglie-6-x-500-ml","status":"publish","type":"product","link":"https:\/\/macchiaverde-bio.shop\/it\/produkt\/olio-doliva-biologico-lo-smeraldo-bottiglie-6-x-500-ml\/","title":{"rendered":"Olio di Oliva Biologico &#8211; Lo Smeraldo &#8211; Bottiglie 6 x 500 ml"},"content":{"rendered":"","protected":false},"excerpt":{"rendered":"<p>OLIO EXTRAVERGINE D&#8217;OLIVA<br \/>\n&#8211; SPREMUTO A FREDDO &#8211;<br \/>\n<strong>&#8211; cartone da 6 bottiglie &#8211;<\/strong><\/p>\n<p>Smeraldo \u00e8 un olio di oliva verde ricco, corposo e di prima qualit\u00e0, spremuto da olive 100% Coratina. Anno dopo anno ha preso parte a tutti i concorsi nazionali e internazionali ed \u00e8 uno dei migliori produttori internazionali. Grazie all&#8217;utilizzo esclusivo di <strong>olive Coratina,<\/strong> lo Smeraldo \u00e8 caratterizzato da un <strong>altissimo contenuto di polifenoli<\/strong> . Soprattutto l&#8217;alto contenuto di polifenoli conferisce all&#8217;olio Coratina un gusto intenso, fruttato e fresco. L&#8217;odore delle olive \u00e8 netto e inconfondibile, al palato si avvertono note di frutta cruda e un sentore di mandorla verde fresca.<\/p>\n<p>Smeraldo \u00e8 ideale per <strong>pizza<\/strong> e primi piatti, focacce, <strong>bistecche e piatti alla griglia<\/strong> . \u00c8 anche l&#8217;olio d&#8217;oliva ideale per la <strong>preparazione di marinate<\/strong> e condimenti per barbecue, poich\u00e9 l&#8217;alto contenuto di polifenoli assicura che penetri in profondit\u00e0 nella carne e trasmetta i sapori della carne.<\/p>\n","protected":false},"featured_media":14056,"comment_status":"open","ping_status":"closed","template":"","meta":[],"product_brand":[],"product_cat":[1286,1268],"product_tag":[1271,1287,1334,1270],"class_list":{"0":"post-14148","1":"product","2":"type-product","3":"status-publish","4":"has-post-thumbnail","6":"product_cat-bottiglie-di-olio-doliva","7":"product_cat-offerte-speciali","8":"product_tag-fruttato","9":"product_tag-intensivo","10":"product_tag-offerta","11":"product_tag-olivenoel-it","12":"product_shipping_class-speditions-kosten-it","14":"first","15":"instock","16":"taxable","17":"shipping-taxable","18":"purchasable","19":"product-type-simple"},"_links":{"self":[{"href":"https:\/\/macchiaverde-bio.shop\/it\/wp-json\/wp\/v2\/product\/14148","targetHints":{"allow":["GET"]}}],"collection":[{"href":"https:\/\/macchiaverde-bio.shop\/it\/wp-json\/wp\/v2\/product"}],"about":[{"href":"https:\/\/macchiaverde-bio.shop\/it\/wp-json\/wp\/v2\/types\/product"}],"replies":[{"embeddable":true,"href":"https:\/\/macchiaverde-bio.shop\/it\/wp-json\/wp\/v2\/comments?post=14148"}],"wp:featuredmedia":[{"embeddable":true,"href":"https:\/\/macchiaverde-bio.shop\/it\/wp-json\/wp\/v2\/media\/14056"}],"wp:attachment":[{"href":"https:\/\/macchiaverde-bio.shop\/it\/wp-json\/wp\/v2\/media?parent=14148"}],"wp:term":[{"taxonomy":"product_brand","embeddable":true,"href":"https:\/\/macchiaverde-bio.shop\/it\/wp-json\/wp\/v2\/product_brand?post=14148"},{"taxonomy":"product_cat","embeddable":true,"href":"https:\/\/macchiaverde-bio.shop\/it\/wp-json\/wp\/v2\/product_cat?post=14148"},{"taxonomy":"product_tag","embeddable":true,"href":"https:\/\/macchiaverde-bio.shop\/it\/wp-json\/wp\/v2\/product_tag?post=14148"}],"curies":[{"name":"wp","href":"https:\/\/api.w.org\/{rel}","templated":true}]}}