{"id":14143,"date":"2020-03-12T00:00:28","date_gmt":"2020-03-11T23:00:28","guid":{"rendered":"https:\/\/macchiaverde-bio.shop\/produkt\/olio-di-oliva-biologico-lo-smeraldo-bag-in-box-5-l\/"},"modified":"2024-06-22T12:07:01","modified_gmt":"2024-06-22T10:07:01","slug":"bio-olio-doliva-lo-smeraldo-bag-in-box-5-l","status":"publish","type":"product","link":"https:\/\/macchiaverde-bio.shop\/it\/produkt\/bio-olio-doliva-lo-smeraldo-bag-in-box-5-l\/","title":{"rendered":"Olio di Oliva Biologico &#8211; Lo Smeraldo &#8211; Bag In Box 5 L"},"content":{"rendered":"","protected":false},"excerpt":{"rendered":"<p><strong>&#8211; Lo Smeraldo &#8211; Bag In Box 5 L &#8211;<\/strong><br \/>\nSmeraldo \u00e8 un olio verde e corposo di altissima qualit\u00e0, spremuto da olive 100% Coratina. Anno dopo anno ha partecipato a tutti i concorsi nazionali ed internazionali ed \u00e8 stata premiata con l&#8217;Oro e il Platino nella categoria \u201cFull Fruit\u201d. Con 1246 mg\/kg di polifenoli \u00e8 uno dei primi produttori internazionali di olio d&#8217;oliva. Nel pratico &#8220;Bag in Box&#8221;, l&#8217;olio d&#8217;oliva rimane fresco come il primo giorno, fino all&#8217;ultima goccia.<\/p>\n","protected":false},"featured_media":14023,"comment_status":"open","ping_status":"closed","template":"","meta":[],"product_brand":[],"product_cat":[1268,1267],"product_tag":[1271,1287,1334,1270],"class_list":{"0":"post-14143","1":"product","2":"type-product","3":"status-publish","4":"has-post-thumbnail","6":"product_cat-offerte-speciali","7":"product_cat-olio-evo-bag-in-box","8":"product_tag-fruttato","9":"product_tag-intensivo","10":"product_tag-offerta","11":"product_tag-olivenoel-it","13":"first","14":"instock","15":"taxable","16":"shipping-taxable","17":"purchasable","18":"product-type-simple"},"_links":{"self":[{"href":"https:\/\/macchiaverde-bio.shop\/it\/wp-json\/wp\/v2\/product\/14143","targetHints":{"allow":["GET"]}}],"collection":[{"href":"https:\/\/macchiaverde-bio.shop\/it\/wp-json\/wp\/v2\/product"}],"about":[{"href":"https:\/\/macchiaverde-bio.shop\/it\/wp-json\/wp\/v2\/types\/product"}],"replies":[{"embeddable":true,"href":"https:\/\/macchiaverde-bio.shop\/it\/wp-json\/wp\/v2\/comments?post=14143"}],"wp:featuredmedia":[{"embeddable":true,"href":"https:\/\/macchiaverde-bio.shop\/it\/wp-json\/wp\/v2\/media\/14023"}],"wp:attachment":[{"href":"https:\/\/macchiaverde-bio.shop\/it\/wp-json\/wp\/v2\/media?parent=14143"}],"wp:term":[{"taxonomy":"product_brand","embeddable":true,"href":"https:\/\/macchiaverde-bio.shop\/it\/wp-json\/wp\/v2\/product_brand?post=14143"},{"taxonomy":"product_cat","embeddable":true,"href":"https:\/\/macchiaverde-bio.shop\/it\/wp-json\/wp\/v2\/product_cat?post=14143"},{"taxonomy":"product_tag","embeddable":true,"href":"https:\/\/macchiaverde-bio.shop\/it\/wp-json\/wp\/v2\/product_tag?post=14143"}],"curies":[{"name":"wp","href":"https:\/\/api.w.org\/{rel}","templated":true}]}}