{"id":14141,"date":"2019-12-09T18:40:29","date_gmt":"2019-12-09T17:40:29","guid":{"rendered":"https:\/\/macchiaverde-bio.shop\/produkt\/olio-di-oliva-biologico-leliodoro-bottiglie-3-x-500-ml\/"},"modified":"2024-06-22T12:07:59","modified_gmt":"2024-06-22T10:07:59","slug":"olio-doliva-biologico-leliodoro-bottiglie-3-x-500-ml","status":"publish","type":"product","link":"https:\/\/macchiaverde-bio.shop\/it\/produkt\/olio-doliva-biologico-leliodoro-bottiglie-3-x-500-ml\/","title":{"rendered":"Olio di Oliva Biologico &#8211; L&#8217;Eliodoro &#8211; Bottiglie 3 x 500 ml"},"content":{"rendered":"","protected":false},"excerpt":{"rendered":"<p>OLIO EXTRAVERGINE D&#8217;OLIVA<br \/>\n&#8211; SPREMUTO A FREDDO &#8211;<br \/>\n<strong>&#8211; cartone da 3 bottiglie &#8211;<\/strong><br \/>\nOlio d&#8217;oliva di alta qualit\u00e0, unico nel suo genere, ottenuto direttamente dalle nostre olive e solo mediante un processo meccanico. Il nostro olio EXTRA VERGINE MACCHIA VERDE BIO \u00e8 un prodotto artigianale ottenuto dal frutto della tradizione, della passione e dell&#8217;amore per la terra. \u00c8 ottenuto esclusivamente da olive biologiche nel rispetto della natura e dell&#8217;ambiente ed \u00e8 attentamente controllato in ogni fase produttiva.<\/p>\n","protected":false},"featured_media":14065,"comment_status":"open","ping_status":"closed","template":"","meta":[],"product_brand":[],"product_cat":[1286],"product_tag":[1271,1287,1270],"class_list":{"0":"post-14141","1":"product","2":"type-product","3":"status-publish","4":"has-post-thumbnail","6":"product_cat-bottiglie-di-olio-doliva","7":"product_tag-fruttato","8":"product_tag-intensivo","9":"product_tag-olivenoel-it","11":"first","12":"instock","13":"taxable","14":"shipping-taxable","15":"purchasable","16":"product-type-simple"},"_links":{"self":[{"href":"https:\/\/macchiaverde-bio.shop\/it\/wp-json\/wp\/v2\/product\/14141","targetHints":{"allow":["GET"]}}],"collection":[{"href":"https:\/\/macchiaverde-bio.shop\/it\/wp-json\/wp\/v2\/product"}],"about":[{"href":"https:\/\/macchiaverde-bio.shop\/it\/wp-json\/wp\/v2\/types\/product"}],"replies":[{"embeddable":true,"href":"https:\/\/macchiaverde-bio.shop\/it\/wp-json\/wp\/v2\/comments?post=14141"}],"wp:featuredmedia":[{"embeddable":true,"href":"https:\/\/macchiaverde-bio.shop\/it\/wp-json\/wp\/v2\/media\/14065"}],"wp:attachment":[{"href":"https:\/\/macchiaverde-bio.shop\/it\/wp-json\/wp\/v2\/media?parent=14141"}],"wp:term":[{"taxonomy":"product_brand","embeddable":true,"href":"https:\/\/macchiaverde-bio.shop\/it\/wp-json\/wp\/v2\/product_brand?post=14141"},{"taxonomy":"product_cat","embeddable":true,"href":"https:\/\/macchiaverde-bio.shop\/it\/wp-json\/wp\/v2\/product_cat?post=14141"},{"taxonomy":"product_tag","embeddable":true,"href":"https:\/\/macchiaverde-bio.shop\/it\/wp-json\/wp\/v2\/product_tag?post=14141"}],"curies":[{"name":"wp","href":"https:\/\/api.w.org\/{rel}","templated":true}]}}