{"id":14136,"date":"2019-12-09T18:20:33","date_gmt":"2019-12-09T17:20:33","guid":{"rendered":"https:\/\/macchiaverde-bio.shop\/produkt\/olio-di-oliva-biologico-leliodoro-bottiglie-6-x-250-ml\/"},"modified":"2024-06-22T12:08:08","modified_gmt":"2024-06-22T10:08:08","slug":"olio-doliva-biologico-leliodoro-bottiglie-6-x-250-ml","status":"publish","type":"product","link":"https:\/\/macchiaverde-bio.shop\/it\/produkt\/olio-doliva-biologico-leliodoro-bottiglie-6-x-250-ml\/","title":{"rendered":"Olio di Oliva Biologico &#8211; L&#8217;Eliodoro &#8211; Bottiglie 6 x 250 ml"},"content":{"rendered":"","protected":false},"excerpt":{"rendered":"<p>OLIO EXTRA<br \/>\nVERGINE DI OLIVA &#8211; SPREMUTO A FREDDO &#8211; <strong>CARTONE DA 6 bottiglie &#8211;<\/strong><\/p>\n<p>L&#8217;Eliodoro \u00e8 un olio equilibrato, giallo dorato di altissima qualit\u00e0, ottenuto dal 70% di olive Coratina e 30% Ogliarola. \u00c8 stato premiato in concorsi nazionali e internazionali, tra cui una medaglia d&#8217;argento nella categoria &#8220;Fruttato medio&#8221;, ed \u00e8 uno dei migliori della sua categoria con un contenuto di polifenoli di 714 mg\/kg.<\/p>\n","protected":false},"featured_media":14053,"comment_status":"open","ping_status":"closed","template":"","meta":[],"product_brand":[],"product_cat":[1286],"product_tag":[1271,1287,1270],"class_list":{"0":"post-14136","1":"product","2":"type-product","3":"status-publish","4":"has-post-thumbnail","6":"product_cat-bottiglie-di-olio-doliva","7":"product_tag-fruttato","8":"product_tag-intensivo","9":"product_tag-olivenoel-it","11":"first","12":"instock","13":"taxable","14":"shipping-taxable","15":"purchasable","16":"product-type-simple"},"_links":{"self":[{"href":"https:\/\/macchiaverde-bio.shop\/it\/wp-json\/wp\/v2\/product\/14136","targetHints":{"allow":["GET"]}}],"collection":[{"href":"https:\/\/macchiaverde-bio.shop\/it\/wp-json\/wp\/v2\/product"}],"about":[{"href":"https:\/\/macchiaverde-bio.shop\/it\/wp-json\/wp\/v2\/types\/product"}],"replies":[{"embeddable":true,"href":"https:\/\/macchiaverde-bio.shop\/it\/wp-json\/wp\/v2\/comments?post=14136"}],"wp:featuredmedia":[{"embeddable":true,"href":"https:\/\/macchiaverde-bio.shop\/it\/wp-json\/wp\/v2\/media\/14053"}],"wp:attachment":[{"href":"https:\/\/macchiaverde-bio.shop\/it\/wp-json\/wp\/v2\/media?parent=14136"}],"wp:term":[{"taxonomy":"product_brand","embeddable":true,"href":"https:\/\/macchiaverde-bio.shop\/it\/wp-json\/wp\/v2\/product_brand?post=14136"},{"taxonomy":"product_cat","embeddable":true,"href":"https:\/\/macchiaverde-bio.shop\/it\/wp-json\/wp\/v2\/product_cat?post=14136"},{"taxonomy":"product_tag","embeddable":true,"href":"https:\/\/macchiaverde-bio.shop\/it\/wp-json\/wp\/v2\/product_tag?post=14136"}],"curies":[{"name":"wp","href":"https:\/\/api.w.org\/{rel}","templated":true}]}}