{"id":14135,"date":"2020-01-14T22:32:03","date_gmt":"2020-01-14T21:32:03","guid":{"rendered":"https:\/\/macchiaverde-bio.shop\/produkt\/olio-doliva-biologico-classico-bottiglie-2-x-750-ml\/"},"modified":"2026-02-09T23:09:03","modified_gmt":"2026-02-09T22:09:03","slug":"olio-doliva-biologico-bottiglie-classiche-3x-750-ml","status":"publish","type":"product","link":"https:\/\/macchiaverde-bio.shop\/it\/produkt\/olio-doliva-biologico-bottiglie-classiche-3x-750-ml\/","title":{"rendered":"Olio d&#8217;Oliva Biologico &#8211; Classico &#8211; Bottiglie 3 x 750 ml"},"content":{"rendered":"","protected":false},"excerpt":{"rendered":"<p><strong>&#8211; Cartone 3 bottiglie 750ml &#8211;<\/strong><br \/>\nIl Classico \u00e8 un olio extra vergine di oliva equilibrato e di alta qualit\u00e0, una miscela di olive Coratina e Ogliarola. \u00c8 giallo dorato con riflessi verdi, fruttato medio, corposo, con note di mandorla e carciofo. \u00c8 adatto a una vasta gamma di piatti e potrebbe anche essere descritto come &#8220;l&#8217;olio d&#8217;oliva di tutti i giorni&#8221;.<\/p>\n","protected":false},"featured_media":14044,"comment_status":"open","ping_status":"closed","template":"","meta":[],"product_brand":[],"product_cat":[1286],"product_tag":[1321,1271],"class_list":{"0":"post-14135","1":"product","2":"type-product","3":"status-publish","4":"has-post-thumbnail","6":"product_cat-bottiglie-di-olio-doliva","7":"product_tag-corposo","8":"product_tag-fruttato","10":"first","11":"instock","12":"taxable","13":"shipping-taxable","14":"purchasable","15":"product-type-simple"},"_links":{"self":[{"href":"https:\/\/macchiaverde-bio.shop\/it\/wp-json\/wp\/v2\/product\/14135","targetHints":{"allow":["GET"]}}],"collection":[{"href":"https:\/\/macchiaverde-bio.shop\/it\/wp-json\/wp\/v2\/product"}],"about":[{"href":"https:\/\/macchiaverde-bio.shop\/it\/wp-json\/wp\/v2\/types\/product"}],"replies":[{"embeddable":true,"href":"https:\/\/macchiaverde-bio.shop\/it\/wp-json\/wp\/v2\/comments?post=14135"}],"wp:featuredmedia":[{"embeddable":true,"href":"https:\/\/macchiaverde-bio.shop\/it\/wp-json\/wp\/v2\/media\/14044"}],"wp:attachment":[{"href":"https:\/\/macchiaverde-bio.shop\/it\/wp-json\/wp\/v2\/media?parent=14135"}],"wp:term":[{"taxonomy":"product_brand","embeddable":true,"href":"https:\/\/macchiaverde-bio.shop\/it\/wp-json\/wp\/v2\/product_brand?post=14135"},{"taxonomy":"product_cat","embeddable":true,"href":"https:\/\/macchiaverde-bio.shop\/it\/wp-json\/wp\/v2\/product_cat?post=14135"},{"taxonomy":"product_tag","embeddable":true,"href":"https:\/\/macchiaverde-bio.shop\/it\/wp-json\/wp\/v2\/product_tag?post=14135"}],"curies":[{"name":"wp","href":"https:\/\/api.w.org\/{rel}","templated":true}]}}