{"id":14134,"date":"2015-03-08T22:24:30","date_gmt":"2015-03-08T21:24:30","guid":{"rendered":"https:\/\/macchiaverde-bio.shop\/produkt\/olio-di-oliva-biologico-lo-smeraldo-bottiglie-3-x-500-ml\/"},"modified":"2026-02-09T23:08:57","modified_gmt":"2026-02-09T22:08:57","slug":"olio-doliva-biologico-lo-smeraldo-bottiglie-3-x-500-ml","status":"publish","type":"product","link":"https:\/\/macchiaverde-bio.shop\/it\/produkt\/olio-doliva-biologico-lo-smeraldo-bottiglie-3-x-500-ml\/","title":{"rendered":"Olio di Oliva Biologico &#8211; Lo Smeraldo &#8211; Bottiglie 3 x 500 ml"},"content":{"rendered":"","protected":false},"excerpt":{"rendered":"<p>OLIO EXTRAVERGINE D&#8217;OLIVA<br \/>\n&#8211; SPREMUTO A FREDDO &#8211;<br \/>\n<strong>&#8211; cartone da 3 bottiglie &#8211;<\/strong><\/p>\n<p id=\"tw-target-text\" class=\"tw-data-text tw-text-large tw-ta\" dir=\"ltr\" data-placeholder=\"\u00dcbersetzung\"><span lang=\"de\">Lo Smeraldo \u00e8 un olio verde lussureggiante e corposo di altissima qualit\u00e0, viene spremuto da olive Coratina al 100%. Anno dopo anno ha partecipato a tutti i concorsi nazionali ed internazionali ottenendo la <strong>medaglia di platino<\/strong> nella categoria <strong>\u201cFull Fruity\u201d<\/strong> .<br \/>\n<\/span><\/p>\n<p class=\"tw-data-text tw-text-large tw-ta\" dir=\"ltr\" data-placeholder=\"\u00dcbersetzung\"><span lang=\"de\">Grazie all&#8217;utilizzo esclusivo delle <strong>olive Coratina<\/strong> , lo Smeraldo si caratterizza per il suo <strong>elevatissimo<\/strong> <strong>contenuto di polifenoli<\/strong> . L&#8217;alto contenuto di polifenoli in particolare conferisce all&#8217;olio di Coratina un gusto <strong>intenso, fruttato, fresco<\/strong> . Il profumo di oliva \u00e8 netto ed inconfondibile, si notano nette note di frutta cruda a piacere e sentori di mandorle verdi fresche.<\/span><\/p>\n<p dir=\"ltr\" data-placeholder=\"\u00dcbersetzung\">Lo Smeraldo \u00e8 ideale per <strong>pizza<\/strong> e <strong>primi<\/strong> piatti, ma anche focacce, <strong>bistecche<\/strong> e <strong>piatti alla griglia<\/strong> . \u00c8 anche l&#8217;olio d&#8217;oliva ideale per <strong>fare marinate e sottaceti barbecue<\/strong> , perch\u00e9 il massimo contenuto di polifenoli fa s\u00ec che penetri in profondit\u00e0 nella carne e trasporti gli aromi delle spezie<\/p>\n","protected":false},"featured_media":14059,"comment_status":"open","ping_status":"closed","template":"","meta":[],"product_brand":[],"product_cat":[1286],"product_tag":[1271,1287,1270],"class_list":{"0":"post-14134","1":"product","2":"type-product","3":"status-publish","4":"has-post-thumbnail","6":"product_cat-bottiglie-di-olio-doliva","7":"product_tag-fruttato","8":"product_tag-intensivo","9":"product_tag-olivenoel-it","11":"first","12":"instock","13":"taxable","14":"shipping-taxable","15":"purchasable","16":"product-type-simple"},"_links":{"self":[{"href":"https:\/\/macchiaverde-bio.shop\/it\/wp-json\/wp\/v2\/product\/14134","targetHints":{"allow":["GET"]}}],"collection":[{"href":"https:\/\/macchiaverde-bio.shop\/it\/wp-json\/wp\/v2\/product"}],"about":[{"href":"https:\/\/macchiaverde-bio.shop\/it\/wp-json\/wp\/v2\/types\/product"}],"replies":[{"embeddable":true,"href":"https:\/\/macchiaverde-bio.shop\/it\/wp-json\/wp\/v2\/comments?post=14134"}],"wp:featuredmedia":[{"embeddable":true,"href":"https:\/\/macchiaverde-bio.shop\/it\/wp-json\/wp\/v2\/media\/14059"}],"wp:attachment":[{"href":"https:\/\/macchiaverde-bio.shop\/it\/wp-json\/wp\/v2\/media?parent=14134"}],"wp:term":[{"taxonomy":"product_brand","embeddable":true,"href":"https:\/\/macchiaverde-bio.shop\/it\/wp-json\/wp\/v2\/product_brand?post=14134"},{"taxonomy":"product_cat","embeddable":true,"href":"https:\/\/macchiaverde-bio.shop\/it\/wp-json\/wp\/v2\/product_cat?post=14134"},{"taxonomy":"product_tag","embeddable":true,"href":"https:\/\/macchiaverde-bio.shop\/it\/wp-json\/wp\/v2\/product_tag?post=14134"}],"curies":[{"name":"wp","href":"https:\/\/api.w.org\/{rel}","templated":true}]}}