{"id":14112,"date":"2020-04-29T00:57:50","date_gmt":"2020-04-28T22:57:50","guid":{"rendered":"https:\/\/macchiaverde-bio.shop\/produkt\/olio-di-oliva-biologico-lo-smeraldo-leliodoro-bag-in-box-2-x-5-l\/"},"modified":"2024-06-22T12:05:38","modified_gmt":"2024-06-22T10:05:38","slug":"olio-d-oliva-bio-lo-smeraldo-leliodoro-bag-in-box-2-x-5-l","status":"publish","type":"product","link":"https:\/\/macchiaverde-bio.shop\/it\/produkt\/olio-d-oliva-bio-lo-smeraldo-leliodoro-bag-in-box-2-x-5-l\/","title":{"rendered":"Olio di Oliva Biologico &#8211; Lo Smeraldo + L&#8217;Eliodoro &#8211; Bag in Box 2 x 5 L"},"content":{"rendered":"","protected":false},"excerpt":{"rendered":"<p><strong>Olio di Oliva Biologico: Smeraldo + Eliodoro &#8211; 2 bag in box da 5 litri &#8211;<\/strong><\/p>\n<p>Lo Smeraldo \u00e8 un olio verde premium, ricco e corposo spremuto da olive 100% Coratina. Anno dopo anno ha partecipato a tutti i concorsi nazionali ed internazionali ed \u00e8 stato pi\u00f9 volte premiato con il disco di platino nella categoria \u201ctutto fruttato\u201d. Con <strong>1246 mg\/kg<\/strong> di polifenoli \u00e8 uno degli oli d&#8217;oliva leader a livello internazionale. Eliodoro \u00e8 un olio equilibrato, giallo dorato di altissima qualit\u00e0, prodotto con il 70% di olive Coratina e il 30% di olive Ogliarola. \u00c8 stato premiato con medaglie d&#8217;argento nella categoria &#8220;fruttato medio&#8221; in concorsi nazionali ed internazionali e si colloca al vertice di questa categoria con 714 mg\/kg di polifenoli.<\/p>\n","protected":false},"featured_media":14020,"comment_status":"closed","ping_status":"closed","template":"","meta":[],"product_brand":[],"product_cat":[1268,1267],"product_tag":[1271,1270],"class_list":{"0":"post-14112","1":"product","2":"type-product","3":"status-publish","4":"has-post-thumbnail","6":"product_cat-offerte-speciali","7":"product_cat-olio-evo-bag-in-box","8":"product_tag-fruttato","9":"product_tag-olivenoel-it","11":"first","12":"instock","13":"taxable","14":"shipping-taxable","15":"purchasable","16":"product-type-simple"},"_links":{"self":[{"href":"https:\/\/macchiaverde-bio.shop\/it\/wp-json\/wp\/v2\/product\/14112","targetHints":{"allow":["GET"]}}],"collection":[{"href":"https:\/\/macchiaverde-bio.shop\/it\/wp-json\/wp\/v2\/product"}],"about":[{"href":"https:\/\/macchiaverde-bio.shop\/it\/wp-json\/wp\/v2\/types\/product"}],"replies":[{"embeddable":true,"href":"https:\/\/macchiaverde-bio.shop\/it\/wp-json\/wp\/v2\/comments?post=14112"}],"wp:featuredmedia":[{"embeddable":true,"href":"https:\/\/macchiaverde-bio.shop\/it\/wp-json\/wp\/v2\/media\/14020"}],"wp:attachment":[{"href":"https:\/\/macchiaverde-bio.shop\/it\/wp-json\/wp\/v2\/media?parent=14112"}],"wp:term":[{"taxonomy":"product_brand","embeddable":true,"href":"https:\/\/macchiaverde-bio.shop\/it\/wp-json\/wp\/v2\/product_brand?post=14112"},{"taxonomy":"product_cat","embeddable":true,"href":"https:\/\/macchiaverde-bio.shop\/it\/wp-json\/wp\/v2\/product_cat?post=14112"},{"taxonomy":"product_tag","embeddable":true,"href":"https:\/\/macchiaverde-bio.shop\/it\/wp-json\/wp\/v2\/product_tag?post=14112"}],"curies":[{"name":"wp","href":"https:\/\/api.w.org\/{rel}","templated":true}]}}