{"id":14193,"date":"2019-04-02T16:17:42","date_gmt":"2019-04-02T14:17:42","guid":{"rendered":"https:\/\/macchiaverde-bio.shop\/protezione-dati\/"},"modified":"2022-06-30T13:54:40","modified_gmt":"2022-06-30T11:54:40","slug":"protezione-dati","status":"publish","type":"page","link":"https:\/\/macchiaverde-bio.shop\/it\/protezione-dati\/","title":{"rendered":"Protezione dati"},"content":{"rendered":"\n<div class=\"container section-title-container\" ><h1 class=\"section-title section-title-normal\"><b aria-hidden=\"true\"><\/b><span class=\"section-title-main\" >Protezione dati<\/span><b aria-hidden=\"true\"><\/b><\/h1><\/div>\n\n<h5>1. Generale<\/h5>\n<p>Tutti i servizi forniti da <strong>macchiaverdie-bio.shop<\/strong> per il cliente o visitatore si basano esclusivamente sulle seguenti condizioni generali. Disposizioni divergenti si applicano solo se concordate individualmente tra MACCHIA VERDE BIO e il cliente.<\/p>\n<h5>2. Conclusione del contratto<\/h5>\n<p>2.1&nbsp;&nbsp;&nbsp; Le offerte del negozio online rappresentano una richiesta di acquisto non vincolante per il cliente per ordinare la merce nel negozio online.<\/p>\n<p>2.2&nbsp;&nbsp;&nbsp; Ordinando la merce desiderata su Internet, il cliente presenta un&#8217;offerta vincolante per concludere un contratto di acquisto.<\/p>\n<p>2.3&nbsp;&nbsp;&nbsp; Il frantoio Macchia Verde Bio conferma la ricezione dell&#8217;ordine immediatamente, al pi\u00f9 tardi dopo il ricevimento dell&#8217;ordine. La conferma d&#8217;ordine non costituisce accettazione legale da parte nostra. L&#8217;offerta viene accettata da noi solo quando ti portiamo la merce per la spedizione. Riceverai una conferma scritta di spedizione via e-mail. Il cliente \u00e8 comunque vincolato alla sua offerta per un massimo di 14 giorni, salvo accordi diversi (riordino, consegna quando nuovamente disponibile).<\/p>\n<p>2.4&nbsp;&nbsp;&nbsp; Oggetto del contratto \u00e8 la merce ordinata dal cliente. Per quanto riguarda la qualit\u00e0, si applica la descrizione dell&#8217;offerta, altrimenti si applica il \u00a7 434 comma 1 Clausola 3 BGB.<\/p>\n<h5>3. Accordo sui costi di restituzione, diritto di recesso, esclusione del diritto di recesso<\/h5>\n<p>Accordo sull&#8217;assunzione delle spese: Se utilizzi il tuo diritto di recesso, devi sostenere le spese regolari del reso se la merce consegnata corrisponde a quella ordinata e se il prezzo della merce da restituire non supera un importo di 40 euro o se si paga un prezzo superiore non hanno ancora corrisposto il corrispettivo o un pagamento parziale contrattualmente pattuito per l&#8217;oggetto al momento della revoca. In caso contrario, il reso \u00e8 gratuito per te.<\/p>\n<p>Diritto di recesso:<br>Si applicano le disposizioni che possono essere visualizzate <a href=\"https:\/\/www.olivenoel-muehle.de\/widerrufsbelehrung\/\" target=\"_blank\" rel=\"noopener\"><strong><em>qui<\/em><\/strong><\/a> .<\/p>\n<p>Esclusione del diritto di recesso:<br>se la merce \u00e8 stata realizzata su specifica del cliente o \u00e8 stata chiaramente adattata alle sue esigenze personali o non \u00e8 adatta alla restituzione per la sua natura. Inoltre, si applicano ad altri casi di \u00a7 312d par. 4 BGB<\/p>\n<h5>4. Consegna<\/h5>\n<p>4.1. Tutti gli articoli saranno consegnati immediatamente, a condizione che siano disponibili a magazzino. Il tuo ordine verr\u00e0 consegnato nei paesi all&#8217;interno dell&#8217;Unione Europea che possono essere selezionati al momento del pagamento.<\/p>\n<p>4.2. Il tempo di consegna all&#8217;interno dell&#8217;Unione Europea \u00e8 solitamente di 5-7 giorni, salvo diversa indicazione. Puoi ottenere maggiori informazioni con il numero di tracciamento sul tracciamento della spedizione o sulle pagine informative del rispettivo logistico.<\/p>\n<p>4.3. Se un articolo \u00e8 temporaneamente non disponibile e quindi non disponibile, ti informeremo via e-mail sui tempi di consegna previsti o ti offriremo un articolo alternativo.<\/p>\n<h5>5. Costi di imballaggio e spedizione<\/h5>\n<p>Si applicano le disposizioni relative alle spese di imballaggio e spedizione, che possono essere visualizzate <a href=\"https:\/\/www.olivenoel-muehle.de\/versandarten\/\" target=\"_blank\" rel=\"noopener\"><strong><em>qui<\/em><\/strong><\/a> .<\/p>\n<h5>6. Pagamento, riserva di propriet\u00e0<\/h5>\n<p>6.1 Tutti i prezzi indicati sono prezzi lordi in euro e sono comprensivi dell&#8217;IVA legale della Repubblica Italiana al 4% o 21%. I prezzi sono validi il giorno in cui vengono inviati gli ordini.<\/p>\n<p>6.2 Si applicano le modalit\u00e0 di pagamento offerte in fase di checkout. Al termine dell&#8217;ordine avviene una pre-autorizzazione, che viene autorizzata al momento dell&#8217;emissione della fattura. Ci\u00f2 avviene contestualmente all&#8217;autorizzazione alla spedizione. Riceverai un messaggio separato al riguardo. Inoltre, i termini di pagamento del fornitore di servizi PayPal Inc. e Stripe Inc.<\/p>\n<p>6.3 La merce consegnata rimane di nostra propriet\u00e0 fino al completo pagamento (riserva di propriet\u00e0 ai sensi del \u00a7\u00a7158, 449 BGB). Il cliente \u00e8 tenuto a informarci immediatamente circa i provvedimenti esecutivi da parte di terzi in relazione alla merce soggetta a riservato dominio ea consegnare i documenti necessari per un intervento; ci\u00f2 vale anche per menomazioni di altro genere, indipendentemente da ci\u00f2, il cliente \u00e8 tenuto a informare preventivamente i terzi dei diritti sulla merce.<\/p>\n<h5>7. Garanzia<\/h5>\n<p>Se la prestazione supplementare \u00e8 avvenuta mediante una consegna sostitutiva, il cliente \u00e8 obbligato a restituirci la prima merce consegnata entro 30 giorni a nostre spese. La merce difettosa deve essere rispedita secondo le disposizioni di legge. Ci riserviamo il diritto di richiedere il risarcimento dei danni alle condizioni di legge. Gli accordi sussidiari sono validi solo in forma scritta.<\/p>\n<h5>8. Responsabilit\u00e0 per vizi<\/h5>\n<p>8.1&nbsp;&nbsp;&nbsp; olivenoele.com risponde in caso di dolo o colpa grave secondo le disposizioni di legge. La responsabilit\u00e0 per garanzie \u00e8 indipendente dalla colpa. Il negozio online risponde solo per negligenza lieve ai sensi delle disposizioni della legge sulla responsabilit\u00e0 del prodotto, per lesioni alla vita, all&#8217;incolumit\u00e0 fisica o alla salute o per violazione di obblighi contrattuali essenziali. Tuttavia, la richiesta di risarcimento per violazione lievemente colposa di obblighi contrattuali essenziali \u00e8 limitata al danno prevedibile tipico del contratto, in quanto non sussiste alcuna responsabilit\u00e0 per danni alla vita, all&#8217;incolumit\u00e0 fisica o alla salute. Il negozio online risponde nella stessa misura per la colpa di ausiliari e rappresentanti.<\/p>\n<p>8.2&nbsp;&nbsp;&nbsp; La disciplina del precedente paragrafo (8.1) si estende al risarcimento del danno oltre al servizio, al risarcimento del danno in luogo del servizio e alla domanda di risarcimento per spese sprecate, indipendentemente dal motivo giuridico, inclusa la responsabilit\u00e0 per vizi, ritardo o impossibilit\u00e0 .<\/p>\n<h5>9. Privacy<\/h5>\n<p>Si applica la nostra dichiarazione sulla protezione dei dati, a cui \u00e8 <a href=\"https:\/\/www.olivenoel-muehle.de\/datenschutzerklaerung\/\" target=\"_blank\" rel=\"noopener\"><strong><em>possibile<\/em><\/strong><\/a> accedere qui.<\/p>\n<h5>10. Diritto d&#8217;autore<\/h5>\n<p>I contenuti e le opere create da Macchia Verde Bio in queste pagine sono soggetti alla legge tedesca sul diritto d&#8217;autore. La duplicazione, la modifica, la distribuzione e qualsiasi tipo di sfruttamento al di fuori dei limiti del diritto d&#8217;autore richiedono il consenso scritto del rispettivo autore o creatore. Download e copie di questo sito sono consentiti solo per uso privato e non commerciale. Nella misura in cui il contenuto di questo sito non \u00e8 stato creato dal gestore, vengono rispettati i diritti d&#8217;autore di terzi. In particolare i contenuti di terzi sono contrassegnati come tali. Qualora doveste comunque venire a conoscenza di una violazione del diritto d&#8217;autore, vi chiediamo di informarci di conseguenza. Non appena veniamo a conoscenza di violazioni legali, rimuoveremo immediatamente tali contenuti.<\/p>\n<h5>11. Contenuti e link sui nostri siti<\/h5>\n<p>11.1&nbsp;&nbsp;&nbsp; I contenuti delle nostre pagine sono stati creati con grande cura. Tuttavia, non possiamo garantire che il contenuto sia corretto, completo o aggiornato. Come fornitore di servizi siamo secondo \u00a7 7 Abs.1 TMG \u00e8 responsabile dei propri contenuti su queste pagine secondo le leggi generali. Ai sensi dei \u00a7\u00a7 da 8 a 10 TMG, tuttavia, noi come fornitori di servizi non siamo obbligati a monitorare le informazioni di terze parti trasmesse o memorizzate o a indagare su circostanze che indicano attivit\u00e0 illegali. Gli obblighi di rimuovere o bloccare l&#8217;uso delle informazioni secondo le leggi generali rimangono inalterati. Tuttavia, la responsabilit\u00e0 al riguardo \u00e8 possibile solo dal momento in cui \u00e8 nota la conoscenza di una specifica violazione della legge. Non appena veniamo a conoscenza di eventuali violazioni della legge, rimuoveremo immediatamente questo contenuto.<\/p>\n<p>11.2 La nostra offerta contiene collegamenti a siti Web di terzi esterni sui cui contenuti non abbiamo alcuna influenza.<br>Pertanto non possiamo assumerci alcuna responsabilit\u00e0 per questi contenuti di terze parti. Il rispettivo fornitore o gestore delle pagine \u00e8 sempre responsabile del contenuto delle pagine collegate.<\/p>\n<p>Le pagine collegate sono state controllate per possibili violazioni legali al momento del collegamento. Il contenuto illegale non era riconoscibile al momento del collegamento. Tuttavia, un controllo permanente del contenuto delle pagine collegate non \u00e8 ragionevole senza prove concrete di una violazione. Non appena veniamo a conoscenza di violazioni legali, rimuoveremo immediatamente tali collegamenti.<\/p>\n<h5>12. Disposizioni finali<\/h5>\n<p>La validit\u00e0 del diritto di vendita delle Nazioni Unite \u00e8 esclusa, si applica il diritto tedesco. Con un ordine si accettano le condizioni generali del negozio online.<br>Se il cliente non ha un foro generale in Germania o in un altro stato membro dell&#8217;UE, il foro competente per tutte le controversie derivanti dal presente contratto \u00e8 la nostra sede: <strong>Tribunale di Bari<\/strong>&nbsp; (BA)<\/p>\n","protected":false},"excerpt":{"rendered":"","protected":false},"author":1,"featured_media":0,"parent":0,"menu_order":7,"comment_status":"closed","ping_status":"closed","template":"","meta":{"footnotes":""},"class_list":["post-14193","page","type-page","status-publish","hentry"],"_links":{"self":[{"href":"https:\/\/macchiaverde-bio.shop\/it\/wp-json\/wp\/v2\/pages\/14193","targetHints":{"allow":["GET"]}}],"collection":[{"href":"https:\/\/macchiaverde-bio.shop\/it\/wp-json\/wp\/v2\/pages"}],"about":[{"href":"https:\/\/macchiaverde-bio.shop\/it\/wp-json\/wp\/v2\/types\/page"}],"author":[{"embeddable":true,"href":"https:\/\/macchiaverde-bio.shop\/it\/wp-json\/wp\/v2\/users\/1"}],"replies":[{"embeddable":true,"href":"https:\/\/macchiaverde-bio.shop\/it\/wp-json\/wp\/v2\/comments?post=14193"}],"version-history":[{"count":0,"href":"https:\/\/macchiaverde-bio.shop\/it\/wp-json\/wp\/v2\/pages\/14193\/revisions"}],"wp:attachment":[{"href":"https:\/\/macchiaverde-bio.shop\/it\/wp-json\/wp\/v2\/media?parent=14193"}],"curies":[{"name":"wp","href":"https:\/\/api.w.org\/{rel}","templated":true}]}}