{"id":21674,"date":"2015-03-08T22:24:30","date_gmt":"2015-03-08T21:24:30","guid":{"rendered":"https:\/\/macchiaverde-bio.shop\/produkt\/bio-olivaolaj-lo-smeraldo-palackok-3-x-500-ml\/"},"modified":"2026-02-09T23:08:58","modified_gmt":"2026-02-09T22:08:58","slug":"bio-olivaolaj-lo-smeraldo-palackok-3-x-500-ml","status":"publish","type":"product","link":"https:\/\/macchiaverde-bio.shop\/hu\/produkt\/bio-olivaolaj-lo-smeraldo-palackok-3-x-500-ml\/","title":{"rendered":"Bio ol\u00edvaolaj &#8211; Lo Smeraldo &#8211; Palackok 3 x 500 ml"},"content":{"rendered":"","protected":false},"excerpt":{"rendered":"<p>EXTRA SZ\u00dcZ OL\u00cdVAOLAJ<br \/>\n \u2013 HIDEG SAJTOTT \u2013<br \/>\n<strong>&#8211; 3 \u00fcveges karton &#8211;<\/strong><\/p>\n<p id=\"tw-target-text\" class=\"tw-data-text tw-text-large tw-ta\" dir=\"ltr\" data-placeholder=\"\u00dcbersetzung\"><span lang=\"de\">A Smeraldo (Smaragd) egy gazdag z\u00f6ld \u00e9s telt ol\u00edvaolaj, a legmagasabb min\u0151s\u00e9g\u0171, 100% Coratina ol\u00edvabogy\u00f3b\u00f3l pr\u00e9selik. \u00c9vr\u0151l \u00e9vre r\u00e9szt vett minden hazai \u00e9s nemzetk\u00f6zi versenyen, \u00e9s a <strong>\u201eFull Fruity\u201d<\/strong> kateg\u00f3ri\u00e1ban <strong>platina\u00e9remig<\/strong> jutalmazt\u00e1k.<br \/>\n<\/span><\/p>\n<p class=\"tw-data-text tw-text-large tw-ta\" dir=\"ltr\" data-placeholder=\"\u00dcbersetzung\"><span lang=\"de\">A <strong>Coratina olajbogy\u00f3<\/strong> kiz\u00e1r\u00f3lagos felhaszn\u00e1l\u00e1s\u00e1nak k\u00f6sz\u00f6nhet\u0151en a Smerald\u00f3t rendk\u00edv\u00fcl <strong>magas<\/strong> <strong>polifenoltartalma<\/strong> jellemzi. Pontosan a magas polifenoltartalom adja a Coratina olaj\u00e1nak <strong>intenz\u00edv, gy\u00fcm\u00f6lcs\u00f6s, friss<\/strong> \u00edz\u00e9t. Az olajbogy\u00f3 illata tiszta \u00e9s \u00f6sszet\u00e9veszthetetlen, tiszt\u00e1n \u00e9rz\u0151dik a nyers gy\u00fcm\u00f6lcs \u00e9s a friss z\u00f6ld mandula jegye.  <\/span><\/p>\n<p dir=\"ltr\" data-placeholder=\"\u00dcbersetzung\">A Smeraldo ide\u00e1lis <strong>pizza-<\/strong> \u00e9s <strong>t\u00e9szta\u00e9telekhez<\/strong> , valamint focaccia-, <strong>steak-<\/strong> \u00e9s <strong>grill\u00e9telekhez<\/strong> . Ide\u00e1lis ol\u00edvaolaj <strong>barbecue p\u00e1cok<\/strong> \u00e9s savany\u00fas\u00e1gok k\u00e9sz\u00edt\u00e9s\u00e9hez is, mert a magas polifenoltartalom miatt m\u00e9lyen behatol a h\u00fasba \u00e9s tov\u00e1bb\u00edtja a f\u0171szerek arom\u00e1it. <\/p>\n","protected":false},"featured_media":21675,"comment_status":"open","ping_status":"closed","template":"","meta":[],"product_brand":[],"product_cat":[1563],"product_tag":[1566,1567,1564],"class_list":{"0":"post-21674","1":"product","2":"type-product","3":"status-publish","4":"has-post-thumbnail","6":"product_cat-olivaolajos-uevegek","7":"product_tag-gyuemoelcsoes","8":"product_tag-intenziv","9":"product_tag-olivaolaj","11":"first","12":"instock","13":"taxable","14":"shipping-taxable","15":"purchasable","16":"product-type-simple"},"_links":{"self":[{"href":"https:\/\/macchiaverde-bio.shop\/hu\/wp-json\/wp\/v2\/product\/21674","targetHints":{"allow":["GET"]}}],"collection":[{"href":"https:\/\/macchiaverde-bio.shop\/hu\/wp-json\/wp\/v2\/product"}],"about":[{"href":"https:\/\/macchiaverde-bio.shop\/hu\/wp-json\/wp\/v2\/types\/product"}],"replies":[{"embeddable":true,"href":"https:\/\/macchiaverde-bio.shop\/hu\/wp-json\/wp\/v2\/comments?post=21674"}],"wp:featuredmedia":[{"embeddable":true,"href":"https:\/\/macchiaverde-bio.shop\/hu\/wp-json\/wp\/v2\/media\/21675"}],"wp:attachment":[{"href":"https:\/\/macchiaverde-bio.shop\/hu\/wp-json\/wp\/v2\/media?parent=21674"}],"wp:term":[{"taxonomy":"product_brand","embeddable":true,"href":"https:\/\/macchiaverde-bio.shop\/hu\/wp-json\/wp\/v2\/product_brand?post=21674"},{"taxonomy":"product_cat","embeddable":true,"href":"https:\/\/macchiaverde-bio.shop\/hu\/wp-json\/wp\/v2\/product_cat?post=21674"},{"taxonomy":"product_tag","embeddable":true,"href":"https:\/\/macchiaverde-bio.shop\/hu\/wp-json\/wp\/v2\/product_tag?post=21674"}],"curies":[{"name":"wp","href":"https:\/\/api.w.org\/{rel}","templated":true}]}}