{"id":21672,"date":"2019-02-09T15:05:01","date_gmt":"2019-02-09T14:05:01","guid":{"rendered":"https:\/\/macchiaverde-bio.shop\/produkt\/bio-olivaolaj-lo-smeraldo-6-x-250-ml-es-palackok\/"},"modified":"2019-02-09T15:05:01","modified_gmt":"2019-02-09T14:05:01","slug":"bio-olivaolaj-lo-smeraldo-6-x-250-ml-es-palackok","status":"publish","type":"product","link":"https:\/\/macchiaverde-bio.shop\/hu\/produkt\/bio-olivaolaj-lo-smeraldo-6-x-250-ml-es-palackok\/","title":{"rendered":"Bio ol\u00edvaolaj \u2013 Lo Smeraldo \u2013 6 x 250 ml-es palackok"},"content":{"rendered":"","protected":false},"excerpt":{"rendered":"<p><strong>&#8211; Doboz 6 \u00fcveggel &#8211;<\/strong><\/p>\n<p>A Smeraldo egy gazdag, testes z\u00f6ld ol\u00edvaolaj, a legmagasabb min\u0151s\u00e9g\u0171, 100% Coratina olajbogy\u00f3b\u00f3l pr\u00e9selve. \u00c9vr\u0151l \u00e9vre r\u00e9szt vett az \u00f6sszes hazai \u00e9s nemzetk\u00f6zi versenyen, arany\u00e9rmet nyert a &#8222;Full Fruit&#8221; kateg\u00f3ri\u00e1ban, \u00e9s az egyik legjobb nemzetk\u00f6zi term\u00e9k. A <strong>Coratina olajbogy\u00f3<\/strong> kiz\u00e1r\u00f3lagos felhaszn\u00e1l\u00e1s\u00e1nak k\u00f6sz\u00f6nhet\u0151en a Smeraldo-t <strong>nagyon magas polifenoltartalom<\/strong> jellemzi. Mindenekel\u0151tt a magas polifenoltartalom intenz\u00edv, gy\u00fcm\u00f6lcs\u00f6s \u00e9s friss \u00edzt ad a Coratina olajnak. Az olajbogy\u00f3 illata tiszta \u00e9s \u00f6sszet\u00e9veszthetetlen, \u00edz\u00e9ben nyers gy\u00fcm\u00f6lcs \u00e9s egy csipetnyi friss z\u00f6ld mandula \u00e9rz\u0151dik. A Smeraldo ide\u00e1lis <strong>pizz\u00e1hoz<\/strong> \u00e9s els\u0151 fog\u00e1sokhoz, focaccia-hoz, <strong>steakekhez \u00e9s grill\u00e9telekhez<\/strong> . <strong>P\u00e1cok \u00e9s barbecue sz\u00f3szok k\u00e9sz\u00edt\u00e9s\u00e9hez<\/strong> is ide\u00e1lis ol\u00edvaolaj, mivel magas polifenoltartalma biztos\u00edtja, hogy m\u00e9lyen behatol a h\u00fasba, \u00e9s \u00e1tadja a h\u00fas \u00edz\u00e9t.    <\/p>\n","protected":false},"featured_media":21673,"comment_status":"closed","ping_status":"closed","template":"","meta":[],"product_brand":[],"product_cat":[1563],"product_tag":[1566,1567,1591],"class_list":{"0":"post-21672","1":"product","2":"type-product","3":"status-publish","4":"has-post-thumbnail","6":"product_cat-olivaolajos-uevegek","7":"product_tag-gyuemoelcsoes","8":"product_tag-intenziv","9":"product_tag-polifenolok","11":"first","12":"instock","13":"taxable","14":"shipping-taxable","15":"purchasable","16":"product-type-simple"},"_links":{"self":[{"href":"https:\/\/macchiaverde-bio.shop\/hu\/wp-json\/wp\/v2\/product\/21672","targetHints":{"allow":["GET"]}}],"collection":[{"href":"https:\/\/macchiaverde-bio.shop\/hu\/wp-json\/wp\/v2\/product"}],"about":[{"href":"https:\/\/macchiaverde-bio.shop\/hu\/wp-json\/wp\/v2\/types\/product"}],"replies":[{"embeddable":true,"href":"https:\/\/macchiaverde-bio.shop\/hu\/wp-json\/wp\/v2\/comments?post=21672"}],"wp:featuredmedia":[{"embeddable":true,"href":"https:\/\/macchiaverde-bio.shop\/hu\/wp-json\/wp\/v2\/media\/21673"}],"wp:attachment":[{"href":"https:\/\/macchiaverde-bio.shop\/hu\/wp-json\/wp\/v2\/media?parent=21672"}],"wp:term":[{"taxonomy":"product_brand","embeddable":true,"href":"https:\/\/macchiaverde-bio.shop\/hu\/wp-json\/wp\/v2\/product_brand?post=21672"},{"taxonomy":"product_cat","embeddable":true,"href":"https:\/\/macchiaverde-bio.shop\/hu\/wp-json\/wp\/v2\/product_cat?post=21672"},{"taxonomy":"product_tag","embeddable":true,"href":"https:\/\/macchiaverde-bio.shop\/hu\/wp-json\/wp\/v2\/product_tag?post=21672"}],"curies":[{"name":"wp","href":"https:\/\/api.w.org\/{rel}","templated":true}]}}