{"id":21668,"date":"2020-01-14T22:32:03","date_gmt":"2020-01-14T21:32:03","guid":{"rendered":"https:\/\/macchiaverde-bio.shop\/produkt\/bio-olivaolaj-klasszikus-palackok-3-x-750-ml\/"},"modified":"2026-02-09T23:09:03","modified_gmt":"2026-02-09T22:09:03","slug":"bio-olivaolaj-klasszikus-palackok-3-x-750-ml","status":"publish","type":"product","link":"https:\/\/macchiaverde-bio.shop\/hu\/produkt\/bio-olivaolaj-klasszikus-palackok-3-x-750-ml\/","title":{"rendered":"Bio ol\u00edvaolaj &#8211; Klasszikus &#8211; Palackok 3 x 750 ml"},"content":{"rendered":"","protected":false},"excerpt":{"rendered":"<p><strong>&#8211; 3 doboz 750 ml-es<\/strong><br \/>\n A Classico egy kiegyens\u00falyozott, kiv\u00e1l\u00f3 min\u0151s\u00e9g\u0171 extra sz\u0171z ol\u00edvaolaj, Coratina \u00e9s Ogliarola olajbogy\u00f3 kever\u00e9ke. Aranys\u00e1rga, z\u00f6ld t\u00fckr\u00f6z\u0151d\u00e9sekkel, k\u00f6zepesen gy\u00fcm\u00f6lcs\u00f6s, testes, mandula \u00e9s artics\u00f3ka jegyekkel. Sokf\u00e9le \u00e9tel elk\u00e9sz\u00edt\u00e9s\u00e9re alkalmas, \u00e9s &#8222;h\u00e9tk\u00f6znapi ol\u00edvaolajnak&#8221; is nevezhetn\u00e9nk.  <\/p>\n","protected":false},"featured_media":21669,"comment_status":"open","ping_status":"closed","template":"","meta":[],"product_brand":[],"product_cat":[1563],"product_tag":[1566,1590],"class_list":{"0":"post-21668","1":"product","2":"type-product","3":"status-publish","4":"has-post-thumbnail","6":"product_cat-olivaolajos-uevegek","7":"product_tag-gyuemoelcsoes","8":"product_tag-testes","10":"first","11":"instock","12":"taxable","13":"shipping-taxable","14":"purchasable","15":"product-type-simple"},"_links":{"self":[{"href":"https:\/\/macchiaverde-bio.shop\/hu\/wp-json\/wp\/v2\/product\/21668","targetHints":{"allow":["GET"]}}],"collection":[{"href":"https:\/\/macchiaverde-bio.shop\/hu\/wp-json\/wp\/v2\/product"}],"about":[{"href":"https:\/\/macchiaverde-bio.shop\/hu\/wp-json\/wp\/v2\/types\/product"}],"replies":[{"embeddable":true,"href":"https:\/\/macchiaverde-bio.shop\/hu\/wp-json\/wp\/v2\/comments?post=21668"}],"wp:featuredmedia":[{"embeddable":true,"href":"https:\/\/macchiaverde-bio.shop\/hu\/wp-json\/wp\/v2\/media\/21669"}],"wp:attachment":[{"href":"https:\/\/macchiaverde-bio.shop\/hu\/wp-json\/wp\/v2\/media?parent=21668"}],"wp:term":[{"taxonomy":"product_brand","embeddable":true,"href":"https:\/\/macchiaverde-bio.shop\/hu\/wp-json\/wp\/v2\/product_brand?post=21668"},{"taxonomy":"product_cat","embeddable":true,"href":"https:\/\/macchiaverde-bio.shop\/hu\/wp-json\/wp\/v2\/product_cat?post=21668"},{"taxonomy":"product_tag","embeddable":true,"href":"https:\/\/macchiaverde-bio.shop\/hu\/wp-json\/wp\/v2\/product_tag?post=21668"}],"curies":[{"name":"wp","href":"https:\/\/api.w.org\/{rel}","templated":true}]}}