{"id":21664,"date":"2020-03-12T00:00:28","date_gmt":"2020-03-11T23:00:28","guid":{"rendered":"https:\/\/macchiaverde-bio.shop\/produkt\/bio-olivaolaj-lo-smeraldo-5-literes-dobozban\/"},"modified":"2020-03-12T00:00:28","modified_gmt":"2020-03-11T23:00:28","slug":"bio-olivaolaj-lo-smeraldo-5-literes-dobozban","status":"publish","type":"product","link":"https:\/\/macchiaverde-bio.shop\/hu\/produkt\/bio-olivaolaj-lo-smeraldo-5-literes-dobozban\/","title":{"rendered":"Bio ol\u00edvaolaj &#8211; Lo Smeraldo &#8211; 5 literes dobozban"},"content":{"rendered":"","protected":false},"excerpt":{"rendered":"<p><strong>&#8211; Lo Smeraldo &#8211; Bag In Box 5 L &#8211;<\/strong><br \/>\n A Smeraldo a legjobb min\u0151s\u00e9g\u0171 z\u00f6ld \u00e9s testes olaj, amelyet 100% Coratina ol\u00edvabogy\u00f3b\u00f3l pr\u00e9selnek. \u00c9vr\u0151l \u00e9vre r\u00e9szt vett minden hazai \u00e9s nemzetk\u00f6zi versenyen, \u00e9s arany \u00e9s platina d\u00edjat kapott a &#8222;Full Fruit&#8221; kateg\u00f3ri\u00e1ban. 1246 mg\/kg polifenolokkal az ol\u00edvaolaj-termel\u0151k nemzetk\u00f6zi cs\u00facscsoportj\u00e1ba tartozik. A praktikus &#8222;Bag in Box&#8221;-ban az ol\u00edvaolaj olyan friss marad, mint az els\u0151 napon az utols\u00f3 cseppig.   <\/p>\n","protected":false},"featured_media":21665,"comment_status":"open","ping_status":"closed","template":"","meta":[],"product_brand":[],"product_cat":[1571,1586],"product_tag":[1577,1566,1567,1564],"class_list":{"0":"post-21664","1":"product","2":"type-product","3":"status-publish","4":"has-post-thumbnail","6":"product_cat-kueloenleges-ajanlatok","7":"product_cat-olivaolajos-zacsko-dobozaban","8":"product_tag-ajanlat","9":"product_tag-gyuemoelcsoes","10":"product_tag-intenziv","11":"product_tag-olivaolaj","13":"first","14":"instock","15":"taxable","16":"shipping-taxable","17":"purchasable","18":"product-type-simple"},"_links":{"self":[{"href":"https:\/\/macchiaverde-bio.shop\/hu\/wp-json\/wp\/v2\/product\/21664","targetHints":{"allow":["GET"]}}],"collection":[{"href":"https:\/\/macchiaverde-bio.shop\/hu\/wp-json\/wp\/v2\/product"}],"about":[{"href":"https:\/\/macchiaverde-bio.shop\/hu\/wp-json\/wp\/v2\/types\/product"}],"replies":[{"embeddable":true,"href":"https:\/\/macchiaverde-bio.shop\/hu\/wp-json\/wp\/v2\/comments?post=21664"}],"wp:featuredmedia":[{"embeddable":true,"href":"https:\/\/macchiaverde-bio.shop\/hu\/wp-json\/wp\/v2\/media\/21665"}],"wp:attachment":[{"href":"https:\/\/macchiaverde-bio.shop\/hu\/wp-json\/wp\/v2\/media?parent=21664"}],"wp:term":[{"taxonomy":"product_brand","embeddable":true,"href":"https:\/\/macchiaverde-bio.shop\/hu\/wp-json\/wp\/v2\/product_brand?post=21664"},{"taxonomy":"product_cat","embeddable":true,"href":"https:\/\/macchiaverde-bio.shop\/hu\/wp-json\/wp\/v2\/product_cat?post=21664"},{"taxonomy":"product_tag","embeddable":true,"href":"https:\/\/macchiaverde-bio.shop\/hu\/wp-json\/wp\/v2\/product_tag?post=21664"}],"curies":[{"name":"wp","href":"https:\/\/api.w.org\/{rel}","templated":true}]}}