{"id":21662,"date":"2020-03-12T00:26:16","date_gmt":"2020-03-11T23:26:16","guid":{"rendered":"https:\/\/macchiaverde-bio.shop\/produkt\/organikus-olivaolaj-leliodoro-5-literes-dobozban\/"},"modified":"2020-03-12T00:26:16","modified_gmt":"2020-03-11T23:26:16","slug":"organikus-olivaolaj-leliodoro-5-literes-dobozban","status":"publish","type":"product","link":"https:\/\/macchiaverde-bio.shop\/hu\/produkt\/organikus-olivaolaj-leliodoro-5-literes-dobozban\/","title":{"rendered":"Organikus ol\u00edvaolaj &#8211; L&#8217;Eliodoro &#8211; 5 literes dobozban"},"content":{"rendered":"","protected":false},"excerpt":{"rendered":"<p>\u2013 <strong>Zs\u00e1k 5 literes dobozban \u2013<\/strong><br \/>\n A L&#8217;Eliodoro (The Heliodor) egy aranys\u00e1rga \u00e9s kiegyens\u00falyozott ol\u00edvaolaj, a legmagasabb min\u0151s\u00e9g\u0171, 70% Coratina \u00e9s 30% Ogliarola ol\u00edvabogy\u00f3b\u00f3l nyerik. Hazai \u00e9s nemzetk\u00f6zi versenyeken a \u201eK\u00f6zepes gy\u00fcm\u00f6lcs\u00f6s\u201d kateg\u00f3ria ez\u00fcst\u00e9remig d\u00edjazt\u00e1k, 714 mg\/kg polifenoltartalm\u00e1val kateg\u00f3ri\u00e1j\u00e1ban az egyik vezet\u0151. A praktikus \u201eBag in Box\u201d-ban az ol\u00edvaolaj olyan friss marad, mint az els\u0151 napon az utols\u00f3 cseppig.  <\/p>\n","protected":false},"featured_media":21663,"comment_status":"open","ping_status":"closed","template":"","meta":[],"product_brand":[],"product_cat":[1571,1586],"product_tag":[1577,1566,1567,1564],"class_list":{"0":"post-21662","1":"product","2":"type-product","3":"status-publish","4":"has-post-thumbnail","6":"product_cat-kueloenleges-ajanlatok","7":"product_cat-olivaolajos-zacsko-dobozaban","8":"product_tag-ajanlat","9":"product_tag-gyuemoelcsoes","10":"product_tag-intenziv","11":"product_tag-olivaolaj","13":"first","14":"instock","15":"taxable","16":"shipping-taxable","17":"purchasable","18":"product-type-simple"},"_links":{"self":[{"href":"https:\/\/macchiaverde-bio.shop\/hu\/wp-json\/wp\/v2\/product\/21662","targetHints":{"allow":["GET"]}}],"collection":[{"href":"https:\/\/macchiaverde-bio.shop\/hu\/wp-json\/wp\/v2\/product"}],"about":[{"href":"https:\/\/macchiaverde-bio.shop\/hu\/wp-json\/wp\/v2\/types\/product"}],"replies":[{"embeddable":true,"href":"https:\/\/macchiaverde-bio.shop\/hu\/wp-json\/wp\/v2\/comments?post=21662"}],"wp:featuredmedia":[{"embeddable":true,"href":"https:\/\/macchiaverde-bio.shop\/hu\/wp-json\/wp\/v2\/media\/21663"}],"wp:attachment":[{"href":"https:\/\/macchiaverde-bio.shop\/hu\/wp-json\/wp\/v2\/media?parent=21662"}],"wp:term":[{"taxonomy":"product_brand","embeddable":true,"href":"https:\/\/macchiaverde-bio.shop\/hu\/wp-json\/wp\/v2\/product_brand?post=21662"},{"taxonomy":"product_cat","embeddable":true,"href":"https:\/\/macchiaverde-bio.shop\/hu\/wp-json\/wp\/v2\/product_cat?post=21662"},{"taxonomy":"product_tag","embeddable":true,"href":"https:\/\/macchiaverde-bio.shop\/hu\/wp-json\/wp\/v2\/product_tag?post=21662"}],"curies":[{"name":"wp","href":"https:\/\/api.w.org\/{rel}","templated":true}]}}