{"id":21656,"date":"2020-03-13T00:39:55","date_gmt":"2020-03-12T23:39:55","guid":{"rendered":"https:\/\/macchiaverde-bio.shop\/produkt\/organikus-olivaolaj-classic-palackok-6-x-750-ml\/"},"modified":"2025-02-25T18:28:41","modified_gmt":"2025-02-25T17:28:41","slug":"organikus-olivaolaj-classic-palackok-6-x-750-ml","status":"publish","type":"product","link":"https:\/\/macchiaverde-bio.shop\/hu\/produkt\/organikus-olivaolaj-classic-palackok-6-x-750-ml\/","title":{"rendered":"Organikus ol\u00edvaolaj &#8211; Classic &#8211; Palackok 6 x 750 ml"},"content":{"rendered":"","protected":false},"excerpt":{"rendered":"<p><strong>\u2013 Doboz 6 x 750 ml-es \u00fcveg \u2013<\/strong><br \/>\n A Classic egy kiv\u00e1l\u00f3 min\u0151s\u00e9g\u0171, kiegyens\u00falyozott extra sz\u0171z ol\u00edvaolaj, Coratina \u00e9s Ogliarola olajbogy\u00f3 kever\u00e9ke. Aranys\u00e1rg\u00e1nak t\u0171nik, z\u00f6ld t\u00fckr\u00f6z\u0151d\u00e9sekkel, k\u00f6zepesen gy\u00fcm\u00f6lcs\u00f6s, testes, mandula \u00e9s artics\u00f3ka jegyekkel. Sokf\u00e9le \u00e9tel elk\u00e9sz\u00edt\u00e9s\u00e9re alkalmas, \u00e9s \u201emindennapi ol\u00edvaolajnak\u201d is nevezhetn\u00e9nk.  <\/p>\n","protected":false},"featured_media":21657,"comment_status":"closed","ping_status":"closed","template":"","meta":[],"product_brand":[],"product_cat":[1563],"product_tag":[1577,1566,1590],"class_list":{"0":"post-21656","1":"product","2":"type-product","3":"status-publish","4":"has-post-thumbnail","6":"product_cat-olivaolajos-uevegek","7":"product_tag-ajanlat","8":"product_tag-gyuemoelcsoes","9":"product_tag-testes","11":"first","12":"instock","13":"taxable","14":"shipping-taxable","15":"purchasable","16":"product-type-simple"},"_links":{"self":[{"href":"https:\/\/macchiaverde-bio.shop\/hu\/wp-json\/wp\/v2\/product\/21656","targetHints":{"allow":["GET"]}}],"collection":[{"href":"https:\/\/macchiaverde-bio.shop\/hu\/wp-json\/wp\/v2\/product"}],"about":[{"href":"https:\/\/macchiaverde-bio.shop\/hu\/wp-json\/wp\/v2\/types\/product"}],"replies":[{"embeddable":true,"href":"https:\/\/macchiaverde-bio.shop\/hu\/wp-json\/wp\/v2\/comments?post=21656"}],"wp:featuredmedia":[{"embeddable":true,"href":"https:\/\/macchiaverde-bio.shop\/hu\/wp-json\/wp\/v2\/media\/21657"}],"wp:attachment":[{"href":"https:\/\/macchiaverde-bio.shop\/hu\/wp-json\/wp\/v2\/media?parent=21656"}],"wp:term":[{"taxonomy":"product_brand","embeddable":true,"href":"https:\/\/macchiaverde-bio.shop\/hu\/wp-json\/wp\/v2\/product_brand?post=21656"},{"taxonomy":"product_cat","embeddable":true,"href":"https:\/\/macchiaverde-bio.shop\/hu\/wp-json\/wp\/v2\/product_cat?post=21656"},{"taxonomy":"product_tag","embeddable":true,"href":"https:\/\/macchiaverde-bio.shop\/hu\/wp-json\/wp\/v2\/product_tag?post=21656"}],"curies":[{"name":"wp","href":"https:\/\/api.w.org\/{rel}","templated":true}]}}