{"id":21653,"date":"2020-03-13T00:49:11","date_gmt":"2020-03-12T23:49:11","guid":{"rendered":"https:\/\/macchiaverde-bio.shop\/produkt\/bio-olivaolaj-lo-smeraldo-palackok-6-x-500-ml\/"},"modified":"2025-02-25T18:26:59","modified_gmt":"2025-02-25T17:26:59","slug":"bio-olivaolaj-lo-smeraldo-palackok-6-x-500-ml","status":"publish","type":"product","link":"https:\/\/macchiaverde-bio.shop\/hu\/produkt\/bio-olivaolaj-lo-smeraldo-palackok-6-x-500-ml\/","title":{"rendered":"Bio ol\u00edvaolaj &#8211; Lo Smeraldo &#8211; Palackok 6 x 500 ml"},"content":{"rendered":"","protected":false},"excerpt":{"rendered":"<p>EXTRA SZ\u00dcZ OL\u00cdVAOLAJ<br \/>\n &#8211; HIDEG SAJTOTT &#8211;<br \/>\n<strong>&#8211; Doboz 6 \u00fcveggel &#8211;<\/strong><\/p>\n<p>A Smeraldo egy gazdag, testes z\u00f6ld ol\u00edvaolaj, a legmagasabb min\u0151s\u00e9g\u0171, 100% Coratina olajbogy\u00f3b\u00f3l pr\u00e9selve. \u00c9vr\u0151l \u00e9vre r\u00e9szt vett minden hazai \u00e9s nemzetk\u00f6zi versenyen, \u00e9s az egyik vezet\u0151 nemzetk\u00f6zi producer. A <strong>Coratina olajbogy\u00f3<\/strong> kiz\u00e1r\u00f3lagos felhaszn\u00e1l\u00e1s\u00e1nak k\u00f6sz\u00f6nhet\u0151en a Smeraldo-t <strong>nagyon magas polifenoltartalom<\/strong> jellemzi. Mindenekel\u0151tt a magas polifenoltartalom intenz\u00edv, gy\u00fcm\u00f6lcs\u00f6s \u00e9s friss \u00edzt ad a Coratina olajnak. Az olajbogy\u00f3 illata tiszta \u00e9s \u00f6sszet\u00e9veszthetetlen, \u00edz\u00e9ben nyers gy\u00fcm\u00f6lcs \u00e9s egy csipetnyi friss z\u00f6ld mandula \u00e9rz\u0151dik. A Smeraldo ide\u00e1lis <strong>pizz\u00e1hoz<\/strong> \u00e9s els\u0151 fog\u00e1sokhoz, focaccia-hoz, <strong>steakekhez \u00e9s grill\u00e9telekhez<\/strong> . <strong>P\u00e1cok \u00e9s barbecue sz\u00f3szok k\u00e9sz\u00edt\u00e9s\u00e9hez<\/strong> is ide\u00e1lis ol\u00edvaolaj, mivel magas polifenoltartalma biztos\u00edtja, hogy m\u00e9lyen behatol a h\u00fasba, \u00e9s \u00e1tadja a h\u00fas \u00edz\u00e9t.    <\/p>\n","protected":false},"featured_media":21654,"comment_status":"open","ping_status":"closed","template":"","meta":[],"product_brand":[],"product_cat":[1571,1563],"product_tag":[1577,1566,1567,1564],"class_list":{"0":"post-21653","1":"product","2":"type-product","3":"status-publish","4":"has-post-thumbnail","6":"product_cat-kueloenleges-ajanlatok","7":"product_cat-olivaolajos-uevegek","8":"product_tag-ajanlat","9":"product_tag-gyuemoelcsoes","10":"product_tag-intenziv","11":"product_tag-olivaolaj","12":"product_shipping_class-szallitasi-koeltsegek","14":"first","15":"instock","16":"taxable","17":"shipping-taxable","18":"purchasable","19":"product-type-simple"},"_links":{"self":[{"href":"https:\/\/macchiaverde-bio.shop\/hu\/wp-json\/wp\/v2\/product\/21653","targetHints":{"allow":["GET"]}}],"collection":[{"href":"https:\/\/macchiaverde-bio.shop\/hu\/wp-json\/wp\/v2\/product"}],"about":[{"href":"https:\/\/macchiaverde-bio.shop\/hu\/wp-json\/wp\/v2\/types\/product"}],"replies":[{"embeddable":true,"href":"https:\/\/macchiaverde-bio.shop\/hu\/wp-json\/wp\/v2\/comments?post=21653"}],"wp:featuredmedia":[{"embeddable":true,"href":"https:\/\/macchiaverde-bio.shop\/hu\/wp-json\/wp\/v2\/media\/21654"}],"wp:attachment":[{"href":"https:\/\/macchiaverde-bio.shop\/hu\/wp-json\/wp\/v2\/media?parent=21653"}],"wp:term":[{"taxonomy":"product_brand","embeddable":true,"href":"https:\/\/macchiaverde-bio.shop\/hu\/wp-json\/wp\/v2\/product_brand?post=21653"},{"taxonomy":"product_cat","embeddable":true,"href":"https:\/\/macchiaverde-bio.shop\/hu\/wp-json\/wp\/v2\/product_cat?post=21653"},{"taxonomy":"product_tag","embeddable":true,"href":"https:\/\/macchiaverde-bio.shop\/hu\/wp-json\/wp\/v2\/product_tag?post=21653"}],"curies":[{"name":"wp","href":"https:\/\/api.w.org\/{rel}","templated":true}]}}