{"id":21651,"date":"2020-03-16T00:31:53","date_gmt":"2020-03-15T23:31:53","guid":{"rendered":"https:\/\/macchiaverde-bio.shop\/produkt\/organikus-olivaolaj-leliodoro-2-x-5-l-dobozos-zacsko\/"},"modified":"2020-03-16T00:31:53","modified_gmt":"2020-03-15T23:31:53","slug":"organikus-olivaolaj-leliodoro-2-x-5-l-dobozos-zacsko","status":"publish","type":"product","link":"https:\/\/macchiaverde-bio.shop\/hu\/produkt\/organikus-olivaolaj-leliodoro-2-x-5-l-dobozos-zacsko\/","title":{"rendered":"Organikus ol\u00edvaolaj &#8211; L&#8217;Eliodoro &#8211; 2 x 5 l dobozos zacsk\u00f3"},"content":{"rendered":"","protected":false},"excerpt":{"rendered":"<p>&#8211; <strong>2 x 5 literes zacsk\u00f3 dobozban &#8211;<\/strong><br \/>\n Az Eliodoro a legjobb min\u0151s\u00e9g\u0171 arany \u00e9s kiegyens\u00falyozott s\u00e1rga ol\u00edvaolaj, amely 70% Coratina \u00e9s 30% Ogliarola olajbogy\u00f3b\u00f3l k\u00e9sz\u00fcl. Hazai \u00e9s nemzetk\u00f6zi versenyeken a \u201eK\u00f6zepes gy\u00fcm\u00f6lcs\u201d kateg\u00f3ri\u00e1ban ez\u00fcst\u00e9remig d\u00edjazt\u00e1k, 714 mg\/kg polifenolj\u00e1val kateg\u00f3ri\u00e1j\u00e1ban az egyik \u00e9llovas. A praktikus \u201ebag in box\u201d-ban az ol\u00edvaolaj az utols\u00f3 cseppig friss marad, mint az els\u0151 napon.  <\/p>\n","protected":false},"featured_media":21652,"comment_status":"open","ping_status":"closed","template":"","meta":[],"product_brand":[],"product_cat":[1571,1586],"product_tag":[1577,1566,1567,1564],"class_list":{"0":"post-21651","1":"product","2":"type-product","3":"status-publish","4":"has-post-thumbnail","6":"product_cat-kueloenleges-ajanlatok","7":"product_cat-olivaolajos-zacsko-dobozaban","8":"product_tag-ajanlat","9":"product_tag-gyuemoelcsoes","10":"product_tag-intenziv","11":"product_tag-olivaolaj","13":"first","14":"instock","15":"taxable","16":"shipping-taxable","17":"purchasable","18":"product-type-simple"},"_links":{"self":[{"href":"https:\/\/macchiaverde-bio.shop\/hu\/wp-json\/wp\/v2\/product\/21651","targetHints":{"allow":["GET"]}}],"collection":[{"href":"https:\/\/macchiaverde-bio.shop\/hu\/wp-json\/wp\/v2\/product"}],"about":[{"href":"https:\/\/macchiaverde-bio.shop\/hu\/wp-json\/wp\/v2\/types\/product"}],"replies":[{"embeddable":true,"href":"https:\/\/macchiaverde-bio.shop\/hu\/wp-json\/wp\/v2\/comments?post=21651"}],"wp:featuredmedia":[{"embeddable":true,"href":"https:\/\/macchiaverde-bio.shop\/hu\/wp-json\/wp\/v2\/media\/21652"}],"wp:attachment":[{"href":"https:\/\/macchiaverde-bio.shop\/hu\/wp-json\/wp\/v2\/media?parent=21651"}],"wp:term":[{"taxonomy":"product_brand","embeddable":true,"href":"https:\/\/macchiaverde-bio.shop\/hu\/wp-json\/wp\/v2\/product_brand?post=21651"},{"taxonomy":"product_cat","embeddable":true,"href":"https:\/\/macchiaverde-bio.shop\/hu\/wp-json\/wp\/v2\/product_cat?post=21651"},{"taxonomy":"product_tag","embeddable":true,"href":"https:\/\/macchiaverde-bio.shop\/hu\/wp-json\/wp\/v2\/product_tag?post=21651"}],"curies":[{"name":"wp","href":"https:\/\/api.w.org\/{rel}","templated":true}]}}