{"id":21649,"date":"2020-03-16T01:32:16","date_gmt":"2020-03-16T00:32:16","guid":{"rendered":"https:\/\/macchiaverde-bio.shop\/produkt\/bio-olivaolaj-lo-smeraldo-2-x-5-l-es-dobozos-zacsko\/"},"modified":"2020-03-16T01:32:16","modified_gmt":"2020-03-16T00:32:16","slug":"bio-olivaolaj-lo-smeraldo-2-x-5-l-es-dobozos-zacsko","status":"publish","type":"product","link":"https:\/\/macchiaverde-bio.shop\/hu\/produkt\/bio-olivaolaj-lo-smeraldo-2-x-5-l-es-dobozos-zacsko\/","title":{"rendered":"Bio ol\u00edvaolaj \u2013 Lo Smeraldo \u2013 2 x 5 l-es dobozos zacsk\u00f3"},"content":{"rendered":"","protected":false},"excerpt":{"rendered":"<p>&#8211; <strong>2 BaginBox da 5 liter kartonban<\/strong> &#8211;<br \/>\n A Smeraldo egy ragyog\u00f3 z\u00f6ld olaj, kiv\u00e1l\u00f3 min\u0151s\u00e9g\u0171 test, 100% Coratina ol\u00edvabogy\u00f3b\u00f3l extrah\u00e1lva. \u00c9vr\u0151l \u00e9vre minden hazai \u00e9s nemzetk\u00f6zi versenyen r\u00e9szt vett, arany- \u00e9s platina\u00e9rmet nyert az &#8222;Intense Fruit&#8221; kateg\u00f3ri\u00e1ban \u00e9s <strong>1246 mg<\/strong> \/kg polifenolj\u00e1val az 5-6 leg\u00e9rt\u00e9kesebb olajjal szemben. A praktikus &#8222;Bag in Box&#8221;-ban az olaj friss marad, mint az utols\u00f3 \u00fcveg ut\u00e1ni els\u0151 napon.  <\/p>\n","protected":false},"featured_media":21650,"comment_status":"closed","ping_status":"closed","template":"","meta":[],"product_brand":[],"product_cat":[1571,1586],"product_tag":[1577,1566,1567,1564],"class_list":{"0":"post-21649","1":"product","2":"type-product","3":"status-publish","4":"has-post-thumbnail","6":"product_cat-kueloenleges-ajanlatok","7":"product_cat-olivaolajos-zacsko-dobozaban","8":"product_tag-ajanlat","9":"product_tag-gyuemoelcsoes","10":"product_tag-intenziv","11":"product_tag-olivaolaj","12":"product_shipping_class-szallitasi-koeltsegek","14":"first","15":"instock","16":"taxable","17":"shipping-taxable","18":"purchasable","19":"product-type-simple"},"_links":{"self":[{"href":"https:\/\/macchiaverde-bio.shop\/hu\/wp-json\/wp\/v2\/product\/21649","targetHints":{"allow":["GET"]}}],"collection":[{"href":"https:\/\/macchiaverde-bio.shop\/hu\/wp-json\/wp\/v2\/product"}],"about":[{"href":"https:\/\/macchiaverde-bio.shop\/hu\/wp-json\/wp\/v2\/types\/product"}],"replies":[{"embeddable":true,"href":"https:\/\/macchiaverde-bio.shop\/hu\/wp-json\/wp\/v2\/comments?post=21649"}],"wp:featuredmedia":[{"embeddable":true,"href":"https:\/\/macchiaverde-bio.shop\/hu\/wp-json\/wp\/v2\/media\/21650"}],"wp:attachment":[{"href":"https:\/\/macchiaverde-bio.shop\/hu\/wp-json\/wp\/v2\/media?parent=21649"}],"wp:term":[{"taxonomy":"product_brand","embeddable":true,"href":"https:\/\/macchiaverde-bio.shop\/hu\/wp-json\/wp\/v2\/product_brand?post=21649"},{"taxonomy":"product_cat","embeddable":true,"href":"https:\/\/macchiaverde-bio.shop\/hu\/wp-json\/wp\/v2\/product_cat?post=21649"},{"taxonomy":"product_tag","embeddable":true,"href":"https:\/\/macchiaverde-bio.shop\/hu\/wp-json\/wp\/v2\/product_tag?post=21649"}],"curies":[{"name":"wp","href":"https:\/\/api.w.org\/{rel}","templated":true}]}}