{"id":21647,"date":"2020-03-16T01:48:54","date_gmt":"2020-03-16T00:48:54","guid":{"rendered":"https:\/\/macchiaverde-bio.shop\/produkt\/bio-olivaolaj-leliodoro-6-x-500-ml-es-palackok\/"},"modified":"2020-03-16T01:48:54","modified_gmt":"2020-03-16T00:48:54","slug":"bio-olivaolaj-leliodoro-6-x-500-ml-es-palackok","status":"publish","type":"product","link":"https:\/\/macchiaverde-bio.shop\/hu\/produkt\/bio-olivaolaj-leliodoro-6-x-500-ml-es-palackok\/","title":{"rendered":"Bio ol\u00edvaolaj \u2013 L&#8217;Eliodoro \u2013 6 x 500 ml-es palackok"},"content":{"rendered":"","protected":false},"excerpt":{"rendered":"<p>EXTRA SZ\u00dcZ OL\u00cdVAOLAJ<br \/>\n &#8211; HIDEG SAJTOTT &#8211;<br \/>\n<strong>&#8211; Doboz 6 \u00fcveggel &#8211;<\/strong><br \/>\n A L&#8217;Eliodoro egy kiegyens\u00falyozott, aranys\u00e1rga ol\u00edvaolaj, a legjobb min\u0151s\u00e9g\u0171, 70% Coratina \u00e9s 30% Ogliarola olajbogy\u00f3b\u00f3l nyerik. Orsz\u00e1gos \u00e9s nemzetk\u00f6zi versenyeken d\u00edjakat nyert, k\u00f6zt\u00fck ez\u00fcst\u00e9rmet a &#8222;K\u00f6zepes gy\u00fcm\u00f6lcs\u00f6s&#8221; kateg\u00f3ri\u00e1ban, 714 mg\/kg polifenol tartalm\u00e1val pedig kateg\u00f3ri\u00e1ja egyik legjobbja. <\/p>\n","protected":false},"featured_media":21648,"comment_status":"closed","ping_status":"closed","template":"","meta":[],"product_brand":[],"product_cat":[1571,1563],"product_tag":[1566,1567,1564],"class_list":{"0":"post-21647","1":"product","2":"type-product","3":"status-publish","4":"has-post-thumbnail","6":"product_cat-kueloenleges-ajanlatok","7":"product_cat-olivaolajos-uevegek","8":"product_tag-gyuemoelcsoes","9":"product_tag-intenziv","10":"product_tag-olivaolaj","12":"first","13":"instock","14":"taxable","15":"shipping-taxable","16":"purchasable","17":"product-type-simple"},"_links":{"self":[{"href":"https:\/\/macchiaverde-bio.shop\/hu\/wp-json\/wp\/v2\/product\/21647","targetHints":{"allow":["GET"]}}],"collection":[{"href":"https:\/\/macchiaverde-bio.shop\/hu\/wp-json\/wp\/v2\/product"}],"about":[{"href":"https:\/\/macchiaverde-bio.shop\/hu\/wp-json\/wp\/v2\/types\/product"}],"replies":[{"embeddable":true,"href":"https:\/\/macchiaverde-bio.shop\/hu\/wp-json\/wp\/v2\/comments?post=21647"}],"wp:featuredmedia":[{"embeddable":true,"href":"https:\/\/macchiaverde-bio.shop\/hu\/wp-json\/wp\/v2\/media\/21648"}],"wp:attachment":[{"href":"https:\/\/macchiaverde-bio.shop\/hu\/wp-json\/wp\/v2\/media?parent=21647"}],"wp:term":[{"taxonomy":"product_brand","embeddable":true,"href":"https:\/\/macchiaverde-bio.shop\/hu\/wp-json\/wp\/v2\/product_brand?post=21647"},{"taxonomy":"product_cat","embeddable":true,"href":"https:\/\/macchiaverde-bio.shop\/hu\/wp-json\/wp\/v2\/product_cat?post=21647"},{"taxonomy":"product_tag","embeddable":true,"href":"https:\/\/macchiaverde-bio.shop\/hu\/wp-json\/wp\/v2\/product_tag?post=21647"}],"curies":[{"name":"wp","href":"https:\/\/api.w.org\/{rel}","templated":true}]}}