{"id":21645,"date":"2020-04-05T04:05:37","date_gmt":"2020-04-05T02:05:37","guid":{"rendered":"https:\/\/macchiaverde-bio.shop\/produkt\/olivaolaj-ajandekdoboz-1\/"},"modified":"2020-04-05T04:05:37","modified_gmt":"2020-04-05T02:05:37","slug":"olivaolaj-ajandekdoboz-1","status":"publish","type":"product","link":"https:\/\/macchiaverde-bio.shop\/hu\/produkt\/olivaolaj-ajandekdoboz-1\/","title":{"rendered":"Ol\u00edvaolaj aj\u00e1nd\u00e9kdoboz 1"},"content":{"rendered":"","protected":false},"excerpt":{"rendered":"<p><strong>&#8211; Ol\u00edvaolajos aj\u00e1nd\u00e9kcsomag &#8211;<\/strong><br \/>\n Ez az \u00ednyenc aj\u00e1nd\u00e9kcsomag telital\u00e1lat az ig\u00e9nyesek aj\u00e1nd\u00e9kai k\u00f6z\u00f6tt. A k\u00f6vetkez\u0151ket tartalmazza:<br \/>\n Egy 500 ml-es \u00fcveg Smeraldo, egy gazdag, testes z\u00f6ld olaj, a legmagasabb min\u0151s\u00e9gben, 100% Coratina olajbogy\u00f3b\u00f3l pr\u00e9selve. \u00c9vr\u0151l \u00e9vre r\u00e9szt vett az \u00f6sszes hazai \u00e9s nemzetk\u00f6zi versenyen, arany\u00e9rmet nyert a &#8222;Full Fruit&#8221; kateg\u00f3ri\u00e1ban, \u00e9s 1081 mg\/kg polifenolj\u00e1val (2021\/2022-es betakar\u00edt\u00e1s) a nemzetk\u00f6zi ol\u00edvaolaj-termel\u00e9s \u00e9l\u00e9n \u00e1ll. Filippo Cea&#8221; mandula, a mandul\u00e1k kir\u00e1lyn\u0151je arom\u00e1j\u00e1t \u00e9s \u00f6sszetev\u0151it tekintve (kalcium-, magn\u00e9zium-, k\u00e1lium- \u00e9s E- \u00e9s B-vitamin-tartalmuknak k\u00f6sz\u00f6nhet\u0151en), valamint az ol\u00edvaolajunkban tal\u00e1lhat\u00f3 \u00f3ri\u00e1si, s\u00f3s l\u00e9vel t\u00f6lt\u00f6tt ol\u00edv\u00e1nk.<\/p>\n","protected":false},"featured_media":21646,"comment_status":"open","ping_status":"closed","template":"","meta":[],"product_brand":[],"product_cat":[1576,1563],"product_tag":[1577,1566,1567,1564],"class_list":{"0":"post-21645","1":"product","2":"type-product","3":"status-publish","4":"has-post-thumbnail","6":"product_cat-diszdobozok","7":"product_cat-olivaolajos-uevegek","8":"product_tag-ajanlat","9":"product_tag-gyuemoelcsoes","10":"product_tag-intenziv","11":"product_tag-olivaolaj","13":"first","14":"instock","15":"taxable","16":"shipping-taxable","17":"purchasable","18":"product-type-simple"},"_links":{"self":[{"href":"https:\/\/macchiaverde-bio.shop\/hu\/wp-json\/wp\/v2\/product\/21645","targetHints":{"allow":["GET"]}}],"collection":[{"href":"https:\/\/macchiaverde-bio.shop\/hu\/wp-json\/wp\/v2\/product"}],"about":[{"href":"https:\/\/macchiaverde-bio.shop\/hu\/wp-json\/wp\/v2\/types\/product"}],"replies":[{"embeddable":true,"href":"https:\/\/macchiaverde-bio.shop\/hu\/wp-json\/wp\/v2\/comments?post=21645"}],"wp:featuredmedia":[{"embeddable":true,"href":"https:\/\/macchiaverde-bio.shop\/hu\/wp-json\/wp\/v2\/media\/21646"}],"wp:attachment":[{"href":"https:\/\/macchiaverde-bio.shop\/hu\/wp-json\/wp\/v2\/media?parent=21645"}],"wp:term":[{"taxonomy":"product_brand","embeddable":true,"href":"https:\/\/macchiaverde-bio.shop\/hu\/wp-json\/wp\/v2\/product_brand?post=21645"},{"taxonomy":"product_cat","embeddable":true,"href":"https:\/\/macchiaverde-bio.shop\/hu\/wp-json\/wp\/v2\/product_cat?post=21645"},{"taxonomy":"product_tag","embeddable":true,"href":"https:\/\/macchiaverde-bio.shop\/hu\/wp-json\/wp\/v2\/product_tag?post=21645"}],"curies":[{"name":"wp","href":"https:\/\/api.w.org\/{rel}","templated":true}]}}