{"id":21643,"date":"2020-04-05T04:36:31","date_gmt":"2020-04-05T02:36:31","guid":{"rendered":"https:\/\/macchiaverde-bio.shop\/produkt\/olivaolajos-ajandekdoboz-2\/"},"modified":"2020-04-05T04:36:31","modified_gmt":"2020-04-05T02:36:31","slug":"olivaolajos-ajandekdoboz-2","status":"publish","type":"product","link":"https:\/\/macchiaverde-bio.shop\/hu\/produkt\/olivaolajos-ajandekdoboz-2\/","title":{"rendered":"Ol\u00edvaolajos aj\u00e1nd\u00e9kdoboz 2"},"content":{"rendered":"","protected":false},"excerpt":{"rendered":"<p><strong>&#8211; Ol\u00edvaolajos aj\u00e1nd\u00e9kcsomag &#8211;<\/strong><br \/>\n Ez az \u00ednyenc d\u00edszdoboz telital\u00e1lat lesz, ha ig\u00e9nyes embereknek aj\u00e1nd\u00e9koz. K\u00e9t 500 ml-es \u00fcveget tartalmaz:<br \/>\n 1 x Smeraldo, gazdag, testes z\u00f6ld olaj a legmagasabb min\u0151s\u00e9gben<br \/>\n 100% Coratina olajbogy\u00f3b\u00f3l pr\u00e9selik. \u00c9vr\u0151l \u00e9vre r\u00e9szt vett minden hazai \u00e9s nemzetk\u00f6zi versenyen, \u00e9s arany\u00e9remmel jutalmazt\u00e1k a &#8222;Full Fruit&#8221; kateg\u00f3ri\u00e1ban. 710 mg\/kg polifenoltartalm\u00e1val (2019\/2020-as betakar\u00edt\u00e1s) a nemzetk\u00f6zi olajtermel\u00e9s \u00e9l\u00e9n \u00e1ll.<br \/>\n 1x Eliodoro, a legjobb min\u0151s\u00e9g\u0171 kiegyens\u00falyozott, aranys\u00e1rga olaj<br \/>\n 70% Coratina olajbogy\u00f3b\u00f3l \u00e9s 30% Ogliarola olajbogy\u00f3b\u00f3l k\u00e9sz\u00fcl. Minden hazai \u00e9s nemzetk\u00f6zi versenyen r\u00e9szt vett, \u00e9s a &#8222;k\u00f6zepes gy\u00fcm\u00f6lcs\u00f6s&#8221; kateg\u00f3ri\u00e1ban ez\u00fcst\u00e9remig jutalmazt\u00e1k.<\/p>\n","protected":false},"featured_media":21644,"comment_status":"open","ping_status":"closed","template":"","meta":[],"product_brand":[],"product_cat":[1576,1563],"product_tag":[1577,1566,1567,1564],"class_list":{"0":"post-21643","1":"product","2":"type-product","3":"status-publish","4":"has-post-thumbnail","6":"product_cat-diszdobozok","7":"product_cat-olivaolajos-uevegek","8":"product_tag-ajanlat","9":"product_tag-gyuemoelcsoes","10":"product_tag-intenziv","11":"product_tag-olivaolaj","13":"first","14":"instock","15":"taxable","16":"shipping-taxable","17":"purchasable","18":"product-type-simple"},"_links":{"self":[{"href":"https:\/\/macchiaverde-bio.shop\/hu\/wp-json\/wp\/v2\/product\/21643","targetHints":{"allow":["GET"]}}],"collection":[{"href":"https:\/\/macchiaverde-bio.shop\/hu\/wp-json\/wp\/v2\/product"}],"about":[{"href":"https:\/\/macchiaverde-bio.shop\/hu\/wp-json\/wp\/v2\/types\/product"}],"replies":[{"embeddable":true,"href":"https:\/\/macchiaverde-bio.shop\/hu\/wp-json\/wp\/v2\/comments?post=21643"}],"wp:featuredmedia":[{"embeddable":true,"href":"https:\/\/macchiaverde-bio.shop\/hu\/wp-json\/wp\/v2\/media\/21644"}],"wp:attachment":[{"href":"https:\/\/macchiaverde-bio.shop\/hu\/wp-json\/wp\/v2\/media?parent=21643"}],"wp:term":[{"taxonomy":"product_brand","embeddable":true,"href":"https:\/\/macchiaverde-bio.shop\/hu\/wp-json\/wp\/v2\/product_brand?post=21643"},{"taxonomy":"product_cat","embeddable":true,"href":"https:\/\/macchiaverde-bio.shop\/hu\/wp-json\/wp\/v2\/product_cat?post=21643"},{"taxonomy":"product_tag","embeddable":true,"href":"https:\/\/macchiaverde-bio.shop\/hu\/wp-json\/wp\/v2\/product_tag?post=21643"}],"curies":[{"name":"wp","href":"https:\/\/api.w.org\/{rel}","templated":true}]}}