{"id":21639,"date":"2020-04-29T00:57:50","date_gmt":"2020-04-28T22:57:50","guid":{"rendered":"https:\/\/macchiaverde-bio.shop\/produkt\/organikus-olivaolaj-lo-smeraldo-leliodoro-2-x-5-l-dobozos-zacsko\/"},"modified":"2020-04-29T00:57:50","modified_gmt":"2020-04-28T22:57:50","slug":"organikus-olivaolaj-lo-smeraldo-leliodoro-2-x-5-l-dobozos-zacsko","status":"publish","type":"product","link":"https:\/\/macchiaverde-bio.shop\/hu\/produkt\/organikus-olivaolaj-lo-smeraldo-leliodoro-2-x-5-l-dobozos-zacsko\/","title":{"rendered":"Organikus ol\u00edvaolaj \u2013 Lo Smeraldo + L&#8217;Eliodoro \u2013 2 x 5 l dobozos zacsk\u00f3"},"content":{"rendered":"","protected":false},"excerpt":{"rendered":"<p><strong>Bio ol\u00edvaolaj: Smeraldo + Eliodoro &#8211; 2 x 5 literes zacsk\u00f3 dobozban &#8211;<\/strong><\/p>\n<p>A Lo Smeraldo egy kiv\u00e1l\u00f3 min\u0151s\u00e9g\u0171, gazdag \u00e9s testes z\u00f6ld olaj, amelyet 100% Coratina ol\u00edvabogy\u00f3b\u00f3l pr\u00e9selnek. \u00c9vr\u0151l \u00e9vre minden hazai \u00e9s nemzetk\u00f6zi versenyen r\u00e9szt vett, \u00e9s t\u00f6bbsz\u00f6r is platina d\u00edjjal jutalmazt\u00e1k a &#8222;teljesen gy\u00fcm\u00f6lcs\u00f6s&#8221; kateg\u00f3ri\u00e1ban. <strong>1246 mg\/kg<\/strong> polifenolokkal az egyik vezet\u0151 nemzetk\u00f6zi ol\u00edvaolaj. Az Eliodoro a legjobb min\u0151s\u00e9g\u0171 kiegyens\u00falyozott, aranys\u00e1rga olaj, 70 sz\u00e1zal\u00e9k Coratina \u00e9s 30 sz\u00e1zal\u00e9k Ogliarola olajbogy\u00f3b\u00f3l k\u00e9sz\u00fcl. Orsz\u00e1gos \u00e9s nemzetk\u00f6zi versenyeken ez\u00fcst\u00e9rmet kapott a &#8222;k\u00f6zepes gy\u00fcm\u00f6lcs\u00f6s&#8221; kateg\u00f3ri\u00e1ban, \u00e9s 714 mg\/kg polifenollal a kateg\u00f3ria \u00e9l\u00e9n \u00e1ll.    <\/p>\n","protected":false},"featured_media":21640,"comment_status":"closed","ping_status":"closed","template":"","meta":[],"product_brand":[],"product_cat":[1571,1586],"product_tag":[1566,1564],"class_list":{"0":"post-21639","1":"product","2":"type-product","3":"status-publish","4":"has-post-thumbnail","6":"product_cat-kueloenleges-ajanlatok","7":"product_cat-olivaolajos-zacsko-dobozaban","8":"product_tag-gyuemoelcsoes","9":"product_tag-olivaolaj","11":"first","12":"instock","13":"taxable","14":"shipping-taxable","15":"purchasable","16":"product-type-simple"},"_links":{"self":[{"href":"https:\/\/macchiaverde-bio.shop\/hu\/wp-json\/wp\/v2\/product\/21639","targetHints":{"allow":["GET"]}}],"collection":[{"href":"https:\/\/macchiaverde-bio.shop\/hu\/wp-json\/wp\/v2\/product"}],"about":[{"href":"https:\/\/macchiaverde-bio.shop\/hu\/wp-json\/wp\/v2\/types\/product"}],"replies":[{"embeddable":true,"href":"https:\/\/macchiaverde-bio.shop\/hu\/wp-json\/wp\/v2\/comments?post=21639"}],"wp:featuredmedia":[{"embeddable":true,"href":"https:\/\/macchiaverde-bio.shop\/hu\/wp-json\/wp\/v2\/media\/21640"}],"wp:attachment":[{"href":"https:\/\/macchiaverde-bio.shop\/hu\/wp-json\/wp\/v2\/media?parent=21639"}],"wp:term":[{"taxonomy":"product_brand","embeddable":true,"href":"https:\/\/macchiaverde-bio.shop\/hu\/wp-json\/wp\/v2\/product_brand?post=21639"},{"taxonomy":"product_cat","embeddable":true,"href":"https:\/\/macchiaverde-bio.shop\/hu\/wp-json\/wp\/v2\/product_cat?post=21639"},{"taxonomy":"product_tag","embeddable":true,"href":"https:\/\/macchiaverde-bio.shop\/hu\/wp-json\/wp\/v2\/product_tag?post=21639"}],"curies":[{"name":"wp","href":"https:\/\/api.w.org\/{rel}","templated":true}]}}