{"id":21637,"date":"2022-12-16T18:25:46","date_gmt":"2022-12-16T17:25:46","guid":{"rendered":"https:\/\/macchiaverde-bio.shop\/produkt\/bio-mandula-2-x-500-g\/"},"modified":"2022-12-16T18:25:46","modified_gmt":"2022-12-16T17:25:46","slug":"bio-mandula-2-x-500-g","status":"publish","type":"product","link":"https:\/\/macchiaverde-bio.shop\/hu\/produkt\/bio-mandula-2-x-500-g\/","title":{"rendered":"Bio mandula 2 x 500 g"},"content":{"rendered":"","protected":false},"excerpt":{"rendered":"<p>Biomandula a &#8222;Filippo Cea&#8221; fajt\u00e1b\u00f3l 500 gx 2<br \/>\n A &#8222;Filippo Cea&#8221; mandul\u00e1t az \u00ednyencek a mandula kir\u00e1lyn\u0151j\u00e9nek tartj\u00e1k, \u00e9s a mandula kiv\u00e1l\u00f3 mandula a cukr\u00e1szok sz\u00e1m\u00e1ra Pugli\u00e1ban, ahol f\u0151leg termesztik. Nemcsak \u00edz\u00e9ben, de vitamin- \u00e9s nyomelemtartalm\u00e1ban is fel\u00fclm\u00falhatatlan. Bio min\u0151s\u00e9gben, frissen h\u00e1mozva, csomagolva \u00e9rkeznek hozz\u00e1nk.  <\/p>\n","protected":false},"featured_media":21638,"comment_status":"open","ping_status":"closed","template":"","meta":[],"product_brand":[],"product_cat":[1581,1583],"product_tag":[],"class_list":{"0":"post-21637","1":"product","2":"type-product","3":"status-publish","4":"has-post-thumbnail","6":"product_cat-inyenc-keszletek","7":"product_cat-mandula","8":"product_shipping_class-csoekkentett-atalanydij","10":"first","11":"instock","12":"taxable","13":"shipping-taxable","14":"purchasable","15":"product-type-simple"},"_links":{"self":[{"href":"https:\/\/macchiaverde-bio.shop\/hu\/wp-json\/wp\/v2\/product\/21637","targetHints":{"allow":["GET"]}}],"collection":[{"href":"https:\/\/macchiaverde-bio.shop\/hu\/wp-json\/wp\/v2\/product"}],"about":[{"href":"https:\/\/macchiaverde-bio.shop\/hu\/wp-json\/wp\/v2\/types\/product"}],"replies":[{"embeddable":true,"href":"https:\/\/macchiaverde-bio.shop\/hu\/wp-json\/wp\/v2\/comments?post=21637"}],"wp:featuredmedia":[{"embeddable":true,"href":"https:\/\/macchiaverde-bio.shop\/hu\/wp-json\/wp\/v2\/media\/21638"}],"wp:attachment":[{"href":"https:\/\/macchiaverde-bio.shop\/hu\/wp-json\/wp\/v2\/media?parent=21637"}],"wp:term":[{"taxonomy":"product_brand","embeddable":true,"href":"https:\/\/macchiaverde-bio.shop\/hu\/wp-json\/wp\/v2\/product_brand?post=21637"},{"taxonomy":"product_cat","embeddable":true,"href":"https:\/\/macchiaverde-bio.shop\/hu\/wp-json\/wp\/v2\/product_cat?post=21637"},{"taxonomy":"product_tag","embeddable":true,"href":"https:\/\/macchiaverde-bio.shop\/hu\/wp-json\/wp\/v2\/product_tag?post=21637"}],"curies":[{"name":"wp","href":"https:\/\/api.w.org\/{rel}","templated":true}]}}