{"id":21635,"date":"2022-12-16T18:26:19","date_gmt":"2022-12-16T17:26:19","guid":{"rendered":"https:\/\/macchiaverde-bio.shop\/produkt\/bio-mandula-4-x-500-g\/"},"modified":"2022-12-16T18:26:19","modified_gmt":"2022-12-16T17:26:19","slug":"bio-mandula-4-x-500-g","status":"publish","type":"product","link":"https:\/\/macchiaverde-bio.shop\/hu\/produkt\/bio-mandula-4-x-500-g\/","title":{"rendered":"Bio mandula 4 x 500 g"},"content":{"rendered":"","protected":false},"excerpt":{"rendered":"<p><strong>Bio mandulafajta &#8222;Filippo Cea&#8221; 500 gx 4<br \/>\n<\/strong> A &#8222;Filippo Cea&#8221; mandul\u00e1t az \u00ednyencek a mandula kir\u00e1lyn\u0151j\u00e9nek tartj\u00e1k Pugli\u00e1ban, ahol f\u0151leg termesztik, a cukr\u00e1szok kiv\u00e1l\u00f3 mandul\u00e1ja. Nemcsak \u00edz\u00e9ben, de vitamin- \u00e9s nyomelemtartalm\u00e1ban is p\u00e1ratlan. Bio min\u0151s\u00e9gben, frissen h\u00e1mozva \u00e9s csomagolva k\u00edn\u00e1ljuk \u0151ket.  <\/p>\n","protected":false},"featured_media":21636,"comment_status":"open","ping_status":"closed","template":"","meta":[],"product_brand":[],"product_cat":[1581,1583],"product_tag":[],"class_list":{"0":"post-21635","1":"product","2":"type-product","3":"status-publish","4":"has-post-thumbnail","6":"product_cat-inyenc-keszletek","7":"product_cat-mandula","9":"first","10":"instock","11":"taxable","12":"shipping-taxable","13":"purchasable","14":"product-type-simple"},"_links":{"self":[{"href":"https:\/\/macchiaverde-bio.shop\/hu\/wp-json\/wp\/v2\/product\/21635","targetHints":{"allow":["GET"]}}],"collection":[{"href":"https:\/\/macchiaverde-bio.shop\/hu\/wp-json\/wp\/v2\/product"}],"about":[{"href":"https:\/\/macchiaverde-bio.shop\/hu\/wp-json\/wp\/v2\/types\/product"}],"replies":[{"embeddable":true,"href":"https:\/\/macchiaverde-bio.shop\/hu\/wp-json\/wp\/v2\/comments?post=21635"}],"wp:featuredmedia":[{"embeddable":true,"href":"https:\/\/macchiaverde-bio.shop\/hu\/wp-json\/wp\/v2\/media\/21636"}],"wp:attachment":[{"href":"https:\/\/macchiaverde-bio.shop\/hu\/wp-json\/wp\/v2\/media?parent=21635"}],"wp:term":[{"taxonomy":"product_brand","embeddable":true,"href":"https:\/\/macchiaverde-bio.shop\/hu\/wp-json\/wp\/v2\/product_brand?post=21635"},{"taxonomy":"product_cat","embeddable":true,"href":"https:\/\/macchiaverde-bio.shop\/hu\/wp-json\/wp\/v2\/product_cat?post=21635"},{"taxonomy":"product_tag","embeddable":true,"href":"https:\/\/macchiaverde-bio.shop\/hu\/wp-json\/wp\/v2\/product_tag?post=21635"}],"curies":[{"name":"wp","href":"https:\/\/api.w.org\/{rel}","templated":true}]}}