{"id":21631,"date":"2022-12-16T18:34:08","date_gmt":"2022-12-16T17:34:08","guid":{"rendered":"https:\/\/macchiaverde-bio.shop\/produkt\/inyenc-keszlet-11-db\/"},"modified":"2022-12-16T18:34:08","modified_gmt":"2022-12-16T17:34:08","slug":"inyenc-keszlet-11-db","status":"publish","type":"product","link":"https:\/\/macchiaverde-bio.shop\/hu\/produkt\/inyenc-keszlet-11-db\/","title":{"rendered":"\u00ednyenc k\u00e9szlet (11 db)"},"content":{"rendered":"","protected":false},"excerpt":{"rendered":"<p><strong><span style=\"vertical-align: inherit\"><span style=\"vertical-align: inherit\"><span style=\"vertical-align: inherit\"><span style=\"vertical-align: inherit\">Szett \u00ednyenc ol\u00edvaolaj, 11 db<\/span><\/span><\/span><\/span><\/strong><br \/>\n<span style=\"vertical-align: inherit\"><span style=\"vertical-align: inherit\"><span style=\"vertical-align: inherit\"><span style=\"vertical-align: inherit\">  \u00cdnyenc k\u00e9szlet\u00fcnk a legjobb, kiz\u00e1r\u00f3lag k\u00e9zzel k\u00e9sz\u00fclt term\u00e9keket tartalmazza \u00e9s minden j\u00f3 \u00edzl\u00e9s \u00e9kszere, kiv\u00e1l\u00f3 min\u0151s\u00e9g\u0171 aj\u00e1nd\u00e9knak is ide\u00e1lis.  <\/span><\/span><\/span><span style=\"vertical-align: inherit\"><span style=\"vertical-align: inherit\"><span style=\"vertical-align: inherit\">Tartalmazunk 3 ol\u00edvaolajat, 3 f\u00e9le szal\u00e1mi olajbogy\u00f3t k\u00fcl\u00f6nb\u00f6z\u0151 form\u00e1ban, 3 f\u00e9le maced\u00f3n \u00e9s biomandul\u00e1t a &#8222;Filippo Cea&#8221; fajt\u00e1b\u00f3l, a pugliai s\u00fctem\u00e9nyek f\u0151 fajt\u00e1j\u00e1b\u00f3l.  <\/span><\/span><\/span><span style=\"vertical-align: inherit\"><span style=\"vertical-align: inherit\"><span style=\"vertical-align: inherit\">Minden term\u00e9k v\u00e9dve van a hagyom\u00e1nyos k\u00e1nonok szerint b\u00e1rmilyen k\u00e9miai manipul\u00e1ci\u00f3t\u00f3l \u00e9s feldolgoz\u00e1st\u00f3l, \u00e9s Macchia Verde bio ol\u00edvaolajjal k\u00e9sz\u00fcl.  <\/span><\/span><\/span><\/span><br \/>\n<span style=\"vertical-align: inherit\"><span style=\"vertical-align: inherit\"><span style=\"vertical-align: inherit\"><span style=\"vertical-align: inherit\">Riceverai:  <\/span><\/span><\/span><\/span><br \/>\n<span style=\"vertical-align: inherit\"><span style=\"vertical-align: inherit\"><span style=\"vertical-align: inherit\"><span style=\"vertical-align: inherit\">3 \u00fcveg ol\u00edvaolaj (egyenk\u00e9nt 500 ml)  <\/span><\/span><\/span><\/span><br \/>\n<span style=\"vertical-align: inherit\"><span style=\"vertical-align: inherit\"><span style=\"vertical-align: inherit\"><span style=\"vertical-align: inherit\">3 vasesetti di oliva (220 g ciascuna)  <\/span><\/span><\/span><\/span><br \/>\n<span style=\"vertical-align: inherit\"><span style=\"vertical-align: inherit\"><span style=\"vertical-align: inherit\"><span style=\"vertical-align: inherit\">3 vasesetti di t\u00e9szta (220 g ciascuna)  <\/span><\/span><\/span><\/span><br \/>\n<span style=\"vertical-align: inherit\"><span style=\"vertical-align: inherit\"><span style=\"vertical-align: inherit\"><span style=\"vertical-align: inherit\">2 buste di mandula (250 g ciascuna)<\/span><\/span><\/span><\/span><\/p>\n","protected":false},"featured_media":21632,"comment_status":"open","ping_status":"closed","template":"","meta":[],"product_brand":[],"product_cat":[1581,1582,1583,1578,1563],"product_tag":[],"class_list":{"0":"post-21631","1":"product","2":"type-product","3":"status-publish","4":"has-post-thumbnail","6":"product_cat-inyenc-keszletek","7":"product_cat-kenheto-kremek-kremek","8":"product_cat-mandula","9":"product_cat-olajbogyo","10":"product_cat-olivaolajos-uevegek","12":"first","13":"instock","14":"taxable","15":"shipping-taxable","16":"purchasable","17":"product-type-simple"},"_links":{"self":[{"href":"https:\/\/macchiaverde-bio.shop\/hu\/wp-json\/wp\/v2\/product\/21631","targetHints":{"allow":["GET"]}}],"collection":[{"href":"https:\/\/macchiaverde-bio.shop\/hu\/wp-json\/wp\/v2\/product"}],"about":[{"href":"https:\/\/macchiaverde-bio.shop\/hu\/wp-json\/wp\/v2\/types\/product"}],"replies":[{"embeddable":true,"href":"https:\/\/macchiaverde-bio.shop\/hu\/wp-json\/wp\/v2\/comments?post=21631"}],"wp:featuredmedia":[{"embeddable":true,"href":"https:\/\/macchiaverde-bio.shop\/hu\/wp-json\/wp\/v2\/media\/21632"}],"wp:attachment":[{"href":"https:\/\/macchiaverde-bio.shop\/hu\/wp-json\/wp\/v2\/media?parent=21631"}],"wp:term":[{"taxonomy":"product_brand","embeddable":true,"href":"https:\/\/macchiaverde-bio.shop\/hu\/wp-json\/wp\/v2\/product_brand?post=21631"},{"taxonomy":"product_cat","embeddable":true,"href":"https:\/\/macchiaverde-bio.shop\/hu\/wp-json\/wp\/v2\/product_cat?post=21631"},{"taxonomy":"product_tag","embeddable":true,"href":"https:\/\/macchiaverde-bio.shop\/hu\/wp-json\/wp\/v2\/product_tag?post=21631"}],"curies":[{"name":"wp","href":"https:\/\/api.w.org\/{rel}","templated":true}]}}