{"id":21624,"date":"2022-12-16T18:51:29","date_gmt":"2022-12-16T17:51:29","guid":{"rendered":"https:\/\/macchiaverde-bio.shop\/produkt\/olajbogyo-uevegben-1-kg-3x-gourmet-minoseg\/"},"modified":"2022-12-16T18:51:29","modified_gmt":"2022-12-16T17:51:29","slug":"olajbogyo-uevegben-1-kg-3x-gourmet-minoseg","status":"publish","type":"product","link":"https:\/\/macchiaverde-bio.shop\/hu\/produkt\/olajbogyo-uevegben-1-kg-3x-gourmet-minoseg\/","title":{"rendered":"Olajbogy\u00f3 \u00fcvegben 1 kg (3x) &#8211; Gourmet min\u0151s\u00e9g"},"content":{"rendered":"<p>Olajbogy\u00f3 1 kg-os \u00fcvegben (3x)<\/p>\n","protected":false},"excerpt":{"rendered":"<p><strong>Olajbogy\u00f3 \u00fcvegben, &#8222;Termiti di Bitetto&#8221; fajta 1 kg x 3<br \/>\n<\/strong> A MACCHIA VERDE olajbogy\u00f3 kiv\u00e1l\u00f3 min\u0151s\u00e9g\u0171, tiszt\u00e1n k\u00e9zm\u0171ves term\u00e9k, a &#8222;Termiti di Bitetto&#8221; helyi \u00ednyenc fajta, bab\u00e9rolajban tart\u00f3s\u00edtva. Az ol\u00edvabogy\u00f3k mentesek mindenf\u00e9le vegyszeres manipul\u00e1ci\u00f3t\u00f3l, a hagyom\u00e1nyos szabv\u00e1nyok szerint dolgozz\u00e1k fel \u0151ket, bio Macchia Verde ol\u00edvaolajjal p\u00e1colj\u00e1k, \u00e9rdemes ezt a f\u0171szeres bab\u00e9rolajat is haszn\u00e1lni, ha az olajbogy\u00f3t elfogyasztottuk. <\/p>\n","protected":false},"featured_media":21625,"comment_status":"open","ping_status":"closed","template":"","meta":[],"product_brand":[],"product_cat":[1581,1578],"product_tag":[],"class_list":{"0":"post-21624","1":"product","2":"type-product","3":"status-publish","4":"has-post-thumbnail","6":"product_cat-inyenc-keszletek","7":"product_cat-olajbogyo","9":"first","10":"instock","11":"taxable","12":"shipping-taxable","13":"purchasable","14":"product-type-simple"},"_links":{"self":[{"href":"https:\/\/macchiaverde-bio.shop\/hu\/wp-json\/wp\/v2\/product\/21624","targetHints":{"allow":["GET"]}}],"collection":[{"href":"https:\/\/macchiaverde-bio.shop\/hu\/wp-json\/wp\/v2\/product"}],"about":[{"href":"https:\/\/macchiaverde-bio.shop\/hu\/wp-json\/wp\/v2\/types\/product"}],"replies":[{"embeddable":true,"href":"https:\/\/macchiaverde-bio.shop\/hu\/wp-json\/wp\/v2\/comments?post=21624"}],"wp:featuredmedia":[{"embeddable":true,"href":"https:\/\/macchiaverde-bio.shop\/hu\/wp-json\/wp\/v2\/media\/21625"}],"wp:attachment":[{"href":"https:\/\/macchiaverde-bio.shop\/hu\/wp-json\/wp\/v2\/media?parent=21624"}],"wp:term":[{"taxonomy":"product_brand","embeddable":true,"href":"https:\/\/macchiaverde-bio.shop\/hu\/wp-json\/wp\/v2\/product_brand?post=21624"},{"taxonomy":"product_cat","embeddable":true,"href":"https:\/\/macchiaverde-bio.shop\/hu\/wp-json\/wp\/v2\/product_cat?post=21624"},{"taxonomy":"product_tag","embeddable":true,"href":"https:\/\/macchiaverde-bio.shop\/hu\/wp-json\/wp\/v2\/product_tag?post=21624"}],"curies":[{"name":"wp","href":"https:\/\/api.w.org\/{rel}","templated":true}]}}