{"id":21622,"date":"2022-12-16T19:05:13","date_gmt":"2022-12-16T18:05:13","guid":{"rendered":"https:\/\/macchiaverde-bio.shop\/produkt\/kenheto-kremes-kevert-220-g-3x\/"},"modified":"2022-12-16T19:05:13","modified_gmt":"2022-12-16T18:05:13","slug":"kenheto-kremes-kevert-220-g-3x","status":"publish","type":"product","link":"https:\/\/macchiaverde-bio.shop\/hu\/produkt\/kenheto-kremes-kevert-220-g-3x\/","title":{"rendered":"Kenhet\u0151, kr\u00e9mes kevert 220 g (3x)"},"content":{"rendered":"","protected":false},"excerpt":{"rendered":"<p><strong>Kr\u00e9mek\/Kr\u00e9mek \u00fcvegben 3 fajta 220 g (3x)<\/strong><\/p>\n<p> A MACCHIA VERDE bio kenhet\u0151 term\u00e9kei kiv\u00e1l\u00f3 min\u0151s\u00e9g\u0171 term\u00e9kek, amelyek teljes eg\u00e9sz\u00e9ben k\u00e9zzel k\u00e9sz\u00fclnek.<br \/>\n 3 k\u00fcl\u00f6nb\u00f6z\u0151 t\u00edpus\u00fa kr\u00e9met kapnak:<\/p>\n<p> 1. sz\u00e1r\u00edtott kokt\u00e9lparadicsomb\u00f3l<br \/>\n 2. nagy z\u00f6ld olajbogy\u00f3b\u00f3l<br \/>\n 3. k\u00fcl\u00f6nf\u00e9le z\u00f6lds\u00e9gekb\u0151l, f\u0171szeres f\u0171szerekkel.<\/p>\n<p> Mind a 3 fajta mentes a k\u00e9miai manipul\u00e1ci\u00f3t\u00f3l, \u00e9s a hagyom\u00e1nyos szabv\u00e1nyok szerint dolgozz\u00e1k fel \u0151ket, \u00e9s mindegyik bio MACCHIA VERDE BIO ol\u00edvaolajjal k\u00e9sz\u00fcl.<\/p>\n<p> A k\u00e9szlet minden fajt\u00e1b\u00f3l 1 poh\u00e1rral rendelkezik.<\/p>\n","protected":false},"featured_media":21623,"comment_status":"open","ping_status":"closed","template":"","meta":[],"product_brand":[],"product_cat":[1581,1582],"product_tag":[],"class_list":{"0":"post-21622","1":"product","2":"type-product","3":"status-publish","4":"has-post-thumbnail","6":"product_cat-inyenc-keszletek","7":"product_cat-kenheto-kremek-kremek","9":"first","10":"instock","11":"taxable","12":"shipping-taxable","13":"purchasable","14":"product-type-simple"},"_links":{"self":[{"href":"https:\/\/macchiaverde-bio.shop\/hu\/wp-json\/wp\/v2\/product\/21622","targetHints":{"allow":["GET"]}}],"collection":[{"href":"https:\/\/macchiaverde-bio.shop\/hu\/wp-json\/wp\/v2\/product"}],"about":[{"href":"https:\/\/macchiaverde-bio.shop\/hu\/wp-json\/wp\/v2\/types\/product"}],"replies":[{"embeddable":true,"href":"https:\/\/macchiaverde-bio.shop\/hu\/wp-json\/wp\/v2\/comments?post=21622"}],"wp:featuredmedia":[{"embeddable":true,"href":"https:\/\/macchiaverde-bio.shop\/hu\/wp-json\/wp\/v2\/media\/21623"}],"wp:attachment":[{"href":"https:\/\/macchiaverde-bio.shop\/hu\/wp-json\/wp\/v2\/media?parent=21622"}],"wp:term":[{"taxonomy":"product_brand","embeddable":true,"href":"https:\/\/macchiaverde-bio.shop\/hu\/wp-json\/wp\/v2\/product_brand?post=21622"},{"taxonomy":"product_cat","embeddable":true,"href":"https:\/\/macchiaverde-bio.shop\/hu\/wp-json\/wp\/v2\/product_cat?post=21622"},{"taxonomy":"product_tag","embeddable":true,"href":"https:\/\/macchiaverde-bio.shop\/hu\/wp-json\/wp\/v2\/product_tag?post=21622"}],"curies":[{"name":"wp","href":"https:\/\/api.w.org\/{rel}","templated":true}]}}