{"id":21610,"date":"2022-12-16T19:18:11","date_gmt":"2022-12-16T18:18:11","guid":{"rendered":"https:\/\/macchiaverde-bio.shop\/produkt\/kevert-olajbogyo-220-g-6x\/"},"modified":"2022-12-16T19:18:11","modified_gmt":"2022-12-16T18:18:11","slug":"kevert-olajbogyo-220-g-6x","status":"publish","type":"product","link":"https:\/\/macchiaverde-bio.shop\/hu\/produkt\/kevert-olajbogyo-220-g-6x\/","title":{"rendered":"kevert olajbogy\u00f3 220 g (6x)"},"content":{"rendered":"","protected":false},"excerpt":{"rendered":"<p><strong>Olajbogy\u00f3 \u00fcvegben 3 fajta 220 g (6x)<\/strong><\/p>\n<p>A MACCHIA VERDE olajbogy\u00f3 egy tiszt\u00e1n k\u00e9zm\u0171ves cs\u00facsterm\u00e9k, 3 k\u00fcl\u00f6nb\u00f6z\u0151 t\u00edpus\u00fa olajbogy\u00f3t kapsz: 1. Nagy, mandul\u00e1val t\u00f6lt\u00f6tt olajbogy\u00f3<br \/>\n 2. Vegyes, kimagozott \u00e9s f\u0171szeresen ecetes kis olajbogy\u00f3<br \/>\n 3. A &#8222;Termiti di Bitetto&#8221; helyi \u00ednyenc fajta bab\u00e9rral p\u00e1colva. Mind a 3 fajta mentes a k\u00e9miai manipul\u00e1ci\u00f3t\u00f3l, \u00e9s a hagyom\u00e1nyos szabv\u00e1nyok szerint feldolgozz\u00e1k. Mindegyik MACCHIA VERDE ORGANIC ol\u00edvaolajjal p\u00e1colt. Akkor is \u00e9rdemes ezt a f\u0171szeres olajat haszn\u00e1lni, ha a benne l\u00e9v\u0151 olajbogy\u00f3t megett\u00e9k. A k\u00e9szlet minden fajt\u00e1b\u00f3l 1 poh\u00e1rral rendelkezik.<\/p>\n","protected":false},"featured_media":21611,"comment_status":"closed","ping_status":"closed","template":"","meta":[],"product_brand":[],"product_cat":[1581],"product_tag":[],"class_list":{"0":"post-21610","1":"product","2":"type-product","3":"status-publish","4":"has-post-thumbnail","6":"product_cat-inyenc-keszletek","8":"first","9":"instock","10":"taxable","11":"shipping-taxable","12":"purchasable","13":"product-type-simple"},"_links":{"self":[{"href":"https:\/\/macchiaverde-bio.shop\/hu\/wp-json\/wp\/v2\/product\/21610","targetHints":{"allow":["GET"]}}],"collection":[{"href":"https:\/\/macchiaverde-bio.shop\/hu\/wp-json\/wp\/v2\/product"}],"about":[{"href":"https:\/\/macchiaverde-bio.shop\/hu\/wp-json\/wp\/v2\/types\/product"}],"replies":[{"embeddable":true,"href":"https:\/\/macchiaverde-bio.shop\/hu\/wp-json\/wp\/v2\/comments?post=21610"}],"wp:featuredmedia":[{"embeddable":true,"href":"https:\/\/macchiaverde-bio.shop\/hu\/wp-json\/wp\/v2\/media\/21611"}],"wp:attachment":[{"href":"https:\/\/macchiaverde-bio.shop\/hu\/wp-json\/wp\/v2\/media?parent=21610"}],"wp:term":[{"taxonomy":"product_brand","embeddable":true,"href":"https:\/\/macchiaverde-bio.shop\/hu\/wp-json\/wp\/v2\/product_brand?post=21610"},{"taxonomy":"product_cat","embeddable":true,"href":"https:\/\/macchiaverde-bio.shop\/hu\/wp-json\/wp\/v2\/product_cat?post=21610"},{"taxonomy":"product_tag","embeddable":true,"href":"https:\/\/macchiaverde-bio.shop\/hu\/wp-json\/wp\/v2\/product_tag?post=21610"}],"curies":[{"name":"wp","href":"https:\/\/api.w.org\/{rel}","templated":true}]}}