{"id":21608,"date":"2022-12-22T22:38:56","date_gmt":"2022-12-22T21:38:56","guid":{"rendered":"https:\/\/macchiaverde-bio.shop\/produkt\/organikus-olivaolaj-klasszikus-5-literes-kanna\/"},"modified":"2022-12-22T22:38:56","modified_gmt":"2022-12-22T21:38:56","slug":"organikus-olivaolaj-klasszikus-5-literes-kanna","status":"publish","type":"product","link":"https:\/\/macchiaverde-bio.shop\/hu\/produkt\/organikus-olivaolaj-klasszikus-5-literes-kanna\/","title":{"rendered":"Organikus ol\u00edvaolaj &#8211; klasszikus &#8211; 5 literes kanna"},"content":{"rendered":"","protected":false},"excerpt":{"rendered":"<p><strong>\u2013 Organikus ol\u00edvaolaj \u2013 klasszikus \u2013 5 literes kanna \u2013<\/strong><br \/>\n A Classic egy kiv\u00e1l\u00f3 min\u0151s\u00e9g\u0171, kiegyens\u00falyozott ol\u00edvaolaj, Coratina \u00e9s Ogliarola olajbogy\u00f3 kever\u00e9ke. Sz\u00edne aranys\u00e1rga, z\u00f6ld t\u00fckr\u00f6z\u0151d\u00e9sekkel, k\u00f6zepesen gy\u00fcm\u00f6lcs\u00f6s, testes, mandula \u00e9s artics\u00f3ka jegyekkel. Sokf\u00e9le \u00e9telhez alkalmas, \u00e9s &#8222;minden nap ol\u00edvaolaj\u00e1nak&#8221; is nevezhetn\u00e9nk.  <\/p>\n","protected":false},"featured_media":21609,"comment_status":"open","ping_status":"closed","template":"","meta":[],"product_brand":[],"product_cat":[1570],"product_tag":[1566,1567,1564],"class_list":{"0":"post-21608","1":"product","2":"type-product","3":"status-publish","4":"has-post-thumbnail","6":"product_cat-olivaolaj-tartaly","7":"product_tag-gyuemoelcsoes","8":"product_tag-intenziv","9":"product_tag-olivaolaj","11":"first","12":"instock","13":"taxable","14":"shipping-taxable","15":"purchasable","16":"product-type-simple"},"_links":{"self":[{"href":"https:\/\/macchiaverde-bio.shop\/hu\/wp-json\/wp\/v2\/product\/21608","targetHints":{"allow":["GET"]}}],"collection":[{"href":"https:\/\/macchiaverde-bio.shop\/hu\/wp-json\/wp\/v2\/product"}],"about":[{"href":"https:\/\/macchiaverde-bio.shop\/hu\/wp-json\/wp\/v2\/types\/product"}],"replies":[{"embeddable":true,"href":"https:\/\/macchiaverde-bio.shop\/hu\/wp-json\/wp\/v2\/comments?post=21608"}],"wp:featuredmedia":[{"embeddable":true,"href":"https:\/\/macchiaverde-bio.shop\/hu\/wp-json\/wp\/v2\/media\/21609"}],"wp:attachment":[{"href":"https:\/\/macchiaverde-bio.shop\/hu\/wp-json\/wp\/v2\/media?parent=21608"}],"wp:term":[{"taxonomy":"product_brand","embeddable":true,"href":"https:\/\/macchiaverde-bio.shop\/hu\/wp-json\/wp\/v2\/product_brand?post=21608"},{"taxonomy":"product_cat","embeddable":true,"href":"https:\/\/macchiaverde-bio.shop\/hu\/wp-json\/wp\/v2\/product_cat?post=21608"},{"taxonomy":"product_tag","embeddable":true,"href":"https:\/\/macchiaverde-bio.shop\/hu\/wp-json\/wp\/v2\/product_tag?post=21608"}],"curies":[{"name":"wp","href":"https:\/\/api.w.org\/{rel}","templated":true}]}}