{"id":21604,"date":"2022-12-22T22:43:48","date_gmt":"2022-12-22T21:43:48","guid":{"rendered":"https:\/\/macchiaverde-bio.shop\/produkt\/bio-olivaolaj-lo-smeraldo-12-x-250-ml-es-palackok\/"},"modified":"2022-12-22T22:43:48","modified_gmt":"2022-12-22T21:43:48","slug":"bio-olivaolaj-lo-smeraldo-12-x-250-ml-es-palackok","status":"publish","type":"product","link":"https:\/\/macchiaverde-bio.shop\/hu\/produkt\/bio-olivaolaj-lo-smeraldo-12-x-250-ml-es-palackok\/","title":{"rendered":"Bio ol\u00edvaolaj \u2013 Lo Smeraldo \u2013 12 x 250 ml-es palackok"},"content":{"rendered":"","protected":false},"excerpt":{"rendered":"<p><strong>&#8211; 12 palackos doboz &#8211;<\/strong><\/p>\n<p id=\"tw-target-text\" class=\"tw-data-text tw-text-large tw-ta\" dir=\"ltr\" data-placeholder=\"\u00dcbersetzung\"><span lang=\"de\">A Smeraldo gazdag z\u00f6ld ol\u00edvaolaj \u00e9s kiv\u00e1l\u00f3 min\u0151s\u00e9g\u0171 test, 100%-ban Coratina olajbogy\u00f3b\u00f3l k\u00e9sz\u00fcl. \u00c9vr\u0151l \u00e9vre r\u00e9szt vett az \u00f6sszes hazai \u00e9s nemzetk\u00f6zi versenyen, \u00e9s platina \u00e9remig jutalmazt\u00e1k a &#8222;Full fruity&#8221; \u00e9s &#8222;Health Claim&#8221; kateg\u00f3ri\u00e1kban, csatlakozva a nemzetk\u00f6zi ol\u00edvaolaj-termel\u00e9s d\u00edjazottjaihoz. <\/span><\/p>\n<p class=\"tw-data-text tw-text-large tw-ta\" dir=\"ltr\" data-placeholder=\"\u00dcbersetzung\"><span lang=\"de\">A <strong>Coratina ol\u00edva<\/strong> kiz\u00e1r\u00f3lagos felhaszn\u00e1l\u00e1s\u00e1nak k\u00f6sz\u00f6nhet\u0151en a Smeraldot <strong>magas<\/strong> <strong>polifenoltartalma<\/strong> jellemzi. Mindenekel\u0151tt a magas polifenoltartalom <strong>intenz\u00edv, gy\u00fcm\u00f6lcs\u00f6s \u00e9s friss<\/strong> \u00edzt ad a Coratina olajnak. Az ol\u00edvaolaj illata finom \u00e9s nem felt\u0171n\u0151, j\u00f3l \u00e9rezhet\u0151 az \u00edzletes nyers gy\u00fcm\u00f6lcs \u00e9s a friss z\u00f6ld mandula jegyei.  <\/span><\/p>\n<p dir=\"ltr\" data-placeholder=\"\u00dcbersetzung\">A Smeraldo ide\u00e1lis <strong>pizz\u00e1hoz<\/strong> \u00e9s <strong>els\u0151<\/strong> fog\u00e1sokhoz, de focacci\u00e1hoz, <strong>kekszekhez<\/strong> \u00e9s <strong>grill\u00e9telekhez<\/strong> is. Az ol\u00edvaolaj ide\u00e1lis <strong>p\u00e1col\u00e1shoz, grillez\u00e9shez<\/strong> \u00e9s kapszul\u00e1z\u00e1shoz is, mert a nagy mennyis\u00e9g\u0171 polifenol m\u00e9lyen behatol a h\u00fasba, \u00e9s sz\u00e1ll\u00edtja a n\u00f6v\u00e9nyek arom\u00e1it. <\/p>\n","protected":false},"featured_media":21605,"comment_status":"closed","ping_status":"closed","template":"","meta":[],"product_brand":[],"product_cat":[1563],"product_tag":[],"class_list":{"0":"post-21604","1":"product","2":"type-product","3":"status-publish","4":"has-post-thumbnail","6":"product_cat-olivaolajos-uevegek","8":"first","9":"instock","10":"taxable","11":"shipping-taxable","12":"purchasable","13":"product-type-simple"},"_links":{"self":[{"href":"https:\/\/macchiaverde-bio.shop\/hu\/wp-json\/wp\/v2\/product\/21604","targetHints":{"allow":["GET"]}}],"collection":[{"href":"https:\/\/macchiaverde-bio.shop\/hu\/wp-json\/wp\/v2\/product"}],"about":[{"href":"https:\/\/macchiaverde-bio.shop\/hu\/wp-json\/wp\/v2\/types\/product"}],"replies":[{"embeddable":true,"href":"https:\/\/macchiaverde-bio.shop\/hu\/wp-json\/wp\/v2\/comments?post=21604"}],"wp:featuredmedia":[{"embeddable":true,"href":"https:\/\/macchiaverde-bio.shop\/hu\/wp-json\/wp\/v2\/media\/21605"}],"wp:attachment":[{"href":"https:\/\/macchiaverde-bio.shop\/hu\/wp-json\/wp\/v2\/media?parent=21604"}],"wp:term":[{"taxonomy":"product_brand","embeddable":true,"href":"https:\/\/macchiaverde-bio.shop\/hu\/wp-json\/wp\/v2\/product_brand?post=21604"},{"taxonomy":"product_cat","embeddable":true,"href":"https:\/\/macchiaverde-bio.shop\/hu\/wp-json\/wp\/v2\/product_cat?post=21604"},{"taxonomy":"product_tag","embeddable":true,"href":"https:\/\/macchiaverde-bio.shop\/hu\/wp-json\/wp\/v2\/product_tag?post=21604"}],"curies":[{"name":"wp","href":"https:\/\/api.w.org\/{rel}","templated":true}]}}