{"id":21602,"date":"2022-12-22T22:53:08","date_gmt":"2022-12-22T21:53:08","guid":{"rendered":"https:\/\/macchiaverde-bio.shop\/produkt\/olivaolajos-diszdoboz-keszlet-4x\/"},"modified":"2022-12-22T22:53:08","modified_gmt":"2022-12-22T21:53:08","slug":"olivaolajos-diszdoboz-keszlet-4x","status":"publish","type":"product","link":"https:\/\/macchiaverde-bio.shop\/hu\/produkt\/olivaolajos-diszdoboz-keszlet-4x\/","title":{"rendered":"Ol\u00edvaolajos d\u00edszdoboz k\u00e9szlet (4x)"},"content":{"rendered":"","protected":false},"excerpt":{"rendered":"<p><strong>&#8211; Ol\u00edvaolajos aj\u00e1nd\u00e9kdoboz szett (4x) &#8211; V\u00e1llalati \u00e9s mag\u00e1n<br \/>\n<\/strong><\/p>\n<p>Ez az \u00ednyenc d\u00edszdoboz telital\u00e1lat lesz, ha ig\u00e9nyes embereknek aj\u00e1nd\u00e9koz. A k\u00e9szlet a felk\u00edn\u00e1lt d\u00edszdobozok v\u00e1logat\u00e1s\u00e1t tartalmazza, v\u00e1lassz a \u00e9s a<br \/>\n Rendel\u00e9skor a megjegyz\u00e9s rovatban haszn\u00e1lja a k\u00f6vetkez\u0151 kifejez\u00e9st: <strong>Aj\u00e1nd\u00e9kdoboz 1<\/strong> <strong>x 4 vagy 2<\/strong> vagy mind a 4 dobozb\u00f3l v\u00e1logatott<\/p>\n<p><strong><br \/>\n<\/strong>\u00e1ltal pl. \u00edrja be: <strong>1 x 1 aj\u00e1nd\u00e9kdoboz<\/strong> <strong>, 2 x 1 d\u00edszdoboz, 3 x 1 d\u00edszdoboz, 4 x 1 d\u00edszdoboz<br \/>\n<\/strong><br \/>\n A Smeraldo gazdag, testes z\u00f6ld olaj a legmagasabb min\u0151s\u00e9gben<br \/>\n 100% Coratina olajbogy\u00f3b\u00f3l pr\u00e9selik. \u00c9vr\u0151l \u00e9vre r\u00e9szt vett minden nemzeti \u00e9s nemzetk\u00f6zi versenyen, \u00e9s platina\u00e9remig jutalmazt\u00e1k az eg\u00e9szs\u00e9gre vonatkoz\u00f3 \u00e1ll\u00edt\u00e1s \u00e9s a &#8222;teljesen gy\u00fcm\u00f6lcs\u00f6s&#8221; kateg\u00f3ri\u00e1ban. Ak\u00e1r 1081 mg\/kg polifenoltartalm\u00e1val (2021\/2022-es betakar\u00edt\u00e1s) a nemzetk\u00f6zi olajtermel\u00e9s \u00e9l\u00e9n \u00e1ll.<br \/>\n 1x Eliodoro, a legjobb min\u0151s\u00e9g\u0171 kiegyens\u00falyozott, aranys\u00e1rga olaj<br \/>\n 70% Coratina olajbogy\u00f3b\u00f3l \u00e9s 30% Ogliarola olajbogy\u00f3b\u00f3l k\u00e9sz\u00fcl. Minden hazai \u00e9s nemzetk\u00f6zi versenyen r\u00e9szt vett, \u00e9s arany\u00e9remig jutalmazt\u00e1k a &#8222;k\u00f6zepes gy\u00fcm\u00f6lcs\u00f6s&#8221; kateg\u00f3ri\u00e1ban.    <\/p>\n","protected":false},"featured_media":21603,"comment_status":"open","ping_status":"closed","template":"","meta":[],"product_brand":[],"product_cat":[1576,1563],"product_tag":[1577,1566,1567,1564],"class_list":{"0":"post-21602","1":"product","2":"type-product","3":"status-publish","4":"has-post-thumbnail","6":"product_cat-diszdobozok","7":"product_cat-olivaolajos-uevegek","8":"product_tag-ajanlat","9":"product_tag-gyuemoelcsoes","10":"product_tag-intenziv","11":"product_tag-olivaolaj","13":"first","14":"instock","15":"taxable","16":"shipping-taxable","17":"purchasable","18":"product-type-simple"},"_links":{"self":[{"href":"https:\/\/macchiaverde-bio.shop\/hu\/wp-json\/wp\/v2\/product\/21602","targetHints":{"allow":["GET"]}}],"collection":[{"href":"https:\/\/macchiaverde-bio.shop\/hu\/wp-json\/wp\/v2\/product"}],"about":[{"href":"https:\/\/macchiaverde-bio.shop\/hu\/wp-json\/wp\/v2\/types\/product"}],"replies":[{"embeddable":true,"href":"https:\/\/macchiaverde-bio.shop\/hu\/wp-json\/wp\/v2\/comments?post=21602"}],"wp:featuredmedia":[{"embeddable":true,"href":"https:\/\/macchiaverde-bio.shop\/hu\/wp-json\/wp\/v2\/media\/21603"}],"wp:attachment":[{"href":"https:\/\/macchiaverde-bio.shop\/hu\/wp-json\/wp\/v2\/media?parent=21602"}],"wp:term":[{"taxonomy":"product_brand","embeddable":true,"href":"https:\/\/macchiaverde-bio.shop\/hu\/wp-json\/wp\/v2\/product_brand?post=21602"},{"taxonomy":"product_cat","embeddable":true,"href":"https:\/\/macchiaverde-bio.shop\/hu\/wp-json\/wp\/v2\/product_cat?post=21602"},{"taxonomy":"product_tag","embeddable":true,"href":"https:\/\/macchiaverde-bio.shop\/hu\/wp-json\/wp\/v2\/product_tag?post=21602"}],"curies":[{"name":"wp","href":"https:\/\/api.w.org\/{rel}","templated":true}]}}