{"id":21598,"date":"2023-03-06T19:07:46","date_gmt":"2023-03-06T18:07:46","guid":{"rendered":"https:\/\/macchiaverde-bio.shop\/produkt\/fuszeres-olajbogyo-uevegben-1-kg-inyenc-minoseg-2x\/"},"modified":"2023-03-06T19:07:46","modified_gmt":"2023-03-06T18:07:46","slug":"fuszeres-olajbogyo-uevegben-1-kg-inyenc-minoseg-2x","status":"publish","type":"product","link":"https:\/\/macchiaverde-bio.shop\/hu\/produkt\/fuszeres-olajbogyo-uevegben-1-kg-inyenc-minoseg-2x\/","title":{"rendered":"F\u0171szeres olajbogy\u00f3 \u00fcvegben 1 kg &#8211; \u00ednyenc min\u0151s\u00e9g (2x)"},"content":{"rendered":"","protected":false},"excerpt":{"rendered":"<p><strong>Olajbogy\u00f3 \u00fcvegben, kimagozva \u00e9s p\u00e1colva 1 kg<\/strong><br \/>\n A MACCHIA VERDE olajbogy\u00f3 tiszt\u00e1n k\u00e9zm\u0171ves cs\u00facsterm\u00e9k, ezeket a helyi kis olajfajt\u00e1kat gondosan kimagozzuk, f\u0171szern\u00f6v\u00e9nyekkel \u00e9s chilivel savany\u00edtjuk, term\u00e9szetesen ol\u00edvaolajunk hozz\u00e1ad\u00e1s\u00e1val. Az ol\u00edvabogy\u00f3k mentesek mindenf\u00e9le vegyszeres manipul\u00e1ci\u00f3t\u00f3l, \u00e9s a hagyom\u00e1nyos szabv\u00e1nyok szerint dolgozz\u00e1k fel \u0151ket, bio Macchia Verde ol\u00edvaolajjal p\u00e1colj\u00e1k, ezt a f\u0171szeres olajat \u00e9rdemes az ol\u00edvabogy\u00f3 elfogyaszt\u00e1sa ut\u00e1n is haszn\u00e1lni. <\/p>\n","protected":false},"featured_media":21599,"comment_status":"open","ping_status":"closed","template":"","meta":[],"product_brand":[],"product_cat":[1578],"product_tag":[],"class_list":{"0":"post-21598","1":"product","2":"type-product","3":"status-publish","4":"has-post-thumbnail","6":"product_cat-olajbogyo","8":"first","9":"instock","10":"taxable","11":"shipping-taxable","12":"purchasable","13":"product-type-simple"},"_links":{"self":[{"href":"https:\/\/macchiaverde-bio.shop\/hu\/wp-json\/wp\/v2\/product\/21598","targetHints":{"allow":["GET"]}}],"collection":[{"href":"https:\/\/macchiaverde-bio.shop\/hu\/wp-json\/wp\/v2\/product"}],"about":[{"href":"https:\/\/macchiaverde-bio.shop\/hu\/wp-json\/wp\/v2\/types\/product"}],"replies":[{"embeddable":true,"href":"https:\/\/macchiaverde-bio.shop\/hu\/wp-json\/wp\/v2\/comments?post=21598"}],"wp:featuredmedia":[{"embeddable":true,"href":"https:\/\/macchiaverde-bio.shop\/hu\/wp-json\/wp\/v2\/media\/21599"}],"wp:attachment":[{"href":"https:\/\/macchiaverde-bio.shop\/hu\/wp-json\/wp\/v2\/media?parent=21598"}],"wp:term":[{"taxonomy":"product_brand","embeddable":true,"href":"https:\/\/macchiaverde-bio.shop\/hu\/wp-json\/wp\/v2\/product_brand?post=21598"},{"taxonomy":"product_cat","embeddable":true,"href":"https:\/\/macchiaverde-bio.shop\/hu\/wp-json\/wp\/v2\/product_cat?post=21598"},{"taxonomy":"product_tag","embeddable":true,"href":"https:\/\/macchiaverde-bio.shop\/hu\/wp-json\/wp\/v2\/product_tag?post=21598"}],"curies":[{"name":"wp","href":"https:\/\/api.w.org\/{rel}","templated":true}]}}