{"id":21594,"date":"2023-03-06T19:20:22","date_gmt":"2023-03-06T18:20:22","guid":{"rendered":"https:\/\/macchiaverde-bio.shop\/produkt\/nagy-toeltoett-olivabogyo-mandulaval-1-kg-os-uevegben-inyenc-minoseg-2x\/"},"modified":"2023-03-06T19:20:22","modified_gmt":"2023-03-06T18:20:22","slug":"nagy-toeltoett-olivabogyo-mandulaval-1-kg-os-uevegben-inyenc-minoseg-2x","status":"publish","type":"product","link":"https:\/\/macchiaverde-bio.shop\/hu\/produkt\/nagy-toeltoett-olivabogyo-mandulaval-1-kg-os-uevegben-inyenc-minoseg-2x\/","title":{"rendered":"Nagy t\u00f6lt\u00f6tt ol\u00edvabogy\u00f3 mandul\u00e1val 1 kg-os \u00fcvegben &#8211; \u00ednyenc min\u0151s\u00e9g (2x)"},"content":{"rendered":"","protected":false},"excerpt":{"rendered":"<p><strong>Mandul\u00e1val t\u00f6lt\u00f6tt nagy olajbogy\u00f3 1 kg<\/strong><br \/>\n A MACCHIA VERDE olajbogy\u00f3 tiszt\u00e1n k\u00e9zm\u0171ves, cs\u00facsmin\u0151s\u00e9g\u0171 term\u00e9k, ezt a helyi \u00ednyenc fajt\u00e1t gondosan kimagozz\u00e1k \u00e9s a &#8222;Filippo Cea&#8221; fajta mandul\u00e1val t\u00f6ltik meg (ezeket k\u00fcl\u00f6n is meg lehet v\u00e1s\u00e1rolni t\u0151l\u00fcnk). Az ol\u00edvabogy\u00f3k mentesek mindenf\u00e9le vegyszeres manipul\u00e1ci\u00f3t\u00f3l, \u00e9s a hagyom\u00e1nyos szabv\u00e1nyok szerint dolgozz\u00e1k fel \u0151ket, bio Macchia Verde ol\u00edvaolajjal p\u00e1colj\u00e1k, ezt a f\u0171szeres olajat \u00e9rdemes az ol\u00edvabogy\u00f3 elfogyaszt\u00e1sa ut\u00e1n is haszn\u00e1lni. <\/p>\n","protected":false},"featured_media":21595,"comment_status":"open","ping_status":"closed","template":"","meta":[],"product_brand":[],"product_cat":[1578],"product_tag":[],"class_list":{"0":"post-21594","1":"product","2":"type-product","3":"status-publish","4":"has-post-thumbnail","6":"product_cat-olajbogyo","8":"first","9":"instock","10":"taxable","11":"shipping-taxable","12":"purchasable","13":"product-type-simple"},"_links":{"self":[{"href":"https:\/\/macchiaverde-bio.shop\/hu\/wp-json\/wp\/v2\/product\/21594","targetHints":{"allow":["GET"]}}],"collection":[{"href":"https:\/\/macchiaverde-bio.shop\/hu\/wp-json\/wp\/v2\/product"}],"about":[{"href":"https:\/\/macchiaverde-bio.shop\/hu\/wp-json\/wp\/v2\/types\/product"}],"replies":[{"embeddable":true,"href":"https:\/\/macchiaverde-bio.shop\/hu\/wp-json\/wp\/v2\/comments?post=21594"}],"wp:featuredmedia":[{"embeddable":true,"href":"https:\/\/macchiaverde-bio.shop\/hu\/wp-json\/wp\/v2\/media\/21595"}],"wp:attachment":[{"href":"https:\/\/macchiaverde-bio.shop\/hu\/wp-json\/wp\/v2\/media?parent=21594"}],"wp:term":[{"taxonomy":"product_brand","embeddable":true,"href":"https:\/\/macchiaverde-bio.shop\/hu\/wp-json\/wp\/v2\/product_brand?post=21594"},{"taxonomy":"product_cat","embeddable":true,"href":"https:\/\/macchiaverde-bio.shop\/hu\/wp-json\/wp\/v2\/product_cat?post=21594"},{"taxonomy":"product_tag","embeddable":true,"href":"https:\/\/macchiaverde-bio.shop\/hu\/wp-json\/wp\/v2\/product_tag?post=21594"}],"curies":[{"name":"wp","href":"https:\/\/api.w.org\/{rel}","templated":true}]}}