{"id":21586,"date":"2023-03-06T19:25:46","date_gmt":"2023-03-06T18:25:46","guid":{"rendered":"https:\/\/macchiaverde-bio.shop\/produkt\/vegyes-olajbogyo-uevegben-1-kg-gourmet-minoseg-3x\/"},"modified":"2023-03-06T19:25:46","modified_gmt":"2023-03-06T18:25:46","slug":"vegyes-olajbogyo-uevegben-1-kg-gourmet-minoseg-3x","status":"publish","type":"product","link":"https:\/\/macchiaverde-bio.shop\/hu\/produkt\/vegyes-olajbogyo-uevegben-1-kg-gourmet-minoseg-3x\/","title":{"rendered":"Vegyes olajbogy\u00f3 \u00fcvegben 1 kg &#8211; Gourmet min\u0151s\u00e9g (3x)"},"content":{"rendered":"","protected":false},"excerpt":{"rendered":"<p><strong>Vegyes olajbogy\u00f3 \u00fcvegben 1 kg &#8211; Gourmet min\u0151s\u00e9g (3x)<\/strong><br \/>\n Az \u00ednyenceknek mindh\u00e1rom fajt\u00e1b\u00f3l \u00e1ll\u00f3 k\u00e9szlet:<br \/>\n 1x olajbogy\u00f3<br \/>\n 1x mandul\u00e1val t\u00f6lt\u00f6tt olajbogy\u00f3<br \/>\n 1x f\u0171szeres olajbogy\u00f3<\/p>\n","protected":false},"featured_media":21587,"comment_status":"open","ping_status":"closed","template":"","meta":[],"product_brand":[],"product_cat":[1578],"product_tag":[],"class_list":{"0":"post-21586","1":"product","2":"type-product","3":"status-publish","4":"has-post-thumbnail","6":"product_cat-olajbogyo","8":"first","9":"instock","10":"taxable","11":"shipping-taxable","12":"purchasable","13":"product-type-simple"},"_links":{"self":[{"href":"https:\/\/macchiaverde-bio.shop\/hu\/wp-json\/wp\/v2\/product\/21586","targetHints":{"allow":["GET"]}}],"collection":[{"href":"https:\/\/macchiaverde-bio.shop\/hu\/wp-json\/wp\/v2\/product"}],"about":[{"href":"https:\/\/macchiaverde-bio.shop\/hu\/wp-json\/wp\/v2\/types\/product"}],"replies":[{"embeddable":true,"href":"https:\/\/macchiaverde-bio.shop\/hu\/wp-json\/wp\/v2\/comments?post=21586"}],"wp:featuredmedia":[{"embeddable":true,"href":"https:\/\/macchiaverde-bio.shop\/hu\/wp-json\/wp\/v2\/media\/21587"}],"wp:attachment":[{"href":"https:\/\/macchiaverde-bio.shop\/hu\/wp-json\/wp\/v2\/media?parent=21586"}],"wp:term":[{"taxonomy":"product_brand","embeddable":true,"href":"https:\/\/macchiaverde-bio.shop\/hu\/wp-json\/wp\/v2\/product_brand?post=21586"},{"taxonomy":"product_cat","embeddable":true,"href":"https:\/\/macchiaverde-bio.shop\/hu\/wp-json\/wp\/v2\/product_cat?post=21586"},{"taxonomy":"product_tag","embeddable":true,"href":"https:\/\/macchiaverde-bio.shop\/hu\/wp-json\/wp\/v2\/product_tag?post=21586"}],"curies":[{"name":"wp","href":"https:\/\/api.w.org\/{rel}","templated":true}]}}