{"id":21584,"date":"2023-03-23T17:15:53","date_gmt":"2023-03-23T16:15:53","guid":{"rendered":"https:\/\/macchiaverde-bio.shop\/produkt\/olivaolaj-ajandekdoboz-3-olaj-es-olajbogyo\/"},"modified":"2023-03-23T17:15:53","modified_gmt":"2023-03-23T16:15:53","slug":"olivaolaj-ajandekdoboz-3-olaj-es-olajbogyo","status":"publish","type":"product","link":"https:\/\/macchiaverde-bio.shop\/hu\/produkt\/olivaolaj-ajandekdoboz-3-olaj-es-olajbogyo\/","title":{"rendered":"Ol\u00edvaolaj aj\u00e1nd\u00e9kdoboz 3 Olaj \u00e9s olajbogy\u00f3"},"content":{"rendered":"","protected":false},"excerpt":{"rendered":"<p><strong>&#8211; Aj\u00e1nd\u00e9kcsomag ol\u00edvaolaj \u00e9s ol\u00edvabogy\u00f3 &#8211;<\/strong><br \/>\n Ez az \u00ednyenc d\u00edszdoboz telital\u00e1lat lesz, ha ig\u00e9nyes embereknek aj\u00e1nd\u00e9koz. Egy 500 ml-es \u00fcveg Smeraldo pr\u00e9mium olajunk van benne<br \/>\n \u00e9s p\u00e1colt olajbogy\u00f3 v\u00e1laszt\u00e9kunk: mandul\u00e1val t\u00f6lt\u00f6tt nagy z\u00f6ld ol\u00edvabogy\u00f3, f\u0171szeres f\u0171szerez\u00e9ssel f\u0171szerezett vegyes kimagozott kis olajbogy\u00f3 \u00e9s bab\u00e9rolajos Termiti di Bitetto \u00ednyenc fajta.<br \/>\n Mindent bio ol\u00edvaolajunkkal p\u00e1coltunk.<br \/>\n 1 x Smeraldo, gazdag, testes z\u00f6ld olaj a legmagasabb min\u0151s\u00e9gben<br \/>\n 100% Coratina olajbogy\u00f3b\u00f3l pr\u00e9selik. \u00c9vr\u0151l \u00e9vre r\u00e9szt vett minden hazai \u00e9s nemzetk\u00f6zi versenyen, \u00e9s platina\u00e9remig jutalmazt\u00e1k az eg\u00e9szs\u00e9gre vonatkoz\u00f3 \u00e1ll\u00edt\u00e1s \u00e9s a &#8222;teljesen gy\u00fcm\u00f6lcs\u00f6s&#8221; kateg\u00f3ri\u00e1ban. 1080 mg\/kg polifenoltartalm\u00e1val (2019\/2020-as betakar\u00edt\u00e1s) a nemzetk\u00f6zi olajtermel\u00e9s \u00e9l\u00e9n \u00e1ll.<\/p>\n","protected":false},"featured_media":21585,"comment_status":"open","ping_status":"closed","template":"","meta":[],"product_brand":[],"product_cat":[1576,1563],"product_tag":[1577,1566,1567,1564],"class_list":{"0":"post-21584","1":"product","2":"type-product","3":"status-publish","4":"has-post-thumbnail","6":"product_cat-diszdobozok","7":"product_cat-olivaolajos-uevegek","8":"product_tag-ajanlat","9":"product_tag-gyuemoelcsoes","10":"product_tag-intenziv","11":"product_tag-olivaolaj","13":"first","14":"instock","15":"taxable","16":"shipping-taxable","17":"purchasable","18":"product-type-simple"},"_links":{"self":[{"href":"https:\/\/macchiaverde-bio.shop\/hu\/wp-json\/wp\/v2\/product\/21584","targetHints":{"allow":["GET"]}}],"collection":[{"href":"https:\/\/macchiaverde-bio.shop\/hu\/wp-json\/wp\/v2\/product"}],"about":[{"href":"https:\/\/macchiaverde-bio.shop\/hu\/wp-json\/wp\/v2\/types\/product"}],"replies":[{"embeddable":true,"href":"https:\/\/macchiaverde-bio.shop\/hu\/wp-json\/wp\/v2\/comments?post=21584"}],"wp:featuredmedia":[{"embeddable":true,"href":"https:\/\/macchiaverde-bio.shop\/hu\/wp-json\/wp\/v2\/media\/21585"}],"wp:attachment":[{"href":"https:\/\/macchiaverde-bio.shop\/hu\/wp-json\/wp\/v2\/media?parent=21584"}],"wp:term":[{"taxonomy":"product_brand","embeddable":true,"href":"https:\/\/macchiaverde-bio.shop\/hu\/wp-json\/wp\/v2\/product_brand?post=21584"},{"taxonomy":"product_cat","embeddable":true,"href":"https:\/\/macchiaverde-bio.shop\/hu\/wp-json\/wp\/v2\/product_cat?post=21584"},{"taxonomy":"product_tag","embeddable":true,"href":"https:\/\/macchiaverde-bio.shop\/hu\/wp-json\/wp\/v2\/product_tag?post=21584"}],"curies":[{"name":"wp","href":"https:\/\/api.w.org\/{rel}","templated":true}]}}