{"id":21577,"date":"2023-03-23T17:21:13","date_gmt":"2023-03-23T16:21:13","guid":{"rendered":"https:\/\/macchiaverde-bio.shop\/produkt\/olivaolaj-ajandekdoboz-4-olaj-es-pasztak\/"},"modified":"2023-03-23T17:21:13","modified_gmt":"2023-03-23T16:21:13","slug":"olivaolaj-ajandekdoboz-4-olaj-es-pasztak","status":"publish","type":"product","link":"https:\/\/macchiaverde-bio.shop\/hu\/produkt\/olivaolaj-ajandekdoboz-4-olaj-es-pasztak\/","title":{"rendered":"Ol\u00edvaolaj aj\u00e1nd\u00e9kdoboz 4 olaj \u00e9s paszt\u00e1k"},"content":{"rendered":"","protected":false},"excerpt":{"rendered":"<p><strong>&#8211; Aj\u00e1nd\u00e9kcsomag ol\u00edvaolaj \u00e9s kenhet\u0151 &#8211;<\/strong><br \/>\n Ez az \u00ednyenc d\u00edszdoboz telital\u00e1lat lesz, ha ig\u00e9nyes embereknek aj\u00e1nd\u00e9koz. Egy 500 ml-es \u00fcveg Eliodoro pr\u00e9mium olajunk van benne<br \/>\n \u00e9s kenhet\u0151 paszta v\u00e1laszt\u00e9kunk: z\u00f6ld ol\u00edvabogy\u00f3, sz\u00e1r\u00edtott paradicsom \u00e9s f\u0171szeres z\u00f6lds\u00e9gek.<br \/>\n Mindent bio ol\u00edvaolajunkkal k\u00e9sz\u00edtett\u00fcnk. Az 1x Eliodoro, a legjobb min\u0151s\u00e9g\u0171 kiegyens\u00falyozott, aranys\u00e1rga olaj 70% Coratina \u00e9s 30% Ogliarola olajbogy\u00f3b\u00f3l k\u00e9sz\u00fcl. Minden hazai \u00e9s nemzetk\u00f6zi versenyen r\u00e9szt vett, \u00e9s arany\u00e9remig jutalmazt\u00e1k a &#8222;k\u00f6zepes gy\u00fcm\u00f6lcs\u00f6s&#8221; kateg\u00f3ri\u00e1ban.<\/p>\n","protected":false},"featured_media":21578,"comment_status":"open","ping_status":"closed","template":"","meta":[],"product_brand":[],"product_cat":[1576,1563],"product_tag":[1577,1566,1567,1564],"class_list":{"0":"post-21577","1":"product","2":"type-product","3":"status-publish","4":"has-post-thumbnail","6":"product_cat-diszdobozok","7":"product_cat-olivaolajos-uevegek","8":"product_tag-ajanlat","9":"product_tag-gyuemoelcsoes","10":"product_tag-intenziv","11":"product_tag-olivaolaj","13":"first","14":"instock","15":"taxable","16":"shipping-taxable","17":"purchasable","18":"product-type-simple"},"_links":{"self":[{"href":"https:\/\/macchiaverde-bio.shop\/hu\/wp-json\/wp\/v2\/product\/21577","targetHints":{"allow":["GET"]}}],"collection":[{"href":"https:\/\/macchiaverde-bio.shop\/hu\/wp-json\/wp\/v2\/product"}],"about":[{"href":"https:\/\/macchiaverde-bio.shop\/hu\/wp-json\/wp\/v2\/types\/product"}],"replies":[{"embeddable":true,"href":"https:\/\/macchiaverde-bio.shop\/hu\/wp-json\/wp\/v2\/comments?post=21577"}],"wp:featuredmedia":[{"embeddable":true,"href":"https:\/\/macchiaverde-bio.shop\/hu\/wp-json\/wp\/v2\/media\/21578"}],"wp:attachment":[{"href":"https:\/\/macchiaverde-bio.shop\/hu\/wp-json\/wp\/v2\/media?parent=21577"}],"wp:term":[{"taxonomy":"product_brand","embeddable":true,"href":"https:\/\/macchiaverde-bio.shop\/hu\/wp-json\/wp\/v2\/product_brand?post=21577"},{"taxonomy":"product_cat","embeddable":true,"href":"https:\/\/macchiaverde-bio.shop\/hu\/wp-json\/wp\/v2\/product_cat?post=21577"},{"taxonomy":"product_tag","embeddable":true,"href":"https:\/\/macchiaverde-bio.shop\/hu\/wp-json\/wp\/v2\/product_tag?post=21577"}],"curies":[{"name":"wp","href":"https:\/\/api.w.org\/{rel}","templated":true}]}}