{"id":21568,"date":"2020-01-12T21:59:11","date_gmt":"2020-01-12T20:59:11","guid":{"rendered":"https:\/\/macchiaverde-bio.shop\/produkt\/oliva-oil-trio-kostolokeszlet-3-x-500-ml\/"},"modified":"2025-02-25T18:26:43","modified_gmt":"2025-02-25T17:26:43","slug":"oliva-oil-trio-kostolokeszlet-3-x-500-ml","status":"publish","type":"product","link":"https:\/\/macchiaverde-bio.shop\/hu\/produkt\/oliva-oil-trio-kostolokeszlet-3-x-500-ml\/","title":{"rendered":"Oliva Oil Trio &#8211; K\u00f3stol\u00f3k\u00e9szlet &#8211; 3 x 500 ml"},"content":{"rendered":"","protected":false},"excerpt":{"rendered":"<p>Ol\u00edvaolajos kezd\u0151k\u00e9szlet 3 bio ol\u00edvaolajunkkal a bizonytalanoknak! Egy-egy 500 ml-es &#8222;Smeraldo&#8221;, &#8222;Eliodoro&#8221; \u00e9s 500 ml-es &#8222;Classico&#8221; palack kipr\u00f3b\u00e1l\u00e1sra. D\u00f6ntse el, hogy a 3 olaj k\u00f6z\u00fcl melyiket szereti a legjobban.  <\/p>\n","protected":false},"featured_media":21572,"comment_status":"open","ping_status":"closed","template":"","meta":[],"product_brand":[],"product_cat":[1571,1563],"product_tag":[1573,1564,1574,1572],"class_list":{"0":"post-21568","1":"product","2":"type-product","3":"status-publish","4":"has-post-thumbnail","6":"product_cat-kueloenleges-ajanlatok","7":"product_cat-olivaolajos-uevegek","8":"product_tag-mintakeszlet","9":"product_tag-olivaolaj","10":"product_tag-rendeles","11":"product_tag-szerves","13":"first","14":"instock","15":"taxable","16":"shipping-taxable","17":"purchasable","18":"product-type-simple"},"_links":{"self":[{"href":"https:\/\/macchiaverde-bio.shop\/hu\/wp-json\/wp\/v2\/product\/21568","targetHints":{"allow":["GET"]}}],"collection":[{"href":"https:\/\/macchiaverde-bio.shop\/hu\/wp-json\/wp\/v2\/product"}],"about":[{"href":"https:\/\/macchiaverde-bio.shop\/hu\/wp-json\/wp\/v2\/types\/product"}],"replies":[{"embeddable":true,"href":"https:\/\/macchiaverde-bio.shop\/hu\/wp-json\/wp\/v2\/comments?post=21568"}],"wp:featuredmedia":[{"embeddable":true,"href":"https:\/\/macchiaverde-bio.shop\/hu\/wp-json\/wp\/v2\/media\/21572"}],"wp:attachment":[{"href":"https:\/\/macchiaverde-bio.shop\/hu\/wp-json\/wp\/v2\/media?parent=21568"}],"wp:term":[{"taxonomy":"product_brand","embeddable":true,"href":"https:\/\/macchiaverde-bio.shop\/hu\/wp-json\/wp\/v2\/product_brand?post=21568"},{"taxonomy":"product_cat","embeddable":true,"href":"https:\/\/macchiaverde-bio.shop\/hu\/wp-json\/wp\/v2\/product_cat?post=21568"},{"taxonomy":"product_tag","embeddable":true,"href":"https:\/\/macchiaverde-bio.shop\/hu\/wp-json\/wp\/v2\/product_tag?post=21568"}],"curies":[{"name":"wp","href":"https:\/\/api.w.org\/{rel}","templated":true}]}}