{"id":21560,"date":"2019-12-09T18:20:33","date_gmt":"2019-12-09T17:20:33","guid":{"rendered":"https:\/\/macchiaverde-bio.shop\/produkt\/bio-olivaolaj-leliodoro-palackok-6-x-250-ml\/"},"modified":"2019-12-09T18:20:33","modified_gmt":"2019-12-09T17:20:33","slug":"bio-olivaolaj-leliodoro-palackok-6-x-250-ml","status":"publish","type":"product","link":"https:\/\/macchiaverde-bio.shop\/hu\/produkt\/bio-olivaolaj-leliodoro-palackok-6-x-250-ml\/","title":{"rendered":"Bio ol\u00edvaolaj &#8211; L&#8217;Eliodoro &#8211; Palackok 6 x 250 ml"},"content":{"rendered":"","protected":false},"excerpt":{"rendered":"<p>OLIO EXTRA<br \/>\n SZ\u0170Z OL\u00cdV &#8211; FAGYASZTOTT K\u00c9REM &#8211; <strong>6 PALAKKOS DOBOZ &#8211;<\/strong> Az Eliodoro egy kiegyens\u00falyozott, aranys\u00e1rga, kiv\u00e1l\u00f3 min\u0151s\u00e9g\u0171 olaj, 70% Coratina ol\u00edvabogy\u00f3b\u00f3l \u00e9s 30% Ogliarol\u00e1b\u00f3l k\u00e9sz\u00fclt. Orsz\u00e1gos \u00e9s nemzetk\u00f6zi versenyeken d\u00edjazott, &#8222;K\u00f6zepes gy\u00fcm\u00f6lcs&#8221; kateg\u00f3ri\u00e1ban ez\u00fcst\u00e9remmel, 714 mg\/kg polifenol tartalm\u00e1val pedig kateg\u00f3ri\u00e1ja egyik legjobbja.<\/p>\n","protected":false},"featured_media":21562,"comment_status":"open","ping_status":"closed","template":"","meta":[],"product_brand":[],"product_cat":[1563],"product_tag":[1566,1567,1564],"class_list":{"0":"post-21560","1":"product","2":"type-product","3":"status-publish","4":"has-post-thumbnail","6":"product_cat-olivaolajos-uevegek","7":"product_tag-gyuemoelcsoes","8":"product_tag-intenziv","9":"product_tag-olivaolaj","11":"first","12":"instock","13":"taxable","14":"shipping-taxable","15":"purchasable","16":"product-type-simple"},"_links":{"self":[{"href":"https:\/\/macchiaverde-bio.shop\/hu\/wp-json\/wp\/v2\/product\/21560","targetHints":{"allow":["GET"]}}],"collection":[{"href":"https:\/\/macchiaverde-bio.shop\/hu\/wp-json\/wp\/v2\/product"}],"about":[{"href":"https:\/\/macchiaverde-bio.shop\/hu\/wp-json\/wp\/v2\/types\/product"}],"replies":[{"embeddable":true,"href":"https:\/\/macchiaverde-bio.shop\/hu\/wp-json\/wp\/v2\/comments?post=21560"}],"wp:featuredmedia":[{"embeddable":true,"href":"https:\/\/macchiaverde-bio.shop\/hu\/wp-json\/wp\/v2\/media\/21562"}],"wp:attachment":[{"href":"https:\/\/macchiaverde-bio.shop\/hu\/wp-json\/wp\/v2\/media?parent=21560"}],"wp:term":[{"taxonomy":"product_brand","embeddable":true,"href":"https:\/\/macchiaverde-bio.shop\/hu\/wp-json\/wp\/v2\/product_brand?post=21560"},{"taxonomy":"product_cat","embeddable":true,"href":"https:\/\/macchiaverde-bio.shop\/hu\/wp-json\/wp\/v2\/product_cat?post=21560"},{"taxonomy":"product_tag","embeddable":true,"href":"https:\/\/macchiaverde-bio.shop\/hu\/wp-json\/wp\/v2\/product_tag?post=21560"}],"curies":[{"name":"wp","href":"https:\/\/api.w.org\/{rel}","templated":true}]}}