{"id":21559,"date":"2019-12-09T18:40:29","date_gmt":"2019-12-09T17:40:29","guid":{"rendered":"https:\/\/macchiaverde-bio.shop\/produkt\/bio-olivaolaj-leliodoro-palackok-3-x-500-ml\/"},"modified":"2019-12-09T18:40:29","modified_gmt":"2019-12-09T17:40:29","slug":"bio-olivaolaj-leliodoro-palackok-3-x-500-ml","status":"publish","type":"product","link":"https:\/\/macchiaverde-bio.shop\/hu\/produkt\/bio-olivaolaj-leliodoro-palackok-3-x-500-ml\/","title":{"rendered":"Bio ol\u00edvaolaj &#8211; L&#8217;Eliodoro &#8211; Palackok 3 x 500 ml"},"content":{"rendered":"","protected":false},"excerpt":{"rendered":"<p>EXTRA SZ\u00dcZ OL\u00cdVAOLAJ<br \/>\n \u2013 HIDEG SAJTOTT \u2013 <strong>\u2013 3 \u00fcveges doboz \u2013<\/strong><br \/>\n Kiv\u00e1l\u00f3 min\u0151s\u00e9g\u0171, extra oszt\u00e1ly\u00fa ol\u00edvaolaj, amelyet k\u00f6zvetlen\u00fcl ol\u00edvabogy\u00f3inkb\u00f3l nyernek, \u00e9s csak mechanikai elj\u00e1r\u00e1sokkal. EXTRA VERGINE MACCHIA VERDE BIO ol\u00edvaolajunk egy k\u00e9zm\u0171ves term\u00e9k, amely a hagyom\u00e1ny, a szenved\u00e9ly \u00e9s a f\u00f6ld ir\u00e1nti szeretet gy\u00fcm\u00f6lcs\u00e9b\u0151l k\u00e9sz\u00fcl. Kiz\u00e1r\u00f3lag bio olajbogy\u00f3b\u00f3l nyerik a term\u00e9szet \u00e9s a k\u00f6rnyezet v\u00e9delme \u00e9rdek\u00e9ben, \u00e9s a termel\u00e9s minden szakasz\u00e1ban gondosan ellen\u0151rzik.<\/p>\n","protected":false},"featured_media":21561,"comment_status":"open","ping_status":"closed","template":"","meta":[],"product_brand":[],"product_cat":[1563],"product_tag":[1566,1567,1564],"class_list":{"0":"post-21559","1":"product","2":"type-product","3":"status-publish","4":"has-post-thumbnail","6":"product_cat-olivaolajos-uevegek","7":"product_tag-gyuemoelcsoes","8":"product_tag-intenziv","9":"product_tag-olivaolaj","11":"first","12":"instock","13":"taxable","14":"shipping-taxable","15":"purchasable","16":"product-type-simple"},"_links":{"self":[{"href":"https:\/\/macchiaverde-bio.shop\/hu\/wp-json\/wp\/v2\/product\/21559","targetHints":{"allow":["GET"]}}],"collection":[{"href":"https:\/\/macchiaverde-bio.shop\/hu\/wp-json\/wp\/v2\/product"}],"about":[{"href":"https:\/\/macchiaverde-bio.shop\/hu\/wp-json\/wp\/v2\/types\/product"}],"replies":[{"embeddable":true,"href":"https:\/\/macchiaverde-bio.shop\/hu\/wp-json\/wp\/v2\/comments?post=21559"}],"wp:featuredmedia":[{"embeddable":true,"href":"https:\/\/macchiaverde-bio.shop\/hu\/wp-json\/wp\/v2\/media\/21561"}],"wp:attachment":[{"href":"https:\/\/macchiaverde-bio.shop\/hu\/wp-json\/wp\/v2\/media?parent=21559"}],"wp:term":[{"taxonomy":"product_brand","embeddable":true,"href":"https:\/\/macchiaverde-bio.shop\/hu\/wp-json\/wp\/v2\/product_brand?post=21559"},{"taxonomy":"product_cat","embeddable":true,"href":"https:\/\/macchiaverde-bio.shop\/hu\/wp-json\/wp\/v2\/product_cat?post=21559"},{"taxonomy":"product_tag","embeddable":true,"href":"https:\/\/macchiaverde-bio.shop\/hu\/wp-json\/wp\/v2\/product_tag?post=21559"}],"curies":[{"name":"wp","href":"https:\/\/api.w.org\/{rel}","templated":true}]}}